{"id":211738,"date":"2018-10-29T00:21:15","date_gmt":"2018-10-29T00:21:15","guid":{"rendered":"https:\/\/www.delicias-uk.com\/product\/bala-de-coco-benno-90g\/"},"modified":"2025-12-10T19:25:47","modified_gmt":"2025-12-10T19:25:47","slug":"bala-de-coco-benno-90g","status":"publish","type":"product","link":"https:\/\/www.delicias-uk.com\/pt-pt\/produto\/bala-de-coco-benno-90g\/","title":{"rendered":"Bala de Coco Benno 90g"},"content":{"rendered":"<p>Delicie-se com a do\u00e7ura tropical dos rebu\u00e7ados de coco Benno, uma guloseima que se desfaz na boca, repleta de um rico sabor a coco. Feitos com coco ralado premium e cuidadosamente misturados com os melhores ingredientes, estes doces oferecem uma textura macia e borracha que traz uma do\u00e7ura deliciosa a cada dentada.<\/p>\n<p><strong>Ingredientes<\/strong>: A\u00e7\u00facar refinado (40%), coco ralado desidratado, t\u00e1rtaro e aroma artificial.<\/p>\n<p><strong>Alerg\u00e9nios<\/strong>: nenhum<\/p>\n<p><strong>Informa\u00e7\u00e3o nutricional por 100g:<\/strong><\/p>\n<ul style=\"list-style-type:disc;\">\n<li>Energia 336 Kj\/80 kcal<\/li>\n<li>Gorduras 0,5g<\/li>\n<li>dos quais saturados 0,2g<\/li>\n<li>Hidratos de carbono 40g<\/li>\n<li>dos quais a\u00e7\u00facares 38g<\/li>\n<li>Prote\u00ednas 0,6g<\/li>\n<li>Fibra 0g<\/li>\n<li>Sal 0g<\/li>\n<\/ul>\n<p><strong>Pa\u00eds de origem<\/strong>: Brasil.<\/p>\n<p><em>Devido a poss\u00edveis altera\u00e7\u00f5es nas embalagens e\/ou r\u00f3tulos, deve sempre considerar a informa\u00e7\u00e3o que acompanha o produto que recebe.<\/em><\/p>\n","protected":false},"excerpt":{"rendered":"<ul style=\"list-style-type:disc;\">\n<li>Peso l\u00edquido 90g<\/li>\n<li>Bala sabor coco<\/li>\n<li>Produto Brasileiro<\/li>\n<\/ul>\n","protected":false},"author":43533,"featured_media":84446,"comment_status":"open","ping_status":"closed","template":"","meta":[],"pwb-brand":[],"product_brand":[],"product_cat":[8289,8293,8385,8503],"product_tag":[],"class_list":{"0":"post-211738","1":"product","2":"type-product","3":"status-publish","4":"has-post-thumbnail","6":"product_cat-inicio","7":"product_cat-produtos-brasileiros","8":"product_cat-confeitaria-pt-pt","9":"product_cat-doces","11":"first","12":"instock","13":"taxable","14":"shipping-taxable","15":"purchasable","16":"product-type-simple"},"aioseo_notices":[],"brands":[],"_links":{"self":[{"href":"https:\/\/www.delicias-uk.com\/pt-pt\/wp-json\/wp\/v2\/product\/211738","targetHints":{"allow":["GET"]}}],"collection":[{"href":"https:\/\/www.delicias-uk.com\/pt-pt\/wp-json\/wp\/v2\/product"}],"about":[{"href":"https:\/\/www.delicias-uk.com\/pt-pt\/wp-json\/wp\/v2\/types\/product"}],"author":[{"embeddable":true,"href":"https:\/\/www.delicias-uk.com\/pt-pt\/wp-json\/wp\/v2\/users\/43533"}],"replies":[{"embeddable":true,"href":"https:\/\/www.delicias-uk.com\/pt-pt\/wp-json\/wp\/v2\/comments?post=211738"}],"wp:featuredmedia":[{"embeddable":true,"href":"https:\/\/www.delicias-uk.com\/pt-pt\/wp-json\/wp\/v2\/media\/84446"}],"wp:attachment":[{"href":"https:\/\/www.delicias-uk.com\/pt-pt\/wp-json\/wp\/v2\/media?parent=211738"}],"wp:term":[{"taxonomy":"pwb-brand","embeddable":true,"href":"https:\/\/www.delicias-uk.com\/pt-pt\/wp-json\/wp\/v2\/pwb-brand?post=211738"},{"taxonomy":"product_brand","embeddable":true,"href":"https:\/\/www.delicias-uk.com\/pt-pt\/wp-json\/wp\/v2\/product_brand?post=211738"},{"taxonomy":"product_cat","embeddable":true,"href":"https:\/\/www.delicias-uk.com\/pt-pt\/wp-json\/wp\/v2\/product_cat?post=211738"},{"taxonomy":"product_tag","embeddable":true,"href":"https:\/\/www.delicias-uk.com\/pt-pt\/wp-json\/wp\/v2\/product_tag?post=211738"}],"curies":[{"name":"wp","href":"https:\/\/api.w.org\/{rel}","templated":true}]}}