{"id":211720,"date":"2025-04-07T09:13:55","date_gmt":"2025-04-07T08:13:55","guid":{"rendered":"https:\/\/www.delicias-uk.com\/?post_type=product&#038;p=211720"},"modified":"2026-02-24T11:56:26","modified_gmt":"2026-02-24T11:56:26","slug":"palmito-hemmer-acai-tolete-300gr-x-1","status":"publish","type":"product","link":"https:\/\/www.delicias-uk.com\/pt-pt\/produto\/palmito-hemmer-acai-tolete-300gr-x-1\/","title":{"rendered":"Palmito A\u00e7a\u00ed Salada Amazonia 300g"},"content":{"rendered":"<p style=\"margin-top: 0pt; margin-bottom: 0pt; margin-left: 0in;\"><span style=\"font-size: 10pt; font-family: Calibri;\">Nas saladas \u00e9 que o palmito encontra sua maior utiliza\u00e7\u00e3o. Na forma de toletes cortados em meios ou em quartos, fatiados ou mesmo picados, enobrece os pratos. Adequado para cobertura de pizzas, \u00e9 ingrediente tamb\u00e9m de recheio de empadas, empad\u00f5es, past\u00e9is, tortas frias e sopas<\/span><span style=\"font-size: 10pt; font-family: Calibri;\">.<\/span><\/p>\n<p style=\"margin-top: 0pt; margin-bottom: 0pt; margin-left: 0in;\">\n<p style=\"margin-top: 0pt; margin-bottom: 0pt; margin-left: 0in;\"><span style=\"font-size: 10pt; font-family: Calibri;\">O palmito tem alto valor nutritivo e poucas calorias, fibras e ainda cont\u00e9m c\u00e1lcio, magn\u00e9sio, f\u00f3sforo e vitamina C al\u00e9m de boa quantidade de pot\u00e1ssio.<\/span><\/p>\n<p style=\"margin-top: 0pt; margin-bottom: 0pt; margin-left: 0in;\"><span style=\"font-size: 10pt; font-family: Calibri;\">Ingredientes :<\/span><\/p>\n<p style=\"margin-top: 0pt; margin-bottom: 0pt; margin-left: 0in;\"><span style=\"font-size: 10pt; font-family: Calibri;\">Palmito a\u00e7a\u00ed tolete, \u00e1gua, sal e acidulante \u00e1cido c\u00edtrico. N\u00c3O CONT\u00c9M GL\u00daTEN.<\/span><\/p>\n","protected":false},"excerpt":{"rendered":"<p>Nas saladas \u00e9 que o palmito encontra sua maior utiliza\u00e7\u00e3o. Na forma de toletes cortados em meios ou em quartos, fatiados ou mesmo picados, enobrece os pratos. Adequado para cobertura de pizzas, \u00e9 ingrediente tamb\u00e9m de recheio de empadas, empad\u00f5es, past\u00e9is, tortas frias e sopas. O palmito tem alto valor nutritivo e poucas calorias, fibras [&hellip;]<\/p>\n","protected":false},"author":43533,"featured_media":222911,"comment_status":"open","ping_status":"closed","template":"","meta":[],"pwb-brand":[],"product_brand":[],"product_cat":[8289,8293,8409,8549],"product_tag":[],"class_list":{"0":"post-211720","1":"product","2":"type-product","3":"status-publish","4":"has-post-thumbnail","6":"product_cat-inicio","7":"product_cat-produtos-brasileiros","8":"product_cat-temperos-molhos-e-legumes","9":"product_cat-legumes","11":"first","12":"instock","13":"taxable","14":"shipping-taxable","15":"purchasable","16":"product-type-simple"},"aioseo_notices":[],"brands":[],"_links":{"self":[{"href":"https:\/\/www.delicias-uk.com\/pt-pt\/wp-json\/wp\/v2\/product\/211720","targetHints":{"allow":["GET"]}}],"collection":[{"href":"https:\/\/www.delicias-uk.com\/pt-pt\/wp-json\/wp\/v2\/product"}],"about":[{"href":"https:\/\/www.delicias-uk.com\/pt-pt\/wp-json\/wp\/v2\/types\/product"}],"author":[{"embeddable":true,"href":"https:\/\/www.delicias-uk.com\/pt-pt\/wp-json\/wp\/v2\/users\/43533"}],"replies":[{"embeddable":true,"href":"https:\/\/www.delicias-uk.com\/pt-pt\/wp-json\/wp\/v2\/comments?post=211720"}],"wp:featuredmedia":[{"embeddable":true,"href":"https:\/\/www.delicias-uk.com\/pt-pt\/wp-json\/wp\/v2\/media\/222911"}],"wp:attachment":[{"href":"https:\/\/www.delicias-uk.com\/pt-pt\/wp-json\/wp\/v2\/media?parent=211720"}],"wp:term":[{"taxonomy":"pwb-brand","embeddable":true,"href":"https:\/\/www.delicias-uk.com\/pt-pt\/wp-json\/wp\/v2\/pwb-brand?post=211720"},{"taxonomy":"product_brand","embeddable":true,"href":"https:\/\/www.delicias-uk.com\/pt-pt\/wp-json\/wp\/v2\/product_brand?post=211720"},{"taxonomy":"product_cat","embeddable":true,"href":"https:\/\/www.delicias-uk.com\/pt-pt\/wp-json\/wp\/v2\/product_cat?post=211720"},{"taxonomy":"product_tag","embeddable":true,"href":"https:\/\/www.delicias-uk.com\/pt-pt\/wp-json\/wp\/v2\/product_tag?post=211720"}],"curies":[{"name":"wp","href":"https:\/\/api.w.org\/{rel}","templated":true}]}}