{"id":211712,"date":"2018-10-13T22:23:23","date_gmt":"2018-10-13T22:23:23","guid":{"rendered":"https:\/\/www.delicias-uk.com\/product\/barriga-fumada-em-tiras-prisca-150g\/"},"modified":"2026-02-23T14:01:42","modified_gmt":"2026-02-23T14:01:42","slug":"barriga-fumada-em-tiras-prisca-150g","status":"publish","type":"product","link":"https:\/\/www.delicias-uk.com\/pt-pt\/produto\/barriga-fumada-em-tiras-prisca-150g\/","title":{"rendered":"Barriga Fumada em Tiras Prisca 150g"},"content":{"rendered":"<p>Escolher a melhor barriga de porco \u00e9 a etapa inicial do conhecimento transmitido de gera\u00e7\u00e3o em gera\u00e7\u00e3o. Desfrute da Barriga Fumada da Casa da Prisca. Desfrute de um sabor com personalidade, onde os condimentos e especiarias utilizados conferem um final de boca requintado e agrad\u00e1vel. Uma excelente op\u00e7\u00e3o para fatiar bem fininho e envolver na tosta acompanhada de um pouco de Pasta de Tomate Casa da Prisca. Aventure-se e reviva sabores ancestrais e tipicamente portugueses. A Barriga Salgada continua a fazer as del\u00edcias de muitos consumidores revivalistas que valorizam melhorar a sua utiliza\u00e7\u00e3o nas mais diversas aventuras culin\u00e1rias.<\/p>\n<p><strong>Ingredientes<\/strong>: Barriga de porco (96%), sal, dextrose, antioxidante (E301, E331, E325), Emulsionante (E451), hemoglobina de porco, conservante (E250, E252).<\/p>\n<p><strong>Alerg\u00e9nios<\/strong>: Nenhum<\/p>\n<p><strong>Informa\u00e7\u00e3o nutricional por 100g:<\/strong><\/p>\n<ul style=\"list-style-type:disc;\">\n<li>Valor energ\u00e9tico (Kj\/ Kcal): 1184\/285<\/li>\n<li>L\u00edpidos (g): 22,4<\/li>\n<li>Dos quais saturados (g): 9<\/li>\n<li>Hidratos de carbono (g): &lt;1<\/li>\n<li>Dos quais a\u00e7\u00facares (g): &lt;0,1<\/li>\n<li>Fibras Alimentares (g): &lt;1<\/li>\n<li>Prote\u00ednas (g): 21,9<\/li>\n<li>Sal (g): 3,1675<\/li>\n<\/ul>\n<p><strong>Pa\u00eds de origem<\/strong>: Portugal.<\/p>\n","protected":false},"excerpt":{"rendered":"<ul style=\"list-style-type:disc;\">\n<li>Peso l\u00edquido 150g<\/li>\n<li>Barriga de porco fumada<\/li>\n<li>Fonte de prote\u00edna<\/li>\n<\/ul>\n","protected":false},"author":43533,"featured_media":84378,"comment_status":"open","ping_status":"closed","template":"","meta":[],"pwb-brand":[],"product_brand":[],"product_cat":[8289,8291,8337,8661,8499,8539],"product_tag":[],"class_list":{"0":"post-211712","1":"product","2":"type-product","3":"status-publish","4":"has-post-thumbnail","6":"product_cat-inicio","7":"product_cat-produtos-portugueses","8":"product_cat-charcutaria","9":"product_cat-bacon-pt-pt","10":"product_cat-sem-glutem","11":"product_cat-sem-lactose","13":"first","14":"instock","15":"taxable","16":"shipping-taxable","17":"purchasable","18":"product-type-simple"},"aioseo_notices":[],"brands":[],"_links":{"self":[{"href":"https:\/\/www.delicias-uk.com\/pt-pt\/wp-json\/wp\/v2\/product\/211712","targetHints":{"allow":["GET"]}}],"collection":[{"href":"https:\/\/www.delicias-uk.com\/pt-pt\/wp-json\/wp\/v2\/product"}],"about":[{"href":"https:\/\/www.delicias-uk.com\/pt-pt\/wp-json\/wp\/v2\/types\/product"}],"author":[{"embeddable":true,"href":"https:\/\/www.delicias-uk.com\/pt-pt\/wp-json\/wp\/v2\/users\/43533"}],"replies":[{"embeddable":true,"href":"https:\/\/www.delicias-uk.com\/pt-pt\/wp-json\/wp\/v2\/comments?post=211712"}],"wp:featuredmedia":[{"embeddable":true,"href":"https:\/\/www.delicias-uk.com\/pt-pt\/wp-json\/wp\/v2\/media\/84378"}],"wp:attachment":[{"href":"https:\/\/www.delicias-uk.com\/pt-pt\/wp-json\/wp\/v2\/media?parent=211712"}],"wp:term":[{"taxonomy":"pwb-brand","embeddable":true,"href":"https:\/\/www.delicias-uk.com\/pt-pt\/wp-json\/wp\/v2\/pwb-brand?post=211712"},{"taxonomy":"product_brand","embeddable":true,"href":"https:\/\/www.delicias-uk.com\/pt-pt\/wp-json\/wp\/v2\/product_brand?post=211712"},{"taxonomy":"product_cat","embeddable":true,"href":"https:\/\/www.delicias-uk.com\/pt-pt\/wp-json\/wp\/v2\/product_cat?post=211712"},{"taxonomy":"product_tag","embeddable":true,"href":"https:\/\/www.delicias-uk.com\/pt-pt\/wp-json\/wp\/v2\/product_tag?post=211712"}],"curies":[{"name":"wp","href":"https:\/\/api.w.org\/{rel}","templated":true}]}}