{"id":211706,"date":"2018-10-11T11:52:47","date_gmt":"2018-10-11T10:52:47","guid":{"rendered":"https:\/\/www.delicias-uk.com\/product\/agua-sabor-frutos-vermelhos-pedras-salgadas-250ml-x-4\/"},"modified":"2026-05-06T17:10:55","modified_gmt":"2026-05-06T16:10:55","slug":"agua-gaseificada-pedras-salgadas-sabor-acai-garrafa-de-vidro-250ml-x-4","status":"publish","type":"product","link":"https:\/\/www.delicias-uk.com\/pt-pt\/produto\/agua-gaseificada-pedras-salgadas-sabor-acai-garrafa-de-vidro-250ml-x-4\/","title":{"rendered":"\u00c1gua Gaseificada Pedras Salgadas Sabor Acai Garrafa de Vidro 250ml x 4"},"content":{"rendered":"<p data-start=\"33\" data-end=\"277\">A refrescante \u00c1gua das Pedras combina agora o sabor ex\u00f3tico e intenso do a\u00e7a\u00ed com a sua mineralidade natural \u00fanica. Uma bebida gaseificada leve e equilibrada, perfeita para quem procura uma alternativa diferenciada e refrescante no dia a dia.<\/p>\n<p data-start=\"279\" data-end=\"439\">Com um perfil frutado e ligeiramente tropical, \u00c1gua das Pedras A\u00e7a\u00ed oferece uma experi\u00eancia surpreendente, ideal para consumir bem fresca em qualquer ocasi\u00e3o.<\/p>\n<ul>\n<li data-start=\"441\" data-end=\"600\">\u00c1gua mineral naturalmente gaseificada<\/li>\n<li data-start=\"441\" data-end=\"600\">Sabor suave e refrescante de a\u00e7a\u00ed<\/li>\n<li data-start=\"441\" data-end=\"600\">Sem conservantes artificiais<\/li>\n<li data-start=\"441\" data-end=\"600\">Formato pr\u00e1tico 4-pack em garrafa de vidro<\/li>\n<\/ul>\n<p data-start=\"602\" data-end=\"706\" data-is-last-node=\"\" data-is-only-node=\"\">Ideal para acompanhar refei\u00e7\u00f5es, momentos de lazer ou servir como op\u00e7\u00e3o premium de bebidas refrescantes.<\/p>\n","protected":false},"excerpt":{"rendered":"<ul>\n<li data-start=\"441\" data-end=\"600\">\u00c1gua mineral naturalmente gaseificada<\/li>\n<li data-start=\"441\" data-end=\"600\">Sabor suave e refrescante de a\u00e7a\u00ed<\/li>\n<li data-start=\"441\" data-end=\"600\">Sem conservantes artificiais<\/li>\n<li data-start=\"441\" data-end=\"600\">Formato pr\u00e1tico 4-pack em garrafa de vidro<\/li>\n<\/ul>\n","protected":false},"author":43533,"featured_media":254220,"comment_status":"open","ping_status":"closed","template":"","meta":[],"pwb-brand":[],"product_brand":[],"product_cat":[8289,8291,8423,8587,8499,8539],"product_tag":[],"class_list":{"0":"post-211706","1":"product","2":"type-product","3":"status-publish","4":"has-post-thumbnail","6":"product_cat-inicio","7":"product_cat-produtos-portugueses","8":"product_cat-bebidas-pt-pt","9":"product_cat-agua","10":"product_cat-sem-glutem","11":"product_cat-sem-lactose","13":"first","14":"instock","15":"taxable","16":"shipping-taxable","17":"purchasable","18":"product-type-simple"},"aioseo_notices":[],"brands":[],"_links":{"self":[{"href":"https:\/\/www.delicias-uk.com\/pt-pt\/wp-json\/wp\/v2\/product\/211706","targetHints":{"allow":["GET"]}}],"collection":[{"href":"https:\/\/www.delicias-uk.com\/pt-pt\/wp-json\/wp\/v2\/product"}],"about":[{"href":"https:\/\/www.delicias-uk.com\/pt-pt\/wp-json\/wp\/v2\/types\/product"}],"author":[{"embeddable":true,"href":"https:\/\/www.delicias-uk.com\/pt-pt\/wp-json\/wp\/v2\/users\/43533"}],"replies":[{"embeddable":true,"href":"https:\/\/www.delicias-uk.com\/pt-pt\/wp-json\/wp\/v2\/comments?post=211706"}],"wp:featuredmedia":[{"embeddable":true,"href":"https:\/\/www.delicias-uk.com\/pt-pt\/wp-json\/wp\/v2\/media\/254220"}],"wp:attachment":[{"href":"https:\/\/www.delicias-uk.com\/pt-pt\/wp-json\/wp\/v2\/media?parent=211706"}],"wp:term":[{"taxonomy":"pwb-brand","embeddable":true,"href":"https:\/\/www.delicias-uk.com\/pt-pt\/wp-json\/wp\/v2\/pwb-brand?post=211706"},{"taxonomy":"product_brand","embeddable":true,"href":"https:\/\/www.delicias-uk.com\/pt-pt\/wp-json\/wp\/v2\/product_brand?post=211706"},{"taxonomy":"product_cat","embeddable":true,"href":"https:\/\/www.delicias-uk.com\/pt-pt\/wp-json\/wp\/v2\/product_cat?post=211706"},{"taxonomy":"product_tag","embeddable":true,"href":"https:\/\/www.delicias-uk.com\/pt-pt\/wp-json\/wp\/v2\/product_tag?post=211706"}],"curies":[{"name":"wp","href":"https:\/\/api.w.org\/{rel}","templated":true}]}}