{"id":211696,"date":"2018-10-01T01:02:40","date_gmt":"2018-10-01T01:02:40","guid":{"rendered":"https:\/\/www.delicias-uk.com\/product\/carapau-nuri-em-azeite-picante-125g\/"},"modified":"2026-01-31T19:43:46","modified_gmt":"2026-01-31T19:43:46","slug":"carapau-nuri-em-azeite-picante-125g","status":"publish","type":"product","link":"https:\/\/www.delicias-uk.com\/pt-pt\/produto\/carapau-nuri-em-azeite-picante-125g\/","title":{"rendered":"Carapau em Azeite Picante Nuri 125g"},"content":{"rendered":"<p><strong>Ingredientes:<\/strong> Carapau (72%), azeite (22%), pepino, malagueta (2%), cenoura, sal, cravinho, pimenta preta e louro.<\/p>\n<p>NURI \u00e9 uma das marcas mais antigas e ic\u00f3nicas da Pinhais &amp; C\u00b0 Lda. Mas por que o nome NURI? S\u00e3o duas hist\u00f3rias&#8230; Uma \u00e9 sobre a rea\u00e7\u00e3o de um \u00e1rabe ao abrir uma lata. Vendo como as sardinhas brilhavam, exclamou &#8220;NURI!&#8221; o que significa brilhante, um s\u00edmbolo de pureza e perfei\u00e7\u00e3o em sua linguagem. Para os verdadeiros rom\u00e2nticos, a 2\u00aa hist\u00f3ria gira em torno de um dos fundadores da empresa. Sendo um homem viajado, falava 4 l\u00ednguas e era respons\u00e1vel pela promo\u00e7\u00e3o das nossas sardinhas artesanais nos mercados externos. Em uma de suas viagens \u00e0 Espanha, ele se apaixonou por uma linda mulher chamada &#8211; &#8220;NURIA&#8221;. Agora cabe a voc\u00ea escolher uma das hist\u00f3rias em que acreditar..<\/p>\n","protected":false},"excerpt":{"rendered":"<ul style=\"list-style-type:disc;\">\n<li>Embalagem de 125g<\/li>\n<li>Carapau enlatada em azeite picante<\/li>\n<li>Nuri, uma marca Portuguesa<\/li>\n<li>Mais de 100 anos de tradi\u00e7\u00e3o<\/li>\n<\/ul>\n","protected":false},"author":43533,"featured_media":84344,"comment_status":"open","ping_status":"closed","template":"","meta":[],"pwb-brand":[],"product_brand":[],"product_cat":[9325,8289,8291,8411,8513],"product_tag":[],"class_list":{"0":"post-211696","1":"product","2":"type-product","3":"status-publish","4":"has-post-thumbnail","6":"product_cat-pickles-conservas","7":"product_cat-inicio","8":"product_cat-produtos-portugueses","9":"product_cat-conservas","10":"product_cat-cavala","12":"first","13":"instock","14":"taxable","15":"shipping-taxable","16":"purchasable","17":"product-type-simple"},"aioseo_notices":[],"brands":[],"_links":{"self":[{"href":"https:\/\/www.delicias-uk.com\/pt-pt\/wp-json\/wp\/v2\/product\/211696","targetHints":{"allow":["GET"]}}],"collection":[{"href":"https:\/\/www.delicias-uk.com\/pt-pt\/wp-json\/wp\/v2\/product"}],"about":[{"href":"https:\/\/www.delicias-uk.com\/pt-pt\/wp-json\/wp\/v2\/types\/product"}],"author":[{"embeddable":true,"href":"https:\/\/www.delicias-uk.com\/pt-pt\/wp-json\/wp\/v2\/users\/43533"}],"replies":[{"embeddable":true,"href":"https:\/\/www.delicias-uk.com\/pt-pt\/wp-json\/wp\/v2\/comments?post=211696"}],"wp:featuredmedia":[{"embeddable":true,"href":"https:\/\/www.delicias-uk.com\/pt-pt\/wp-json\/wp\/v2\/media\/84344"}],"wp:attachment":[{"href":"https:\/\/www.delicias-uk.com\/pt-pt\/wp-json\/wp\/v2\/media?parent=211696"}],"wp:term":[{"taxonomy":"pwb-brand","embeddable":true,"href":"https:\/\/www.delicias-uk.com\/pt-pt\/wp-json\/wp\/v2\/pwb-brand?post=211696"},{"taxonomy":"product_brand","embeddable":true,"href":"https:\/\/www.delicias-uk.com\/pt-pt\/wp-json\/wp\/v2\/product_brand?post=211696"},{"taxonomy":"product_cat","embeddable":true,"href":"https:\/\/www.delicias-uk.com\/pt-pt\/wp-json\/wp\/v2\/product_cat?post=211696"},{"taxonomy":"product_tag","embeddable":true,"href":"https:\/\/www.delicias-uk.com\/pt-pt\/wp-json\/wp\/v2\/product_tag?post=211696"}],"curies":[{"name":"wp","href":"https:\/\/api.w.org\/{rel}","templated":true}]}}