{"id":211534,"date":"2018-03-19T13:35:51","date_gmt":"2018-03-19T13:35:51","guid":{"rendered":"https:\/\/www.delicias-uk.com\/product\/fried-tomato-diamir-in-glass-jar-550g-2\/"},"modified":"2018-03-19T13:35:51","modified_gmt":"2018-03-19T13:35:51","slug":"fried-tomato-diamir-in-glass-jar-550g-2","status":"publish","type":"product","link":"https:\/\/www.delicias-uk.com\/pt-pt\/produto\/fried-tomato-diamir-in-glass-jar-550g-2\/","title":{"rendered":"Tomate Frito Marzo Frasco 540g"},"content":{"rendered":"<p style=\"margin-top:0pt;margin-bottom:0pt;margin-left:0in;text-align:left;\"><span class=\"jCAhz ChMk0b\" style=\"background-color:#ffffff;\"><span class=\"ryNqvb\">Tomates fritos sem adi\u00e7\u00e3o de \u00e1gua, feitos de tomates frescos coletados em seu ponto \u00f3timo de matura\u00e7\u00e3o.<\/span><\/span><span style=\"background-color:#ffffff;\">\u00a0<\/span><span class=\"jCAhz ChMk0b\" style=\"background-color:#ffffff;\"><span class=\"ryNqvb\">Um tomate ideal para cozinhar os pratos mais deliciosos.<\/span><\/span><\/p>\n","protected":false},"excerpt":{"rendered":"<p>Tomates fritos sem adi\u00e7\u00e3o de \u00e1gua, feitos de tomates frescos coletados em seu ponto \u00f3timo de matura\u00e7\u00e3o.\u00a0Um tomate ideal para cozinhar os pratos mais deliciosos.<\/p>\n","protected":false},"author":43533,"featured_media":193493,"comment_status":"open","ping_status":"closed","template":"","meta":[],"pwb-brand":[],"product_brand":[],"product_cat":[8321,8593],"product_tag":[],"class_list":{"0":"post-211534","1":"product","2":"type-product","3":"status-publish","4":"has-post-thumbnail","6":"product_cat-especiais-do-mes-pt-pt-produtos-espanhois","7":"product_cat-tomates","9":"first","10":"outofstock","11":"featured","12":"taxable","13":"shipping-taxable","14":"purchasable","15":"product-type-simple"},"aioseo_notices":[],"brands":[],"_links":{"self":[{"href":"https:\/\/www.delicias-uk.com\/pt-pt\/wp-json\/wp\/v2\/product\/211534","targetHints":{"allow":["GET"]}}],"collection":[{"href":"https:\/\/www.delicias-uk.com\/pt-pt\/wp-json\/wp\/v2\/product"}],"about":[{"href":"https:\/\/www.delicias-uk.com\/pt-pt\/wp-json\/wp\/v2\/types\/product"}],"author":[{"embeddable":true,"href":"https:\/\/www.delicias-uk.com\/pt-pt\/wp-json\/wp\/v2\/users\/43533"}],"replies":[{"embeddable":true,"href":"https:\/\/www.delicias-uk.com\/pt-pt\/wp-json\/wp\/v2\/comments?post=211534"}],"wp:featuredmedia":[{"embeddable":true,"href":"https:\/\/www.delicias-uk.com\/pt-pt\/wp-json\/wp\/v2\/media\/193493"}],"wp:attachment":[{"href":"https:\/\/www.delicias-uk.com\/pt-pt\/wp-json\/wp\/v2\/media?parent=211534"}],"wp:term":[{"taxonomy":"pwb-brand","embeddable":true,"href":"https:\/\/www.delicias-uk.com\/pt-pt\/wp-json\/wp\/v2\/pwb-brand?post=211534"},{"taxonomy":"product_brand","embeddable":true,"href":"https:\/\/www.delicias-uk.com\/pt-pt\/wp-json\/wp\/v2\/product_brand?post=211534"},{"taxonomy":"product_cat","embeddable":true,"href":"https:\/\/www.delicias-uk.com\/pt-pt\/wp-json\/wp\/v2\/product_cat?post=211534"},{"taxonomy":"product_tag","embeddable":true,"href":"https:\/\/www.delicias-uk.com\/pt-pt\/wp-json\/wp\/v2\/product_tag?post=211534"}],"curies":[{"name":"wp","href":"https:\/\/api.w.org\/{rel}","templated":true}]}}