{"id":211500,"date":"2018-03-06T13:52:34","date_gmt":"2018-03-06T13:52:34","guid":{"rendered":"https:\/\/www.delicias-uk.com\/product\/qta-d-avo-piri-piri-extra-hot-95ml\/"},"modified":"2026-03-16T14:38:17","modified_gmt":"2026-03-16T14:38:17","slug":"qta-d-avo-piri-piri-extra-hot-95ml","status":"publish","type":"product","link":"https:\/\/www.delicias-uk.com\/pt-pt\/produto\/qta-d-avo-piri-piri-extra-hot-95ml\/","title":{"rendered":"Piri-Piri Extra Picante Quinta D&#8217;Avo 95ml"},"content":{"rendered":"<p>Este \u00e9 um molho picante puro Piri-piri, tipo Cayenne, igual ao Frank\u2019s Red Hot \u00ae e mais espesso que o Tabasco \u00ae.<\/p>\n<p><strong>Ingredientes<\/strong>: Pimenta malagueta, vinagre de frutas, sal, alho e especiarias. Utilizamos uma mistura de diferentes tipos de pimentas provenientes de Portugal e da Am\u00e9rica Central. <strong>Cont\u00e9m sulfitos.<\/strong><\/p>\n","protected":false},"excerpt":{"rendered":"<ul style=\"list-style-type:disc\">\n<li>Sem adi\u00e7\u00e3o de \u00e1gua, cores ou sabores<\/li>\n<li>Sem adi\u00e7\u00e3o de conservantes (os sulfitos v\u00eam com o vinagre de frutas)<\/li>\n<li>Sem estabilizadores adicionados<\/li>\n<li>Sem MSG, EDTA, gordura, colesterol<\/li>\n<li>Certificado IFS<\/li>\n<li>Adequado para veganos e vegetarianos<\/li>\n<li>Sem gl\u00faten e sem OGM<\/li>\n<li>Fabricado na Europa<\/li>\n<\/ul>\n","protected":false},"author":43533,"featured_media":226557,"comment_status":"open","ping_status":"closed","template":"","meta":[],"pwb-brand":[],"product_brand":[],"product_cat":[8811],"product_tag":[],"class_list":{"0":"post-211500","1":"product","2":"type-product","3":"status-publish","4":"has-post-thumbnail","6":"product_cat-piri-piri-pt-pt","8":"first","9":"outofstock","10":"taxable","11":"shipping-taxable","12":"purchasable","13":"product-type-simple"},"aioseo_notices":[],"brands":[],"_links":{"self":[{"href":"https:\/\/www.delicias-uk.com\/pt-pt\/wp-json\/wp\/v2\/product\/211500","targetHints":{"allow":["GET"]}}],"collection":[{"href":"https:\/\/www.delicias-uk.com\/pt-pt\/wp-json\/wp\/v2\/product"}],"about":[{"href":"https:\/\/www.delicias-uk.com\/pt-pt\/wp-json\/wp\/v2\/types\/product"}],"author":[{"embeddable":true,"href":"https:\/\/www.delicias-uk.com\/pt-pt\/wp-json\/wp\/v2\/users\/43533"}],"replies":[{"embeddable":true,"href":"https:\/\/www.delicias-uk.com\/pt-pt\/wp-json\/wp\/v2\/comments?post=211500"}],"wp:featuredmedia":[{"embeddable":true,"href":"https:\/\/www.delicias-uk.com\/pt-pt\/wp-json\/wp\/v2\/media\/226557"}],"wp:attachment":[{"href":"https:\/\/www.delicias-uk.com\/pt-pt\/wp-json\/wp\/v2\/media?parent=211500"}],"wp:term":[{"taxonomy":"pwb-brand","embeddable":true,"href":"https:\/\/www.delicias-uk.com\/pt-pt\/wp-json\/wp\/v2\/pwb-brand?post=211500"},{"taxonomy":"product_brand","embeddable":true,"href":"https:\/\/www.delicias-uk.com\/pt-pt\/wp-json\/wp\/v2\/product_brand?post=211500"},{"taxonomy":"product_cat","embeddable":true,"href":"https:\/\/www.delicias-uk.com\/pt-pt\/wp-json\/wp\/v2\/product_cat?post=211500"},{"taxonomy":"product_tag","embeddable":true,"href":"https:\/\/www.delicias-uk.com\/pt-pt\/wp-json\/wp\/v2\/product_tag?post=211500"}],"curies":[{"name":"wp","href":"https:\/\/api.w.org\/{rel}","templated":true}]}}