{"id":211490,"date":"2017-12-15T14:24:44","date_gmt":"2017-12-15T14:24:44","guid":{"rendered":"https:\/\/www.delicias-uk.com\/product\/madeira-wine-hmborges-tinta-negra-2005-50cl-2\/"},"modified":"2017-12-15T14:24:44","modified_gmt":"2017-12-15T14:24:44","slug":"madeira-wine-hmborges-tinta-negra-2005-50cl-2","status":"publish","type":"product","link":"https:\/\/www.delicias-uk.com\/pt-pt\/produto\/madeira-wine-hmborges-tinta-negra-2005-50cl-2\/","title":{"rendered":"Madeira Tinta Negra D&#8217;Oliveiras 2005 50cl"},"content":{"rendered":"<p style=\"margin-top:0pt;margin-bottom:0pt;text-align:left;vertical-align:baseline;\"><span style=\"font-size:12pt;font-family:'Calibri Light';color:#000000;\">Produzido 100% a partir de uvas Tinta Negra cultivadas na costa sul da ilha e envelhecido em cascos de carvalho americano de 650 litros, este \u00e9 um vinho vintage \u00fanico da onipresente Tinta Negra. Apresenta um aroma intenso, reminiscente de madeiras ex\u00f3ticas, com notas de mel, tabaco, especiarias e am\u00eandoas torradas, seguido de um sabor rico, profundo e complexo.<\/span><\/p>\n<p style=\"margin-top:0pt;margin-bottom:0pt;text-align:left;vertical-align:baseline;\"><span style=\"font-size:12pt;font-family:'Calibri Light';color:#000000;\">Garrafa<\/span><span style=\"font-size:12pt;font-family:'Calibri Light';color:#000000;\">: 750 ml<\/span><\/p>\n<p style=\"margin-top:0pt;margin-bottom:0pt;text-align:left;vertical-align:baseline;\"><span style=\"font-size:12pt;font-family:'Calibri Light';color:#000000;\">Teor<\/span><span style=\"font-size:12pt;font-family:'Calibri Light';color:#000000;\"> <\/span><span style=\"font-size:12pt;font-family:'Calibri Light';color:#000000;\">Alco\u00f3lico<\/span><span style=\"font-size:12pt;font-family:'Calibri Light';color:#000000;\">: 20.0%<\/span><\/p>\n<p style=\"margin-top:0pt;margin-bottom:0pt;text-align:left;vertical-align:baseline;\"><span style=\"font-size:12pt;font-family:'Calibri Light';color:#000000;\">Safra <\/span><span style=\"font-size:12pt;font-family:'Calibri Light';color:#000000;\">atual: 2005<\/span><\/p>\n","protected":false},"excerpt":{"rendered":"<p>Produzido 100% a partir de uvas Tinta Negra cultivadas na costa sul da ilha e envelhecido em cascos de carvalho americano de 650 litros, este \u00e9 um vinho vintage \u00fanico da onipresente Tinta Negra. Apresenta um aroma intenso, reminiscente de madeiras ex\u00f3ticas, com notas de mel, tabaco, especiarias e am\u00eandoas torradas, seguido de um sabor [&hellip;]<\/p>\n","protected":false},"author":43533,"featured_media":83988,"comment_status":"open","ping_status":"closed","template":"","meta":[],"pwb-brand":[],"product_brand":[],"product_cat":[8289,8291,8431,8609],"product_tag":[],"class_list":{"0":"post-211490","1":"product","2":"type-product","3":"status-publish","4":"has-post-thumbnail","6":"product_cat-inicio","7":"product_cat-produtos-portugueses","8":"product_cat-vinhos-pt-pt","9":"product_cat-madeira","11":"first","12":"outofstock","13":"taxable","14":"shipping-taxable","15":"purchasable","16":"product-type-simple"},"aioseo_notices":[],"brands":[],"_links":{"self":[{"href":"https:\/\/www.delicias-uk.com\/pt-pt\/wp-json\/wp\/v2\/product\/211490","targetHints":{"allow":["GET"]}}],"collection":[{"href":"https:\/\/www.delicias-uk.com\/pt-pt\/wp-json\/wp\/v2\/product"}],"about":[{"href":"https:\/\/www.delicias-uk.com\/pt-pt\/wp-json\/wp\/v2\/types\/product"}],"author":[{"embeddable":true,"href":"https:\/\/www.delicias-uk.com\/pt-pt\/wp-json\/wp\/v2\/users\/43533"}],"replies":[{"embeddable":true,"href":"https:\/\/www.delicias-uk.com\/pt-pt\/wp-json\/wp\/v2\/comments?post=211490"}],"wp:featuredmedia":[{"embeddable":true,"href":"https:\/\/www.delicias-uk.com\/pt-pt\/wp-json\/wp\/v2\/media\/83988"}],"wp:attachment":[{"href":"https:\/\/www.delicias-uk.com\/pt-pt\/wp-json\/wp\/v2\/media?parent=211490"}],"wp:term":[{"taxonomy":"pwb-brand","embeddable":true,"href":"https:\/\/www.delicias-uk.com\/pt-pt\/wp-json\/wp\/v2\/pwb-brand?post=211490"},{"taxonomy":"product_brand","embeddable":true,"href":"https:\/\/www.delicias-uk.com\/pt-pt\/wp-json\/wp\/v2\/product_brand?post=211490"},{"taxonomy":"product_cat","embeddable":true,"href":"https:\/\/www.delicias-uk.com\/pt-pt\/wp-json\/wp\/v2\/product_cat?post=211490"},{"taxonomy":"product_tag","embeddable":true,"href":"https:\/\/www.delicias-uk.com\/pt-pt\/wp-json\/wp\/v2\/product_tag?post=211490"}],"curies":[{"name":"wp","href":"https:\/\/api.w.org\/{rel}","templated":true}]}}