{"id":211486,"date":"2017-12-15T14:24:44","date_gmt":"2017-12-15T14:24:44","guid":{"rendered":"https:\/\/www.delicias-uk.com\/product\/madeira-wine-hmborges-malvasia-sweet-30-yrs-75cl-2\/"},"modified":"2017-12-15T14:24:44","modified_gmt":"2017-12-15T14:24:44","slug":"madeira-wine-hmborges-malvasia-sweet-30-yrs-75cl-2","status":"publish","type":"product","link":"https:\/\/www.delicias-uk.com\/pt-pt\/produto\/madeira-wine-hmborges-malvasia-sweet-30-yrs-75cl-2\/","title":{"rendered":"Madeira Malvasia Doce D&#8217;Oliveiras 30 Anos 75cl"},"content":{"rendered":"<p style=\"margin-top:0pt;margin-bottom:0pt;text-align:left;vertical-align:baseline;\"><span style=\"font-size:12pt;font-family:'Calibri Light';color:#000000;\">Produzido<\/span><span style=\"font-size:12pt;font-family:'Calibri Light';color:#000000;\"> 100% a <\/span><span style=\"font-size:12pt;font-family:'Calibri Light';color:#000000;\">partir<\/span><span style=\"font-size:12pt;font-family:'Calibri Light';color:#000000;\"> de <\/span><span style=\"font-size:12pt;font-family:'Calibri Light';color:#000000;\">uvas<\/span><span style=\"font-size:12pt;font-family:'Calibri Light';color:#000000;\"> <\/span><span style=\"font-size:12pt;font-family:'Calibri Light';color:#000000;\">Malvasia<\/span><span style=\"font-size:12pt;font-family:'Calibri Light';color:#000000;\"> <\/span><span style=\"font-size:12pt;font-family:'Calibri Light';color:#000000;\">cultivadas<\/span><span style=\"font-size:12pt;font-family:'Calibri Light';color:#000000;\"> <\/span><span style=\"font-size:12pt;font-family:'Calibri Light';color:#000000;\">na<\/span><span style=\"font-size:12pt;font-family:'Calibri Light';color:#000000;\"> costa <\/span><span style=\"font-size:12pt;font-family:'Calibri Light';color:#000000;\">norte<\/span><span style=\"font-size:12pt;font-family:'Calibri Light';color:#000000;\"> da <\/span><span style=\"font-size:12pt;font-family:'Calibri Light';color:#000000;\">ilha<\/span><span style=\"font-size:12pt;font-family:'Calibri Light';color:#000000;\"> da Madeira e <\/span><span style=\"font-size:12pt;font-family:'Calibri Light';color:#000000;\">envelhecido<\/span><span style=\"font-size:12pt;font-family:'Calibri Light';color:#000000;\"> <\/span><span style=\"font-size:12pt;font-family:'Calibri Light';color:#000000;\">em<\/span><span style=\"font-size:12pt;font-family:'Calibri Light';color:#000000;\"> <\/span><span style=\"font-size:12pt;font-family:'Calibri Light';color:#000000;\">barricas<\/span><span style=\"font-size:12pt;font-family:'Calibri Light';color:#000000;\"> de <\/span><span style=\"font-size:12pt;font-family:'Calibri Light';color:#000000;\">carvalho<\/span><span style=\"font-size:12pt;font-family:'Calibri Light';color:#000000;\"> americano de 650 <\/span><span style=\"font-size:12pt;font-family:'Calibri Light';color:#000000;\">litros<\/span><span style=\"font-size:12pt;font-family:'Calibri Light';color:#000000;\">, <\/span><span style=\"font-size:12pt;font-family:'Calibri Light';color:#000000;\">esta<\/span><span style=\"font-size:12pt;font-family:'Calibri Light';color:#000000;\"> \u00e9 <\/span><span style=\"font-size:12pt;font-family:'Calibri Light';color:#000000;\">uma<\/span><span style=\"font-size:12pt;font-family:'Calibri Light';color:#000000;\"> <\/span><span style=\"font-size:12pt;font-family:'Calibri Light';color:#000000;\">mistura<\/span><span style=\"font-size:12pt;font-family:'Calibri Light';color:#000000;\"> com <\/span><span style=\"font-size:12pt;font-family:'Calibri Light';color:#000000;\">uma<\/span><span style=\"font-size:12pt;font-family:'Calibri Light';color:#000000;\"> <\/span><span style=\"font-size:12pt;font-family:'Calibri Light';color:#000000;\">idade<\/span><span style=\"font-size:12pt;font-family:'Calibri Light';color:#000000;\"> <\/span><span style=\"font-size:12pt;font-family:'Calibri Light';color:#000000;\">m\u00e9dia<\/span><span style=\"font-size:12pt;font-family:'Calibri Light';color:#000000;\"> de 30 <\/span><span style=\"font-size:12pt;font-family:'Calibri Light';color:#000000;\">anos<\/span><span style=\"font-size:12pt;font-family:'Calibri Light';color:#000000;\">. O <\/span><span style=\"font-size:12pt;font-family:'Calibri Light';color:#000000;\">vinho<\/span><span style=\"font-size:12pt;font-family:'Calibri Light';color:#000000;\"> <\/span><span style=\"font-size:12pt;font-family:'Calibri Light';color:#000000;\">apresenta<\/span><span style=\"font-size:12pt;font-family:'Calibri Light';color:#000000;\"> um aroma <\/span><span style=\"font-size:12pt;font-family:'Calibri Light';color:#000000;\">intenso<\/span><span style=\"font-size:12pt;font-family:'Calibri Light';color:#000000;\">, <\/span><span style=\"font-size:12pt;font-family:'Calibri Light';color:#000000;\">reminiscente<\/span><span style=\"font-size:12pt;font-family:'Calibri Light';color:#000000;\"> de <\/span><span style=\"font-size:12pt;font-family:'Calibri Light';color:#000000;\">madeiras<\/span><span style=\"font-size:12pt;font-family:'Calibri Light';color:#000000;\"> <\/span><span style=\"font-size:12pt;font-family:'Calibri Light';color:#000000;\">ex\u00f3ticas<\/span><span style=\"font-size:12pt;font-family:'Calibri Light';color:#000000;\">, com <\/span><span style=\"font-size:12pt;font-family:'Calibri Light';color:#000000;\">notas<\/span><span style=\"font-size:12pt;font-family:'Calibri Light';color:#000000;\"> de <\/span><span style=\"font-size:12pt;font-family:'Calibri Light';color:#000000;\">mel<\/span><span style=\"font-size:12pt;font-family:'Calibri Light';color:#000000;\">, tabaco, <\/span><span style=\"font-size:12pt;font-family:'Calibri Light';color:#000000;\">especiarias<\/span><span style=\"font-size:12pt;font-family:'Calibri Light';color:#000000;\"> e <\/span><span style=\"font-size:12pt;font-family:'Calibri Light';color:#000000;\">am\u00eandoas<\/span><span style=\"font-size:12pt;font-family:'Calibri Light';color:#000000;\"> <\/span><span style=\"font-size:12pt;font-family:'Calibri Light';color:#000000;\">torradas<\/span><span style=\"font-size:12pt;font-family:'Calibri Light';color:#000000;\">, <\/span><span style=\"font-size:12pt;font-family:'Calibri Light';color:#000000;\">seguido<\/span><span style=\"font-size:12pt;font-family:'Calibri Light';color:#000000;\"> de um <\/span><span style=\"font-size:12pt;font-family:'Calibri Light';color:#000000;\">sabor<\/span><span style=\"font-size:12pt;font-family:'Calibri Light';color:#000000;\"> <\/span><span style=\"font-size:12pt;font-family:'Calibri Light';color:#000000;\">rico<\/span><span style=\"font-size:12pt;font-family:'Calibri Light';color:#000000;\">, profundo e <\/span><span style=\"font-size:12pt;font-family:'Calibri Light';color:#000000;\">complexo<\/span><span style=\"font-size:12pt;font-family:'Calibri Light';color:#000000;\">. No <\/span><span style=\"font-size:12pt;font-family:'Calibri Light';color:#000000;\">geral<\/span><span style=\"font-size:12pt;font-family:'Calibri Light';color:#000000;\">, um <\/span><span style=\"font-size:12pt;font-family:'Calibri Light';color:#000000;\">\u00f3timo<\/span><span style=\"font-size:12pt;font-family:'Calibri Light';color:#000000;\"> <\/span><span style=\"font-size:12pt;font-family:'Calibri Light';color:#000000;\">vinho<\/span><span style=\"font-size:12pt;font-family:'Calibri Light';color:#000000;\"> com um <\/span><span style=\"font-size:12pt;font-family:'Calibri Light';color:#000000;\">bom<\/span><span style=\"font-size:12pt;font-family:'Calibri Light';color:#000000;\"> <\/span><span style=\"font-size:12pt;font-family:'Calibri Light';color:#000000;\">equil\u00edbrio<\/span><span style=\"font-size:12pt;font-family:'Calibri Light';color:#000000;\"> entre <\/span><span style=\"font-size:12pt;font-family:'Calibri Light';color:#000000;\">do\u00e7ura<\/span><span style=\"font-size:12pt;font-family:'Calibri Light';color:#000000;\"> e <\/span><span style=\"font-size:12pt;font-family:'Calibri Light';color:#000000;\">taninos<\/span><span style=\"font-size:12pt;font-family:'Calibri Light';color:#000000;\">.<\/span><\/p>\n<p style=\"margin-top:0pt;margin-bottom:0pt;text-align:left;vertical-align:baseline;\"><span style=\"font-size:12pt;font-family:'Calibri Light';color:#000000;\">Garrafa<\/span><span style=\"font-size:12pt;font-family:'Calibri Light';color:#000000;\">: 750 ml<\/span><\/p>\n<p style=\"margin-top:0pt;margin-bottom:0pt;text-align:left;vertical-align:baseline;\"><span style=\"font-size:12pt;font-family:'Calibri Light';color:#000000;\">Teor<\/span><span style=\"font-size:12pt;font-family:'Calibri Light';color:#000000;\"> <\/span><span style=\"font-size:12pt;font-family:'Calibri Light';color:#000000;\">Alco\u00f3lico<\/span><span style=\"font-size:12pt;font-family:'Calibri Light';color:#000000;\">: 20.0%<\/span><\/p>\n","protected":false},"excerpt":{"rendered":"<p>Produzido 100% a partir de uvas Malvasia cultivadas na costa norte da ilha da Madeira e envelhecido em barricas de carvalho americano de 650 litros, esta \u00e9 uma mistura com uma idade m\u00e9dia de 30 anos. O vinho apresenta um aroma intenso, reminiscente de madeiras ex\u00f3ticas, com notas de mel, tabaco, especiarias e am\u00eandoas torradas, [&hellip;]<\/p>\n","protected":false},"author":43533,"featured_media":83980,"comment_status":"open","ping_status":"closed","template":"","meta":[],"pwb-brand":[],"product_brand":[],"product_cat":[8289,8291,8431,8609],"product_tag":[],"class_list":{"0":"post-211486","1":"product","2":"type-product","3":"status-publish","4":"has-post-thumbnail","6":"product_cat-inicio","7":"product_cat-produtos-portugueses","8":"product_cat-vinhos-pt-pt","9":"product_cat-madeira","11":"first","12":"outofstock","13":"taxable","14":"shipping-taxable","15":"purchasable","16":"product-type-simple"},"aioseo_notices":[],"brands":[],"_links":{"self":[{"href":"https:\/\/www.delicias-uk.com\/pt-pt\/wp-json\/wp\/v2\/product\/211486","targetHints":{"allow":["GET"]}}],"collection":[{"href":"https:\/\/www.delicias-uk.com\/pt-pt\/wp-json\/wp\/v2\/product"}],"about":[{"href":"https:\/\/www.delicias-uk.com\/pt-pt\/wp-json\/wp\/v2\/types\/product"}],"author":[{"embeddable":true,"href":"https:\/\/www.delicias-uk.com\/pt-pt\/wp-json\/wp\/v2\/users\/43533"}],"replies":[{"embeddable":true,"href":"https:\/\/www.delicias-uk.com\/pt-pt\/wp-json\/wp\/v2\/comments?post=211486"}],"wp:featuredmedia":[{"embeddable":true,"href":"https:\/\/www.delicias-uk.com\/pt-pt\/wp-json\/wp\/v2\/media\/83980"}],"wp:attachment":[{"href":"https:\/\/www.delicias-uk.com\/pt-pt\/wp-json\/wp\/v2\/media?parent=211486"}],"wp:term":[{"taxonomy":"pwb-brand","embeddable":true,"href":"https:\/\/www.delicias-uk.com\/pt-pt\/wp-json\/wp\/v2\/pwb-brand?post=211486"},{"taxonomy":"product_brand","embeddable":true,"href":"https:\/\/www.delicias-uk.com\/pt-pt\/wp-json\/wp\/v2\/product_brand?post=211486"},{"taxonomy":"product_cat","embeddable":true,"href":"https:\/\/www.delicias-uk.com\/pt-pt\/wp-json\/wp\/v2\/product_cat?post=211486"},{"taxonomy":"product_tag","embeddable":true,"href":"https:\/\/www.delicias-uk.com\/pt-pt\/wp-json\/wp\/v2\/product_tag?post=211486"}],"curies":[{"name":"wp","href":"https:\/\/api.w.org\/{rel}","templated":true}]}}