{"id":211482,"date":"2017-12-15T14:24:44","date_gmt":"2017-12-15T14:24:44","guid":{"rendered":"https:\/\/www.delicias-uk.com\/product\/madeira-wine-hmborges-malmsey-harvest-1998-500ml-2\/"},"modified":"2025-02-06T17:15:57","modified_gmt":"2025-02-06T17:15:57","slug":"madeira-wine-hmborges-malmsey-harvest-1998-500ml-2","status":"publish","type":"product","link":"https:\/\/www.delicias-uk.com\/pt-pt\/produto\/madeira-wine-hmborges-malmsey-harvest-1998-500ml-2\/","title":{"rendered":"Madeira Malmsey D&#8217;Oliveiras 1998 50cl"},"content":{"rendered":"<p>Produzido exclusivamente de Malvasia em 1998. Top\u00e1zio acastanhado com reflexos. Nuances de cor marrom-amarelada-laranja. Aromas ex\u00f3ticos derivados da evolu\u00e7\u00e3o dos taninos durante a conserva\u00e7\u00e3o do vinho em barricas. Mistura complexa de laranja, tabaco, chocolate, caramelo e am\u00eandoa torrada. Notas de baunilha e frutas secas. A gosto, o sabor \u00e9 inebriante, doce, claro, elegante, harmonioso e complexo. Acidez e corpo bem estruturados, harmoniosos na do\u00e7ura e taninos.<\/p>\n<p><strong>Decantar<\/strong><\/p>\n<p>Pode ser necess\u00e1rio decantar o Vinho para retirar o dep\u00f3sito que se tenha criado ao longo dos anos. Mas decantar tamb\u00e9m serve para os vinhos que tenham sido engarrafados h\u00e1 alguns anos, pois desenvolvem os denominados aromas vol\u00e1teis que se desenvolvem devido \u00e0 alta acidez. Neste caso aconselha-se a decantar para um decanter, tapando-o ou para uma garrafa de vidro ou de cristal e passada uma semana voltar a deitar na garrafa inicial.<\/p><\/p>\n","protected":false},"excerpt":{"rendered":"<ul style=\"list-style-type:disc;\">\n<li><strong>Produtor<\/strong>: H. M. Borges<\/li>\n<li><strong>Ano<\/strong>: 1998<\/li>\n<li><strong>Tipo<\/strong>: Vinho Madeira<\/li>\n<li><strong>Ano<\/strong>: 1998<\/li>\n<li><strong>Pa\u00eds<\/strong>: Portugal &#8211; Ilha da Madeira<\/li>\n<li><strong>Teor<\/strong> <strong>alco\u00f3lico<\/strong>: 19%<\/li>\n<\/ul>\n","protected":false},"author":43533,"featured_media":83972,"comment_status":"open","ping_status":"closed","template":"","meta":[],"pwb-brand":[],"product_brand":[],"product_cat":[9344,8289,8291,8431,8609],"product_tag":[],"class_list":{"0":"post-211482","1":"product","2":"type-product","3":"status-publish","4":"has-post-thumbnail","6":"product_cat-vinho-fortificado","7":"product_cat-inicio","8":"product_cat-produtos-portugueses","9":"product_cat-vinhos-pt-pt","10":"product_cat-madeira","12":"first","13":"instock","14":"taxable","15":"shipping-taxable","16":"purchasable","17":"product-type-simple"},"aioseo_notices":[],"brands":[],"_links":{"self":[{"href":"https:\/\/www.delicias-uk.com\/pt-pt\/wp-json\/wp\/v2\/product\/211482","targetHints":{"allow":["GET"]}}],"collection":[{"href":"https:\/\/www.delicias-uk.com\/pt-pt\/wp-json\/wp\/v2\/product"}],"about":[{"href":"https:\/\/www.delicias-uk.com\/pt-pt\/wp-json\/wp\/v2\/types\/product"}],"author":[{"embeddable":true,"href":"https:\/\/www.delicias-uk.com\/pt-pt\/wp-json\/wp\/v2\/users\/43533"}],"replies":[{"embeddable":true,"href":"https:\/\/www.delicias-uk.com\/pt-pt\/wp-json\/wp\/v2\/comments?post=211482"}],"wp:featuredmedia":[{"embeddable":true,"href":"https:\/\/www.delicias-uk.com\/pt-pt\/wp-json\/wp\/v2\/media\/83972"}],"wp:attachment":[{"href":"https:\/\/www.delicias-uk.com\/pt-pt\/wp-json\/wp\/v2\/media?parent=211482"}],"wp:term":[{"taxonomy":"pwb-brand","embeddable":true,"href":"https:\/\/www.delicias-uk.com\/pt-pt\/wp-json\/wp\/v2\/pwb-brand?post=211482"},{"taxonomy":"product_brand","embeddable":true,"href":"https:\/\/www.delicias-uk.com\/pt-pt\/wp-json\/wp\/v2\/product_brand?post=211482"},{"taxonomy":"product_cat","embeddable":true,"href":"https:\/\/www.delicias-uk.com\/pt-pt\/wp-json\/wp\/v2\/product_cat?post=211482"},{"taxonomy":"product_tag","embeddable":true,"href":"https:\/\/www.delicias-uk.com\/pt-pt\/wp-json\/wp\/v2\/product_tag?post=211482"}],"curies":[{"name":"wp","href":"https:\/\/api.w.org\/{rel}","templated":true}]}}