{"id":211476,"date":"2017-12-15T14:24:44","date_gmt":"2017-12-15T14:24:44","guid":{"rendered":"https:\/\/www.delicias-uk.com\/product\/vinho-da-madeira-d-oliveiras-verdelho-1850-75cl\/"},"modified":"2017-12-15T14:24:44","modified_gmt":"2017-12-15T14:24:44","slug":"vinho-da-madeira-d-oliveiras-verdelho-1850-75cl","status":"publish","type":"product","link":"https:\/\/www.delicias-uk.com\/pt-pt\/produto\/vinho-da-madeira-d-oliveiras-verdelho-1850-75cl\/","title":{"rendered":"Madeira Verdelho D&#8217;Oliveiras 1850 75cl"},"content":{"rendered":"<p>&#8220;O Verdelho de 1850 continua a ser um requintado Madeira que \u00e9 um dos melhores produzidos neste ano fundador da adega. Tem um bouquet bem definido com notas sedutoras de marmelada, marmelo, manga seca e cera de vela derretida. O paladar \u00e9 crocante e bem definido, com uma acidez soberba que est\u00e1 perfeitamente em sintonia com os vest\u00edgios de fruta apodrecida carregados de especiarias. \u00c9 fresco e tenso, apresentando um desempenho impressionante aos seus 162 anos de idade. \u201d- Neal Martin (Robert Parker 2012)<\/p>\n<p>Um vinho para desfrutar sozinho ou com um bom charuto cubano. Tamb\u00e9m pode ser servido com frutas secas e queijos duros.<\/p>\n","protected":false},"excerpt":{"rendered":"<ul style=\"list-style-type:disc;\">\n<li>Produtor: Anibal, Luis and Filipe D&#8217;Oliveira<\/li>\n<li>Regi\u00e3o: Madeira<\/li>\n<li>Pa\u00eds: Portugal<\/li>\n<li>Teor Alcoolico: 20%<\/li>\n<li>Garrafa: 75cl<\/li>\n<\/ul>\n","protected":false},"author":43533,"featured_media":83962,"comment_status":"open","ping_status":"closed","template":"","meta":[],"pwb-brand":[],"product_brand":[],"product_cat":[8289,8291,8431,8609],"product_tag":[],"class_list":{"0":"post-211476","1":"product","2":"type-product","3":"status-publish","4":"has-post-thumbnail","6":"product_cat-inicio","7":"product_cat-produtos-portugueses","8":"product_cat-vinhos-pt-pt","9":"product_cat-madeira","11":"first","12":"outofstock","13":"taxable","14":"shipping-taxable","15":"purchasable","16":"product-type-simple"},"aioseo_notices":[],"brands":[],"_links":{"self":[{"href":"https:\/\/www.delicias-uk.com\/pt-pt\/wp-json\/wp\/v2\/product\/211476","targetHints":{"allow":["GET"]}}],"collection":[{"href":"https:\/\/www.delicias-uk.com\/pt-pt\/wp-json\/wp\/v2\/product"}],"about":[{"href":"https:\/\/www.delicias-uk.com\/pt-pt\/wp-json\/wp\/v2\/types\/product"}],"author":[{"embeddable":true,"href":"https:\/\/www.delicias-uk.com\/pt-pt\/wp-json\/wp\/v2\/users\/43533"}],"replies":[{"embeddable":true,"href":"https:\/\/www.delicias-uk.com\/pt-pt\/wp-json\/wp\/v2\/comments?post=211476"}],"wp:featuredmedia":[{"embeddable":true,"href":"https:\/\/www.delicias-uk.com\/pt-pt\/wp-json\/wp\/v2\/media\/83962"}],"wp:attachment":[{"href":"https:\/\/www.delicias-uk.com\/pt-pt\/wp-json\/wp\/v2\/media?parent=211476"}],"wp:term":[{"taxonomy":"pwb-brand","embeddable":true,"href":"https:\/\/www.delicias-uk.com\/pt-pt\/wp-json\/wp\/v2\/pwb-brand?post=211476"},{"taxonomy":"product_brand","embeddable":true,"href":"https:\/\/www.delicias-uk.com\/pt-pt\/wp-json\/wp\/v2\/product_brand?post=211476"},{"taxonomy":"product_cat","embeddable":true,"href":"https:\/\/www.delicias-uk.com\/pt-pt\/wp-json\/wp\/v2\/product_cat?post=211476"},{"taxonomy":"product_tag","embeddable":true,"href":"https:\/\/www.delicias-uk.com\/pt-pt\/wp-json\/wp\/v2\/product_tag?post=211476"}],"curies":[{"name":"wp","href":"https:\/\/api.w.org\/{rel}","templated":true}]}}