{"id":211424,"date":"2017-12-04T14:24:13","date_gmt":"2017-12-04T14:24:13","guid":{"rendered":"https:\/\/www.delicias-uk.com\/product\/bolachas-sortidas-cuetara-210g\/"},"modified":"2026-02-24T11:51:55","modified_gmt":"2026-02-24T11:51:55","slug":"bolachas-sortidas-cuetara-210g","status":"publish","type":"product","link":"https:\/\/www.delicias-uk.com\/pt-pt\/produto\/bolachas-sortidas-cuetara-210g\/","title":{"rendered":"Bolacha Sortidas Cu\u00e9tara 210g"},"content":{"rendered":"<p>Uma celebra\u00e7\u00e3o, uma reuni\u00e3o ou simplesmente uma ch\u00e1vena de caf\u00e9. Com a fam\u00edlia ou amigos, qualquer desculpa \u00e9 boa para partilhar. Cada Surtido Cuetara \u00e9 uma caixa cheia de oportunidades para desfrutar e partilhar. Canela, chocolate ou recheado&#8230; Abra o seu sortido Cuetara e escolha o seu preferido.<\/p>\n<p><strong>Ingredientes<\/strong>: Farinha de TRIGO, a\u00e7\u00facar, \u00f3leos vegetais (palma, girassol), gordura de palma totalmente hidrogenada, xarope de glucose-frutose, cacau magro 2,7%, soro de leite em p\u00f3, margarina vegetal (\u00f3leo de palma e colza, \u00e1gua, sal, acidificante: \u00e1cido c\u00edtrico), chocolate 1,4% (a\u00e7\u00facar, massa de cacau, manteiga de cacau, emulsionante: lecitina de SOJA), OVOS, coco (0,9%), levedantes (carbonatos de am\u00f3nio e s\u00f3dio ), dextrose, extrato de malte de CEVADA, sal, farelo de TRIGO, amido modificado, emulsionantes: lecitinas de SOJA e girassol, E476 (cont\u00e9m TRIGO), LEITE em p\u00f3 magro, MANTEIGA, levedura, aromas (cont\u00e9m LEITE, TRIGO e SULFITOS), agente de tratamento de farinhas (METABISULFITO de s\u00f3dio), vitaminas (A, D, tiamina ( B1), riboflavina (B2), niacina (B3), B6), sais minerais (ferro elementar e carbonato de c\u00e1lcio). Pode conter NOZES, S\u00c9SAMO.<\/p>\n<p><strong>Alerg\u00e9nios<\/strong>: cont\u00e9m <strong>GL\u00daTEN<\/strong>, <strong>LEITE<\/strong>, <strong>OVOS<\/strong>, <strong>SOJA<\/strong>, <strong>SULFITOS e FRUTOS DE CASCA RIJA.<\/strong><\/p>\n<p><strong>Informa\u00e7\u00e3o nutricional por 100g:<\/strong><\/p>\n<ul style=\"list-style-type:disc;\">\n<li>Energia 2.056 Kj \/ 491 kcal<\/li>\n<li>Gorduras 22g<\/li>\n<li>dos quais saturados 13g<\/li>\n<li>Hidratos de carbono 66g<\/li>\n<li>dos quais a\u00e7\u00facares 29g<\/li>\n<li>Prote\u00ednas 6g<\/li>\n<li>Sal 0,68g<\/li>\n<\/ul>\n<p><strong>Pa\u00eds de origem<\/strong>: Portugal.<\/p>\n<p><em>Devido a poss\u00edveis altera\u00e7\u00f5es nas embalagens e\/ou r\u00f3tulos, deve sempre considerar a informa\u00e7\u00e3o que acompanha o produto que recebe.<\/em><\/p>\n","protected":false},"excerpt":{"rendered":"<ul style=\"list-style-type:disc;\">\n<li>Peso l\u00edquido 210g<\/li>\n<li>Para partilhar em momentos especiais<\/li>\n<li>Biscoitos sortidos<\/li>\n<\/ul>\n","protected":false},"author":43533,"featured_media":83850,"comment_status":"open","ping_status":"closed","template":"","meta":[],"pwb-brand":[],"product_brand":[],"product_cat":[8289,8291,8365,8461],"product_tag":[],"class_list":{"0":"post-211424","1":"product","2":"type-product","3":"status-publish","4":"has-post-thumbnail","6":"product_cat-inicio","7":"product_cat-produtos-portugueses","8":"product_cat-confeitaria","9":"product_cat-bolachas","11":"first","12":"instock","13":"taxable","14":"shipping-taxable","15":"purchasable","16":"product-type-simple"},"aioseo_notices":[],"brands":[],"_links":{"self":[{"href":"https:\/\/www.delicias-uk.com\/pt-pt\/wp-json\/wp\/v2\/product\/211424","targetHints":{"allow":["GET"]}}],"collection":[{"href":"https:\/\/www.delicias-uk.com\/pt-pt\/wp-json\/wp\/v2\/product"}],"about":[{"href":"https:\/\/www.delicias-uk.com\/pt-pt\/wp-json\/wp\/v2\/types\/product"}],"author":[{"embeddable":true,"href":"https:\/\/www.delicias-uk.com\/pt-pt\/wp-json\/wp\/v2\/users\/43533"}],"replies":[{"embeddable":true,"href":"https:\/\/www.delicias-uk.com\/pt-pt\/wp-json\/wp\/v2\/comments?post=211424"}],"wp:featuredmedia":[{"embeddable":true,"href":"https:\/\/www.delicias-uk.com\/pt-pt\/wp-json\/wp\/v2\/media\/83850"}],"wp:attachment":[{"href":"https:\/\/www.delicias-uk.com\/pt-pt\/wp-json\/wp\/v2\/media?parent=211424"}],"wp:term":[{"taxonomy":"pwb-brand","embeddable":true,"href":"https:\/\/www.delicias-uk.com\/pt-pt\/wp-json\/wp\/v2\/pwb-brand?post=211424"},{"taxonomy":"product_brand","embeddable":true,"href":"https:\/\/www.delicias-uk.com\/pt-pt\/wp-json\/wp\/v2\/product_brand?post=211424"},{"taxonomy":"product_cat","embeddable":true,"href":"https:\/\/www.delicias-uk.com\/pt-pt\/wp-json\/wp\/v2\/product_cat?post=211424"},{"taxonomy":"product_tag","embeddable":true,"href":"https:\/\/www.delicias-uk.com\/pt-pt\/wp-json\/wp\/v2\/product_tag?post=211424"}],"curies":[{"name":"wp","href":"https:\/\/api.w.org\/{rel}","templated":true}]}}