{"id":211390,"date":"2017-11-05T20:31:14","date_gmt":"2017-11-05T20:31:14","guid":{"rendered":"https:\/\/www.delicias-uk.com\/product\/cerveja-antarctica-original-garrafa-600ml\/"},"modified":"2026-04-17T10:25:24","modified_gmt":"2026-04-17T09:25:24","slug":"cerveja-antarctica-original-garrafa-600ml","status":"publish","type":"product","link":"https:\/\/www.delicias-uk.com\/pt-pt\/produto\/cerveja-antarctica-original-garrafa-600ml\/","title":{"rendered":"Cerveja Ant\u00e1rctica Original Garrafa 600ml"},"content":{"rendered":"<p>Cerveja Antarctica Original Pilsen \u00e9 o complemento perfeito para momentos de prazer e para descontrair em boa companhia. Leve, por\u00e9m, com uma personalidade pr\u00f3pria. Seu aroma levemente frutado e o balan\u00e7o entre a acidez e o dul\u00e7or s\u00e3o bastante caracter\u00edsticos.<\/p>\n<p><strong>Teor Alcoolico:<\/strong> 5,1%<\/p><\/p>\n","protected":false},"excerpt":{"rendered":"<ul style=\"list-style-type:disc;\">\n<li>Tamanho 600ml<\/li>\n<li>Tem sabor suave, com leve amargor e aroma de l\u00fapulo.<\/li>\n<li>Original \u00e9 uma marca brasileira<\/li>\n<\/ul>\n","protected":false},"author":43533,"featured_media":252918,"comment_status":"open","ping_status":"closed","template":"","meta":[],"pwb-brand":[],"product_brand":[],"product_cat":[8289,8293,8349],"product_tag":[],"class_list":{"0":"post-211390","1":"product","2":"type-product","3":"status-publish","4":"has-post-thumbnail","6":"product_cat-inicio","7":"product_cat-produtos-brasileiros","8":"product_cat-cerveja-pt-pt","10":"first","11":"instock","12":"taxable","13":"shipping-taxable","14":"purchasable","15":"product-type-simple"},"aioseo_notices":[],"brands":[],"_links":{"self":[{"href":"https:\/\/www.delicias-uk.com\/pt-pt\/wp-json\/wp\/v2\/product\/211390","targetHints":{"allow":["GET"]}}],"collection":[{"href":"https:\/\/www.delicias-uk.com\/pt-pt\/wp-json\/wp\/v2\/product"}],"about":[{"href":"https:\/\/www.delicias-uk.com\/pt-pt\/wp-json\/wp\/v2\/types\/product"}],"author":[{"embeddable":true,"href":"https:\/\/www.delicias-uk.com\/pt-pt\/wp-json\/wp\/v2\/users\/43533"}],"replies":[{"embeddable":true,"href":"https:\/\/www.delicias-uk.com\/pt-pt\/wp-json\/wp\/v2\/comments?post=211390"}],"wp:featuredmedia":[{"embeddable":true,"href":"https:\/\/www.delicias-uk.com\/pt-pt\/wp-json\/wp\/v2\/media\/252918"}],"wp:attachment":[{"href":"https:\/\/www.delicias-uk.com\/pt-pt\/wp-json\/wp\/v2\/media?parent=211390"}],"wp:term":[{"taxonomy":"pwb-brand","embeddable":true,"href":"https:\/\/www.delicias-uk.com\/pt-pt\/wp-json\/wp\/v2\/pwb-brand?post=211390"},{"taxonomy":"product_brand","embeddable":true,"href":"https:\/\/www.delicias-uk.com\/pt-pt\/wp-json\/wp\/v2\/product_brand?post=211390"},{"taxonomy":"product_cat","embeddable":true,"href":"https:\/\/www.delicias-uk.com\/pt-pt\/wp-json\/wp\/v2\/product_cat?post=211390"},{"taxonomy":"product_tag","embeddable":true,"href":"https:\/\/www.delicias-uk.com\/pt-pt\/wp-json\/wp\/v2\/product_tag?post=211390"}],"curies":[{"name":"wp","href":"https:\/\/api.w.org\/{rel}","templated":true}]}}