{"id":211384,"date":"2017-11-05T20:31:14","date_gmt":"2017-11-05T20:31:14","guid":{"rendered":"https:\/\/www.delicias-uk.com\/product\/cachaca-trindade-platinium-mg-40alc-670ml-x-1-2\/"},"modified":"2017-11-05T20:31:14","modified_gmt":"2017-11-05T20:31:14","slug":"cachaca-trindade-platinium-mg-40alc-670ml-x-1-2","status":"publish","type":"product","link":"https:\/\/www.delicias-uk.com\/pt-pt\/produto\/cachaca-trindade-platinium-mg-40alc-670ml-x-1-2\/","title":{"rendered":"Cacha\u00e7a Trindade Platinum (Alc.40%) 67cl"},"content":{"rendered":"<p style=\"margin-top:0pt;margin-bottom:0pt;text-align:left;vertical-align:baseline;\"><span style=\"font-size:12pt;font-family:'Calibri Light';color:#0d0d0d;\">A cacha\u00e7a A Trindade \u00e9 triplamente filtrada e feita somente com o &#8220;cora\u00e7\u00e3o&#8221; do destilado. F<\/span><span style=\"font-size:12pt;font-family:'Calibri Light';color:#0d0d0d;\">ica armazenada por um per\u00edodo m\u00ednimo de 12 meses em barris de madeira amendoim, sendo produzida com baix\u00edssima acidez, o que faz seu sabor ser mais leve. <\/span><span style=\"font-size:12pt;font-family:'Calibri Light';color:#0d0d0d;\">A <\/span><span style=\"font-size:12pt;font-family:'Calibri Light';color:#0d0d0d;\">madeira amendoim \u00e9 considerada a mais nobre das madeiras para o armazenamento da cacha\u00e7a, pois tem a propriedade de preservar e acentuar as caracter\u00edsticas naturais da bebida, como o perfume e sabor. Ela <\/span><span style=\"font-size:12pt;font-family:'Calibri Light';color:#0d0d0d;\">diminui<\/span><span style=\"font-size:12pt;font-family:'Calibri Light';color:#0d0d0d;\">u<\/span><span style=\"font-size:12pt;font-family:'Calibri Light';color:#0d0d0d;\"> <\/span><span style=\"font-size:12pt;font-family:'Calibri Light';color:#0d0d0d;\">a acidez da cacha\u00e7a e <\/span><span style=\"font-size:12pt;font-family:'Calibri Light';color:#0d0d0d;\">transfere<\/span><span style=\"font-size:12pt;font-family:'Calibri Light';color:#0d0d0d;\"> <\/span><span style=\"font-size:12pt;font-family:'Calibri Light';color:#0d0d0d;\">uma leve <\/span><span style=\"font-size:12pt;font-family:'Calibri Light';color:#0d0d0d;\">cor <\/span><span style=\"font-size:12pt;font-family:'Calibri Light';color:#0d0d0d;\">castanho-rosada ao produto final<\/span><span style=\"font-size:12pt;font-family:'Calibri Light';color:#0d0d0d;\">. Por <\/span><span style=\"font-size:12pt;font-family:'Calibri Light';color:#0d0d0d;\">isto, recomenda-se saborear o produto puro, \u00e0 temperatura ambiente ou resfriada.<\/span><\/p>\n<p style=\"margin-top:0pt;margin-bottom:0pt;text-align:left;vertical-align:baseline;\"><span style=\"font-size:12pt;font-family:'Calibri Light';color:#0d0d0d;\"><\/span><\/p>\n<p style=\"margin-top:0pt;margin-bottom:0pt;text-align:left;vertical-align:baseline;\">\n<p style=\"margin-top:0pt;margin-bottom:0pt;text-align:left;vertical-align:baseline;\"><span style=\"font-size:12pt;font-family:'Calibri Light';color:#0d0d0d;\">Garrafa<\/span><span style=\"font-size:12pt;font-family:'Calibri Light';color:#0d0d0d;\">: <\/span><span style=\"font-size:12pt;font-family:'Calibri Light';color:#0d0d0d;\">6<\/span><span style=\"font-size:12pt;font-family:'Calibri Light';color:#0d0d0d;\">7<\/span><span style=\"font-size:12pt;font-family:'Calibri Light';color:#0d0d0d;\">0 <\/span><span style=\"font-size:12pt;font-family:'Calibri Light';color:#0d0d0d;\">ml<\/span><\/p>\n<p style=\"margin-top:0pt;margin-bottom:0pt;text-align:left;vertical-align:baseline;\"><span style=\"font-size:12pt;font-family:'Calibri Light';color:#0d0d0d;\">Teor Alco\u00f3lico: <\/span><span style=\"font-size:12pt;font-family:'Calibri Light';color:#0d0d0d;\">40.0<\/span><span style=\"font-size:12pt;font-family:'Calibri Light';color:#0d0d0d;\">%<\/span><\/p>\n","protected":false},"excerpt":{"rendered":"<p>A cacha\u00e7a A Trindade \u00e9 triplamente filtrada e feita somente com o &#8220;cora\u00e7\u00e3o&#8221; do destilado. Fica armazenada por um per\u00edodo m\u00ednimo de 12 meses em barris de madeira amendoim, sendo produzida com baix\u00edssima acidez, o que faz seu sabor ser mais leve. A madeira amendoim \u00e9 considerada a mais nobre das madeiras para o armazenamento [&hellip;]<\/p>\n","protected":false},"author":43533,"featured_media":83770,"comment_status":"open","ping_status":"closed","template":"","meta":[],"pwb-brand":[],"product_brand":[],"product_cat":[8289,8293,8421,8485],"product_tag":[],"class_list":{"0":"post-211384","1":"product","2":"type-product","3":"status-publish","4":"has-post-thumbnail","6":"product_cat-inicio","7":"product_cat-produtos-brasileiros","8":"product_cat-destilados-cachaca","9":"product_cat-cachaca-pt-pt","11":"first","12":"instock","13":"taxable","14":"shipping-taxable","15":"purchasable","16":"product-type-simple"},"aioseo_notices":[],"brands":[],"_links":{"self":[{"href":"https:\/\/www.delicias-uk.com\/pt-pt\/wp-json\/wp\/v2\/product\/211384","targetHints":{"allow":["GET"]}}],"collection":[{"href":"https:\/\/www.delicias-uk.com\/pt-pt\/wp-json\/wp\/v2\/product"}],"about":[{"href":"https:\/\/www.delicias-uk.com\/pt-pt\/wp-json\/wp\/v2\/types\/product"}],"author":[{"embeddable":true,"href":"https:\/\/www.delicias-uk.com\/pt-pt\/wp-json\/wp\/v2\/users\/43533"}],"replies":[{"embeddable":true,"href":"https:\/\/www.delicias-uk.com\/pt-pt\/wp-json\/wp\/v2\/comments?post=211384"}],"wp:featuredmedia":[{"embeddable":true,"href":"https:\/\/www.delicias-uk.com\/pt-pt\/wp-json\/wp\/v2\/media\/83770"}],"wp:attachment":[{"href":"https:\/\/www.delicias-uk.com\/pt-pt\/wp-json\/wp\/v2\/media?parent=211384"}],"wp:term":[{"taxonomy":"pwb-brand","embeddable":true,"href":"https:\/\/www.delicias-uk.com\/pt-pt\/wp-json\/wp\/v2\/pwb-brand?post=211384"},{"taxonomy":"product_brand","embeddable":true,"href":"https:\/\/www.delicias-uk.com\/pt-pt\/wp-json\/wp\/v2\/product_brand?post=211384"},{"taxonomy":"product_cat","embeddable":true,"href":"https:\/\/www.delicias-uk.com\/pt-pt\/wp-json\/wp\/v2\/product_cat?post=211384"},{"taxonomy":"product_tag","embeddable":true,"href":"https:\/\/www.delicias-uk.com\/pt-pt\/wp-json\/wp\/v2\/product_tag?post=211384"}],"curies":[{"name":"wp","href":"https:\/\/api.w.org\/{rel}","templated":true}]}}