{"id":211378,"date":"2017-11-05T20:31:14","date_gmt":"2017-11-05T20:31:14","guid":{"rendered":"https:\/\/www.delicias-uk.com\/product\/jurubeba-leao-do-norte-600ml-x-1-2\/"},"modified":"2026-04-20T15:25:17","modified_gmt":"2026-04-20T14:25:17","slug":"jurubeba-leao-do-norte-600ml-x-1-2","status":"publish","type":"product","link":"https:\/\/www.delicias-uk.com\/pt-pt\/produto\/jurubeba-leao-do-norte-600ml-x-1-2\/","title":{"rendered":"Jurubeba Le\u00e3o do Norte 60cl"},"content":{"rendered":"<p style=\"margin-top:0pt;margin-bottom:0pt;text-align:left;vertical-align:baseline;\"><span style=\"font-size:12pt;font-family:'Calibri Light';color:#000000;font-weight:normal;font-style:normal;\">O produto tem aroma agrad\u00e1vel e gosto peculiar com componentes doces e amargos que satisfaz e surpreende os paladares mais exigentes. A Jurubeba Le\u00e3o do Norte, une os atributos do bom vinho tinto seco \u00e0s propriedades medicinais ben\u00e9ficas do suco da jurubeba e de uma combina\u00e7\u00e3o de extratos de ervas amargas e arom\u00e1ticas.\u00a0Esta f\u00f3rmula de sucesso baseada em ingredientes 100% naturais se tornou um \u00edcone das bebidas revigorantes no Brasil. Degustada como digestivo e estimulante do apetite, antes das refei\u00e7\u00f5es, ou como aperitivo, \u00e9 um produto de qualidades excepcionais e produzido na Bahia para todo o Brasil.\u00a0<\/span><\/p>\n<p style=\"margin-top:0pt;margin-bottom:0pt;text-align:left;vertical-align:baseline;\">\n<p style=\"margin-top:0pt;margin-bottom:0pt;text-align:left;vertical-align:baseline;\">\n<p style=\"margin-top:0pt;margin-bottom:0pt;text-align:left;vertical-align:baseline;\"><span style=\"font-size:12pt;font-family:'Calibri Light';color:#0d0d0d;\">Garrafa: <\/span><span style=\"font-size:12pt;font-family:'Calibri Light';color:#0d0d0d;\">600ml<\/span><\/p>\n<p style=\"margin-top:0pt;margin-bottom:0pt;text-align:left;vertical-align:baseline;\"><span style=\"font-size:12pt;font-family:'Calibri Light';color:#0d0d0d;\">Teor Alco\u00f3lico: <\/span><span style=\"font-size:12pt;font-family:'Calibri Light';color:#0d0d0d;\">17.0<\/span><span style=\"font-size:12pt;font-family:'Calibri Light';color:#0d0d0d;\">%<\/span><\/p>\n","protected":false},"excerpt":{"rendered":"<p>O produto tem aroma agrad\u00e1vel e gosto peculiar com componentes doces e amargos que satisfaz e surpreende os paladares mais exigentes. A Jurubeba Le\u00e3o do Norte, une os atributos do bom vinho tinto seco \u00e0s propriedades medicinais ben\u00e9ficas do suco da jurubeba e de uma combina\u00e7\u00e3o de extratos de ervas amargas e arom\u00e1ticas.\u00a0Esta f\u00f3rmula de [&hellip;]<\/p>\n","protected":false},"author":43533,"featured_media":254293,"comment_status":"open","ping_status":"closed","template":"","meta":[],"pwb-brand":[],"product_brand":[],"product_cat":[8289,8291,8417,8565,8499,8347],"product_tag":[],"class_list":{"0":"post-211378","1":"product","2":"type-product","3":"status-publish","4":"has-post-thumbnail","6":"product_cat-inicio","7":"product_cat-produtos-portugueses","8":"product_cat-espirituosas-licor","9":"product_cat-espirituosas","10":"product_cat-sem-glutem","11":"product_cat-vegetariano","13":"first","14":"outofstock","15":"taxable","16":"shipping-taxable","17":"purchasable","18":"product-type-simple"},"aioseo_notices":[],"brands":[],"_links":{"self":[{"href":"https:\/\/www.delicias-uk.com\/pt-pt\/wp-json\/wp\/v2\/product\/211378","targetHints":{"allow":["GET"]}}],"collection":[{"href":"https:\/\/www.delicias-uk.com\/pt-pt\/wp-json\/wp\/v2\/product"}],"about":[{"href":"https:\/\/www.delicias-uk.com\/pt-pt\/wp-json\/wp\/v2\/types\/product"}],"author":[{"embeddable":true,"href":"https:\/\/www.delicias-uk.com\/pt-pt\/wp-json\/wp\/v2\/users\/43533"}],"replies":[{"embeddable":true,"href":"https:\/\/www.delicias-uk.com\/pt-pt\/wp-json\/wp\/v2\/comments?post=211378"}],"wp:featuredmedia":[{"embeddable":true,"href":"https:\/\/www.delicias-uk.com\/pt-pt\/wp-json\/wp\/v2\/media\/254293"}],"wp:attachment":[{"href":"https:\/\/www.delicias-uk.com\/pt-pt\/wp-json\/wp\/v2\/media?parent=211378"}],"wp:term":[{"taxonomy":"pwb-brand","embeddable":true,"href":"https:\/\/www.delicias-uk.com\/pt-pt\/wp-json\/wp\/v2\/pwb-brand?post=211378"},{"taxonomy":"product_brand","embeddable":true,"href":"https:\/\/www.delicias-uk.com\/pt-pt\/wp-json\/wp\/v2\/product_brand?post=211378"},{"taxonomy":"product_cat","embeddable":true,"href":"https:\/\/www.delicias-uk.com\/pt-pt\/wp-json\/wp\/v2\/product_cat?post=211378"},{"taxonomy":"product_tag","embeddable":true,"href":"https:\/\/www.delicias-uk.com\/pt-pt\/wp-json\/wp\/v2\/product_tag?post=211378"}],"curies":[{"name":"wp","href":"https:\/\/api.w.org\/{rel}","templated":true}]}}