{"id":211370,"date":"2017-11-05T20:31:14","date_gmt":"2017-11-05T20:31:14","guid":{"rendered":"https:\/\/www.delicias-uk.com\/product\/licor-do-mestre-ervas-creme-vverde-brasil30alc-750ml-x-1-2\/"},"modified":"2025-02-06T17:18:41","modified_gmt":"2025-02-06T17:18:41","slug":"licor-do-mestre-ervas-creme-vverde-brasil30alc-750ml-x-1-2","status":"publish","type":"product","link":"https:\/\/www.delicias-uk.com\/pt-pt\/produto\/licor-do-mestre-ervas-creme-vverde-brasil30alc-750ml-x-1-2\/","title":{"rendered":"Licor de Ervas Creme Licor do Mestre (Alc.30%) 75cl"},"content":{"rendered":"<p style=\"margin-top:0pt;margin-bottom:0pt;text-align:justify;vertical-align:baseline;\"><span style=\"font-size:12pt;font-family:'Calibri Light';\">LICOR DO <\/span><span style=\"font-size:12pt;font-family:'Calibri Light';\">MESTRE<\/span><span style=\"font-size:12pt;font-family:'Calibri Light';\">\u00a0<\/span><span style=\"font-size:12pt;font-family:'Calibri Light';\">\u00e9<\/span><span style=\"font-size:12pt;font-family:'Calibri Light';\"> <\/span><span style=\"font-size:12pt;font-family:'Calibri Light';\">uma mistura de sete ervas finas nacionais e de outros pa\u00edses, dentre elas o zimbro, um dos componentes conhecido por ser utilizado na produ\u00e7\u00e3o do gin<\/span><span style=\"font-size:12pt;font-family:'Calibri Light';\">.<\/span><\/p>\n<p style=\"margin-top:0pt;margin-bottom:0pt;text-align:left;vertical-align:baseline;\">\n<p style=\"margin-top:0pt;margin-bottom:0pt;text-align:left;vertical-align:baseline;\"><span style=\"font-size:12pt;font-family:'Calibri Light';color:#0d0d0d;\">Garrafa: 750ml<\/span><\/p>\n<p style=\"margin-top:0pt;margin-bottom:0pt;text-align:left;vertical-align:baseline;\"><span style=\"font-size:12pt;font-family:'Calibri Light';color:#0d0d0d;\">Teor Alco\u00f3lico: 30.0%<\/span><\/p>\n","protected":false},"excerpt":{"rendered":"<p>LICOR DO MESTRE\u00a0\u00e9 uma mistura de sete ervas finas nacionais e de outros pa\u00edses, dentre elas o zimbro, um dos componentes conhecido por ser utilizado na produ\u00e7\u00e3o do gin. Garrafa: 750ml Teor Alco\u00f3lico: 30.0%<\/p>\n","protected":false},"author":43533,"featured_media":83752,"comment_status":"open","ping_status":"closed","template":"","meta":[],"pwb-brand":[],"product_brand":[],"product_cat":[8289,8291,8417,8509],"product_tag":[],"class_list":{"0":"post-211370","1":"product","2":"type-product","3":"status-publish","4":"has-post-thumbnail","6":"product_cat-inicio","7":"product_cat-produtos-portugueses","8":"product_cat-espirituosas-licor","9":"product_cat-licor","11":"first","12":"instock","13":"taxable","14":"shipping-taxable","15":"purchasable","16":"product-type-simple"},"aioseo_notices":[],"brands":[],"_links":{"self":[{"href":"https:\/\/www.delicias-uk.com\/pt-pt\/wp-json\/wp\/v2\/product\/211370","targetHints":{"allow":["GET"]}}],"collection":[{"href":"https:\/\/www.delicias-uk.com\/pt-pt\/wp-json\/wp\/v2\/product"}],"about":[{"href":"https:\/\/www.delicias-uk.com\/pt-pt\/wp-json\/wp\/v2\/types\/product"}],"author":[{"embeddable":true,"href":"https:\/\/www.delicias-uk.com\/pt-pt\/wp-json\/wp\/v2\/users\/43533"}],"replies":[{"embeddable":true,"href":"https:\/\/www.delicias-uk.com\/pt-pt\/wp-json\/wp\/v2\/comments?post=211370"}],"wp:featuredmedia":[{"embeddable":true,"href":"https:\/\/www.delicias-uk.com\/pt-pt\/wp-json\/wp\/v2\/media\/83752"}],"wp:attachment":[{"href":"https:\/\/www.delicias-uk.com\/pt-pt\/wp-json\/wp\/v2\/media?parent=211370"}],"wp:term":[{"taxonomy":"pwb-brand","embeddable":true,"href":"https:\/\/www.delicias-uk.com\/pt-pt\/wp-json\/wp\/v2\/pwb-brand?post=211370"},{"taxonomy":"product_brand","embeddable":true,"href":"https:\/\/www.delicias-uk.com\/pt-pt\/wp-json\/wp\/v2\/product_brand?post=211370"},{"taxonomy":"product_cat","embeddable":true,"href":"https:\/\/www.delicias-uk.com\/pt-pt\/wp-json\/wp\/v2\/product_cat?post=211370"},{"taxonomy":"product_tag","embeddable":true,"href":"https:\/\/www.delicias-uk.com\/pt-pt\/wp-json\/wp\/v2\/product_tag?post=211370"}],"curies":[{"name":"wp","href":"https:\/\/api.w.org\/{rel}","templated":true}]}}