{"id":211362,"date":"2017-11-05T20:31:14","date_gmt":"2017-11-05T20:31:14","guid":{"rendered":"https:\/\/www.delicias-uk.com\/product\/cachaca-antonio-rodrigues-resdo-coronel-42alc-700ml-x-1-2\/"},"modified":"2025-02-06T17:13:08","modified_gmt":"2025-02-06T17:13:08","slug":"cachaca-antonio-rodrigues-resdo-coronel-42alc-700ml-x-1-2","status":"publish","type":"product","link":"https:\/\/www.delicias-uk.com\/pt-pt\/produto\/cachaca-antonio-rodrigues-resdo-coronel-42alc-700ml-x-1-2\/","title":{"rendered":"Cacha\u00e7a Ant\u00f4nio Rodrigues Reserva do Coronel (Alc.42%) 70cl"},"content":{"rendered":"<p style=\"margin-top:0pt;margin-bottom:0pt;text-align:left;vertical-align:baseline;\"><span style=\"font-size:12pt;font-family:'Calibri Light';color:#0d0d0d;\">Ant\u00f4nio Rodrigues \u00e9 uma bebida \u00fanica, a verdadeira joia l\u00edquida. Uma s\u00e9rie limitada, especial para os apreciadores da cacha\u00e7a t\u00edpica de Minas. Envelhecida em carvalho, <\/span><span style=\"font-size:12pt;font-family:'Calibri Light';color:#0d0d0d;\">o seu <\/span><span style=\"font-size:12pt;font-family:'Calibri Light';color:#0d0d0d;\">aroma \u00e9 encorpado e o sabor inesquec\u00edvel<\/span><span style=\"font-size:12pt;font-family:'Calibri Light';color:#0d0d0d;\">. <\/span><span style=\"font-size:12pt;font-family:'Calibri Light';color:#0d0d0d;\">L\u00edmpida, transl\u00facida, viscosa e brilhante. A Ant\u00f4nio Rodrigues foi criada para ser uma cacha\u00e7a tradicional, de cor forte e escura, resultado de toda a experi\u00eancia e excel\u00eancia da Seleta na produ\u00e7\u00e3o da <\/span><span style=\"font-size:12pt;font-family:'Calibri Light';color:#0d0d0d;\">bebida.<\/span><\/p>\n<p style=\"margin-top:0pt;margin-bottom:0pt;text-align:left;vertical-align:baseline;\"><span style=\"font-size:12pt;font-family:'Calibri Light';color:#0d0d0d;\"><\/span><\/p>\n<p style=\"margin-top:0pt;margin-bottom:0pt;text-align:left;vertical-align:baseline;\">\n<p style=\"margin-top:0pt;margin-bottom:0pt;text-align:left;vertical-align:baseline;\"><span style=\"font-size:12pt;font-family:'Calibri Light';color:#0d0d0d;\">Garrafa: 670 ml<\/span><\/p>\n<p style=\"margin-top:0pt;margin-bottom:0pt;text-align:left;vertical-align:baseline;\"><span style=\"font-size:12pt;font-family:'Calibri Light';color:#0d0d0d;\">Teor Alco\u00f3lico: 42.0%<\/span><\/p>\n","protected":false},"excerpt":{"rendered":"<p>Ant\u00f4nio Rodrigues \u00e9 uma bebida \u00fanica, a verdadeira joia l\u00edquida. Uma s\u00e9rie limitada, especial para os apreciadores da cacha\u00e7a t\u00edpica de Minas. Envelhecida em carvalho, o seu aroma \u00e9 encorpado e o sabor inesquec\u00edvel. L\u00edmpida, transl\u00facida, viscosa e brilhante. A Ant\u00f4nio Rodrigues foi criada para ser uma cacha\u00e7a tradicional, de cor forte e escura, resultado [&hellip;]<\/p>\n","protected":false},"author":43533,"featured_media":58460,"comment_status":"open","ping_status":"closed","template":"","meta":[],"pwb-brand":[],"product_brand":[],"product_cat":[8289,8293,8421,8485],"product_tag":[],"class_list":{"0":"post-211362","1":"product","2":"type-product","3":"status-publish","4":"has-post-thumbnail","6":"product_cat-inicio","7":"product_cat-produtos-brasileiros","8":"product_cat-destilados-cachaca","9":"product_cat-cachaca-pt-pt","11":"first","12":"outofstock","13":"taxable","14":"shipping-taxable","15":"purchasable","16":"product-type-simple"},"aioseo_notices":[],"brands":[],"_links":{"self":[{"href":"https:\/\/www.delicias-uk.com\/pt-pt\/wp-json\/wp\/v2\/product\/211362","targetHints":{"allow":["GET"]}}],"collection":[{"href":"https:\/\/www.delicias-uk.com\/pt-pt\/wp-json\/wp\/v2\/product"}],"about":[{"href":"https:\/\/www.delicias-uk.com\/pt-pt\/wp-json\/wp\/v2\/types\/product"}],"author":[{"embeddable":true,"href":"https:\/\/www.delicias-uk.com\/pt-pt\/wp-json\/wp\/v2\/users\/43533"}],"replies":[{"embeddable":true,"href":"https:\/\/www.delicias-uk.com\/pt-pt\/wp-json\/wp\/v2\/comments?post=211362"}],"wp:featuredmedia":[{"embeddable":true,"href":"https:\/\/www.delicias-uk.com\/pt-pt\/wp-json\/wp\/v2\/media\/58460"}],"wp:attachment":[{"href":"https:\/\/www.delicias-uk.com\/pt-pt\/wp-json\/wp\/v2\/media?parent=211362"}],"wp:term":[{"taxonomy":"pwb-brand","embeddable":true,"href":"https:\/\/www.delicias-uk.com\/pt-pt\/wp-json\/wp\/v2\/pwb-brand?post=211362"},{"taxonomy":"product_brand","embeddable":true,"href":"https:\/\/www.delicias-uk.com\/pt-pt\/wp-json\/wp\/v2\/product_brand?post=211362"},{"taxonomy":"product_cat","embeddable":true,"href":"https:\/\/www.delicias-uk.com\/pt-pt\/wp-json\/wp\/v2\/product_cat?post=211362"},{"taxonomy":"product_tag","embeddable":true,"href":"https:\/\/www.delicias-uk.com\/pt-pt\/wp-json\/wp\/v2\/product_tag?post=211362"}],"curies":[{"name":"wp","href":"https:\/\/api.w.org\/{rel}","templated":true}]}}