{"id":211360,"date":"2017-11-05T20:31:14","date_gmt":"2017-11-05T20:31:14","guid":{"rendered":"https:\/\/www.delicias-uk.com\/product\/cachaca-boazinha-salinas-mg-42alc-670ml-x-1-2\/"},"modified":"2017-11-05T20:31:14","modified_gmt":"2017-11-05T20:31:14","slug":"cachaca-boazinha-salinas-mg-42alc-670ml-x-1-2","status":"publish","type":"product","link":"https:\/\/www.delicias-uk.com\/pt-pt\/produto\/cachaca-boazinha-salinas-mg-42alc-670ml-x-1-2\/","title":{"rendered":"Cacha\u00e7a Boazinha Salinas (Alc.42%) 67cl"},"content":{"rendered":"<p style=\"margin-top:0pt;margin-bottom:0pt;text-align:left;vertical-align:baseline;\"><span style=\"font-size:12pt;font-family:'Calibri Light';color:#000000;font-weight:normal;font-style:normal;\">As cacha\u00e7as envelhecidas em barris de b\u00e1lsamo s\u00e3o conhecidas pelo seu sabor suave e aroma intenso a ervas. A cacha\u00e7a Boazinha, armazenada durante 4 anos nesta madeira, re\u00fane o melhor dessas qualidades, que agradam o paladar e o olfato.<\/span><\/p>\n<p style=\"margin-top:0pt;margin-bottom:0pt;text-align:left;vertical-align:baseline;\"><span style=\"font-size:12pt;font-family:'Calibri Light';color:#000000;font-weight:normal;font-style:normal;\"><\/span><\/p>\n<p style=\"margin-top:0pt;margin-bottom:0pt;text-align:left;vertical-align:baseline;\">\n<p style=\"margin-top:0pt;margin-bottom:0pt;text-align:left;vertical-align:baseline;\"><span style=\"font-size:12pt;font-family:'Calibri Light';color:#000000;\">Garrafa: 670 ml<\/span><\/p>\n<p style=\"margin-top:0pt;margin-bottom:0pt;text-align:left;vertical-align:baseline;\"><span style=\"font-size:12pt;font-family:'Calibri Light';color:#000000;\">Teor Alco\u00f3lico: 42.0%<\/span><\/p>\n","protected":false},"excerpt":{"rendered":"<p>As cacha\u00e7as envelhecidas em barris de b\u00e1lsamo s\u00e3o conhecidas pelo seu sabor suave e aroma intenso a ervas. A cacha\u00e7a Boazinha, armazenada durante 4 anos nesta madeira, re\u00fane o melhor dessas qualidades, que agradam o paladar e o olfato. Garrafa: 670 ml Teor Alco\u00f3lico: 42.0%<\/p>\n","protected":false},"author":43533,"featured_media":58456,"comment_status":"open","ping_status":"closed","template":"","meta":[],"pwb-brand":[],"product_brand":[],"product_cat":[8289,8293,8421,8485],"product_tag":[],"class_list":{"0":"post-211360","1":"product","2":"type-product","3":"status-publish","4":"has-post-thumbnail","6":"product_cat-inicio","7":"product_cat-produtos-brasileiros","8":"product_cat-destilados-cachaca","9":"product_cat-cachaca-pt-pt","11":"first","12":"outofstock","13":"taxable","14":"shipping-taxable","15":"purchasable","16":"product-type-simple"},"aioseo_notices":[],"brands":[],"_links":{"self":[{"href":"https:\/\/www.delicias-uk.com\/pt-pt\/wp-json\/wp\/v2\/product\/211360","targetHints":{"allow":["GET"]}}],"collection":[{"href":"https:\/\/www.delicias-uk.com\/pt-pt\/wp-json\/wp\/v2\/product"}],"about":[{"href":"https:\/\/www.delicias-uk.com\/pt-pt\/wp-json\/wp\/v2\/types\/product"}],"author":[{"embeddable":true,"href":"https:\/\/www.delicias-uk.com\/pt-pt\/wp-json\/wp\/v2\/users\/43533"}],"replies":[{"embeddable":true,"href":"https:\/\/www.delicias-uk.com\/pt-pt\/wp-json\/wp\/v2\/comments?post=211360"}],"wp:featuredmedia":[{"embeddable":true,"href":"https:\/\/www.delicias-uk.com\/pt-pt\/wp-json\/wp\/v2\/media\/58456"}],"wp:attachment":[{"href":"https:\/\/www.delicias-uk.com\/pt-pt\/wp-json\/wp\/v2\/media?parent=211360"}],"wp:term":[{"taxonomy":"pwb-brand","embeddable":true,"href":"https:\/\/www.delicias-uk.com\/pt-pt\/wp-json\/wp\/v2\/pwb-brand?post=211360"},{"taxonomy":"product_brand","embeddable":true,"href":"https:\/\/www.delicias-uk.com\/pt-pt\/wp-json\/wp\/v2\/product_brand?post=211360"},{"taxonomy":"product_cat","embeddable":true,"href":"https:\/\/www.delicias-uk.com\/pt-pt\/wp-json\/wp\/v2\/product_cat?post=211360"},{"taxonomy":"product_tag","embeddable":true,"href":"https:\/\/www.delicias-uk.com\/pt-pt\/wp-json\/wp\/v2\/product_tag?post=211360"}],"curies":[{"name":"wp","href":"https:\/\/api.w.org\/{rel}","templated":true}]}}