{"id":211358,"date":"2017-11-05T20:31:14","date_gmt":"2017-11-05T20:31:14","guid":{"rendered":"https:\/\/www.delicias-uk.com\/product\/cachaca-vale-verde-12-anos-40alc-700ml-x-1-2\/"},"modified":"2025-02-06T17:13:57","modified_gmt":"2025-02-06T17:13:57","slug":"cachaca-vale-verde-12-anos-40alc-700ml-x-1-2","status":"publish","type":"product","link":"https:\/\/www.delicias-uk.com\/pt-pt\/produto\/cachaca-vale-verde-12-anos-40alc-700ml-x-1-2\/","title":{"rendered":"Cacha\u00e7a Vale Verde 12 Anos (Alc.40%) 70cl"},"content":{"rendered":"<p style=\"margin-top:0pt;margin-bottom:0pt;text-align:left;vertical-align:baseline;\"><span style=\"font-size:12pt;font-family:'Calibri Light';color:#000000;font-weight:normal;font-style:normal;\">A Vale Verde 12 anos \u00e9 produzida com requintes artesanais e tornou-se objeto de desejo para colecionadores e apreciadores da boa e sofisticada cacha\u00e7a.<\/span><span style=\"font-size:12pt;font-family:'Calibri Light';color:#000000;font-weight:normal;font-style:normal;\"> <\/span><span style=\"font-size:12pt;font-family:'Calibri Light';color:#000000;font-weight:normal;font-style:normal;\">Famosa por apresentar tra\u00e7os sutis e a qualidade dos melhores destilados do mundo, possui acidez equilibrada e oferece ao paladar uma sensa\u00e7\u00e3o aveludada indescrit\u00edvel.<\/span><span style=\"font-size:12pt;font-family:'Calibri Light';color:#000000;font-weight:normal;font-style:normal;\"> <\/span><span style=\"font-size:12pt;font-family:'Calibri Light';color:#000000;font-weight:normal;font-style:normal;\">Edi\u00e7\u00e3o limitada, envelhecida 12 anos em barris de carvalho.<\/span><\/p>\n<p style=\"margin-top:0pt;margin-bottom:0pt;text-align:left;vertical-align:baseline;\"><span style=\"font-size:12pt;font-family:'Calibri Light';color:#000000;font-weight:normal;font-style:normal;\"><\/span><\/p>\n<p style=\"margin-top:0pt;margin-bottom:0pt;text-align:left;vertical-align:baseline;\">\n<p style=\"margin-top:0pt;margin-bottom:0pt;text-align:left;vertical-align:baseline;\"><span style=\"font-size:12pt;font-family:'Calibri Light';color:#000000;\">Garrafa: 700 ml<\/span><\/p>\n<p style=\"margin-top:0pt;margin-bottom:0pt;text-align:left;vertical-align:baseline;\"><span style=\"font-size:12pt;font-family:'Calibri Light';color:#000000;\">Teor Alco\u00f3lico: 40.0%<\/span><\/p>\n","protected":false},"excerpt":{"rendered":"<p>A Vale Verde 12 anos \u00e9 produzida com requintes artesanais e tornou-se objeto de desejo para colecionadores e apreciadores da boa e sofisticada cacha\u00e7a. Famosa por apresentar tra\u00e7os sutis e a qualidade dos melhores destilados do mundo, possui acidez equilibrada e oferece ao paladar uma sensa\u00e7\u00e3o aveludada indescrit\u00edvel. Edi\u00e7\u00e3o limitada, envelhecida 12 anos em barris [&hellip;]<\/p>\n","protected":false},"author":43533,"featured_media":58452,"comment_status":"open","ping_status":"closed","template":"","meta":[],"pwb-brand":[],"product_brand":[],"product_cat":[8289,8293,8421,8485],"product_tag":[],"class_list":{"0":"post-211358","1":"product","2":"type-product","3":"status-publish","4":"has-post-thumbnail","6":"product_cat-inicio","7":"product_cat-produtos-brasileiros","8":"product_cat-destilados-cachaca","9":"product_cat-cachaca-pt-pt","11":"first","12":"instock","13":"taxable","14":"shipping-taxable","15":"purchasable","16":"product-type-simple"},"aioseo_notices":[],"brands":[],"_links":{"self":[{"href":"https:\/\/www.delicias-uk.com\/pt-pt\/wp-json\/wp\/v2\/product\/211358","targetHints":{"allow":["GET"]}}],"collection":[{"href":"https:\/\/www.delicias-uk.com\/pt-pt\/wp-json\/wp\/v2\/product"}],"about":[{"href":"https:\/\/www.delicias-uk.com\/pt-pt\/wp-json\/wp\/v2\/types\/product"}],"author":[{"embeddable":true,"href":"https:\/\/www.delicias-uk.com\/pt-pt\/wp-json\/wp\/v2\/users\/43533"}],"replies":[{"embeddable":true,"href":"https:\/\/www.delicias-uk.com\/pt-pt\/wp-json\/wp\/v2\/comments?post=211358"}],"wp:featuredmedia":[{"embeddable":true,"href":"https:\/\/www.delicias-uk.com\/pt-pt\/wp-json\/wp\/v2\/media\/58452"}],"wp:attachment":[{"href":"https:\/\/www.delicias-uk.com\/pt-pt\/wp-json\/wp\/v2\/media?parent=211358"}],"wp:term":[{"taxonomy":"pwb-brand","embeddable":true,"href":"https:\/\/www.delicias-uk.com\/pt-pt\/wp-json\/wp\/v2\/pwb-brand?post=211358"},{"taxonomy":"product_brand","embeddable":true,"href":"https:\/\/www.delicias-uk.com\/pt-pt\/wp-json\/wp\/v2\/product_brand?post=211358"},{"taxonomy":"product_cat","embeddable":true,"href":"https:\/\/www.delicias-uk.com\/pt-pt\/wp-json\/wp\/v2\/product_cat?post=211358"},{"taxonomy":"product_tag","embeddable":true,"href":"https:\/\/www.delicias-uk.com\/pt-pt\/wp-json\/wp\/v2\/product_tag?post=211358"}],"curies":[{"name":"wp","href":"https:\/\/api.w.org\/{rel}","templated":true}]}}