{"id":211356,"date":"2017-11-05T20:31:14","date_gmt":"2017-11-05T20:31:14","guid":{"rendered":"https:\/\/www.delicias-uk.com\/product\/cachaca-vale-verde-minha-deusa-mg-40alc-700ml-x-1-2\/"},"modified":"2025-02-06T17:15:07","modified_gmt":"2025-02-06T17:15:07","slug":"cachaca-vale-verde-minha-deusa-mg-40alc-700ml-x-1-2","status":"publish","type":"product","link":"https:\/\/www.delicias-uk.com\/pt-pt\/produto\/cachaca-vale-verde-minha-deusa-mg-40alc-700ml-x-1-2\/","title":{"rendered":"Cacha\u00e7a Vale Verde Minha Deusa (Alc.40%) 70cl"},"content":{"rendered":"<p style=\"margin-top:0pt;margin-bottom:0pt;text-align:left;vertical-align:baseline;\"><span style=\"font-size:12pt;font-family:'Calibri Light';color:#000000;\">De sabor suave e marcante, a cacha\u00e7a Minha Deusa \u00e9 perfeita para drinques. Armazenada em ton\u00e9is de gr\u00e1pia, o que permite sentir de maneira mais acentuada o aroma da cana, a Minha Deusa conquistou a Medalha de Ouro no Cacha\u00e7a Masters 2010 da Revista Inglesa The Drinks Business, categoria N\u00e3o-envelhecida, o que comprova que fazer parte da fam\u00edlia Vale Verde \u00e9 uma garantia extra de qualidade.<\/span><span style=\"font-size:12pt;font-family:'Times New Roman';color:#000000;\"><br \/><\/span><\/p>\n<p style=\"margin-top:0pt;margin-bottom:0pt;text-align:left;vertical-align:baseline;\"><span style=\"font-size:12pt;font-family:'Calibri Light';color:#000000;\"><\/span><\/p>\n<p style=\"margin-top:0pt;margin-bottom:0pt;text-align:left;vertical-align:baseline;\"><span style=\"font-size:12pt;font-family:'Calibri Light';color:#000000;\">Garrafa: 700 ml<\/span><\/p>\n<p style=\"margin-top:0pt;margin-bottom:0pt;text-align:left;vertical-align:baseline;\"><span style=\"font-size:12pt;font-family:'Calibri Light';color:#000000;\">Teor Alco\u00f3lico: 40.0%<\/span><\/p>\n","protected":false},"excerpt":{"rendered":"<p>De sabor suave e marcante, a cacha\u00e7a Minha Deusa \u00e9 perfeita para drinques. Armazenada em ton\u00e9is de gr\u00e1pia, o que permite sentir de maneira mais acentuada o aroma da cana, a Minha Deusa conquistou a Medalha de Ouro no Cacha\u00e7a Masters 2010 da Revista Inglesa The Drinks Business, categoria N\u00e3o-envelhecida, o que comprova que fazer [&hellip;]<\/p>\n","protected":false},"author":43533,"featured_media":58448,"comment_status":"open","ping_status":"closed","template":"","meta":[],"pwb-brand":[],"product_brand":[],"product_cat":[8289,8293,8421,8485],"product_tag":[],"class_list":{"0":"post-211356","1":"product","2":"type-product","3":"status-publish","4":"has-post-thumbnail","6":"product_cat-inicio","7":"product_cat-produtos-brasileiros","8":"product_cat-destilados-cachaca","9":"product_cat-cachaca-pt-pt","11":"first","12":"outofstock","13":"taxable","14":"shipping-taxable","15":"purchasable","16":"product-type-simple"},"aioseo_notices":[],"brands":[],"_links":{"self":[{"href":"https:\/\/www.delicias-uk.com\/pt-pt\/wp-json\/wp\/v2\/product\/211356","targetHints":{"allow":["GET"]}}],"collection":[{"href":"https:\/\/www.delicias-uk.com\/pt-pt\/wp-json\/wp\/v2\/product"}],"about":[{"href":"https:\/\/www.delicias-uk.com\/pt-pt\/wp-json\/wp\/v2\/types\/product"}],"author":[{"embeddable":true,"href":"https:\/\/www.delicias-uk.com\/pt-pt\/wp-json\/wp\/v2\/users\/43533"}],"replies":[{"embeddable":true,"href":"https:\/\/www.delicias-uk.com\/pt-pt\/wp-json\/wp\/v2\/comments?post=211356"}],"wp:featuredmedia":[{"embeddable":true,"href":"https:\/\/www.delicias-uk.com\/pt-pt\/wp-json\/wp\/v2\/media\/58448"}],"wp:attachment":[{"href":"https:\/\/www.delicias-uk.com\/pt-pt\/wp-json\/wp\/v2\/media?parent=211356"}],"wp:term":[{"taxonomy":"pwb-brand","embeddable":true,"href":"https:\/\/www.delicias-uk.com\/pt-pt\/wp-json\/wp\/v2\/pwb-brand?post=211356"},{"taxonomy":"product_brand","embeddable":true,"href":"https:\/\/www.delicias-uk.com\/pt-pt\/wp-json\/wp\/v2\/product_brand?post=211356"},{"taxonomy":"product_cat","embeddable":true,"href":"https:\/\/www.delicias-uk.com\/pt-pt\/wp-json\/wp\/v2\/product_cat?post=211356"},{"taxonomy":"product_tag","embeddable":true,"href":"https:\/\/www.delicias-uk.com\/pt-pt\/wp-json\/wp\/v2\/product_tag?post=211356"}],"curies":[{"name":"wp","href":"https:\/\/api.w.org\/{rel}","templated":true}]}}