{"id":211354,"date":"2017-11-05T20:31:14","date_gmt":"2017-11-05T20:31:14","guid":{"rendered":"https:\/\/www.delicias-uk.com\/product\/cachaca-vale-verde-extra-premium-mg-40alc-700ml-x-1-2\/"},"modified":"2025-02-06T17:18:59","modified_gmt":"2025-02-06T17:18:59","slug":"cachaca-vale-verde-extra-premium-mg-40alc-700ml-x-1-2","status":"publish","type":"product","link":"https:\/\/www.delicias-uk.com\/pt-pt\/produto\/cachaca-vale-verde-extra-premium-mg-40alc-700ml-x-1-2\/","title":{"rendered":"Cacha\u00e7a Vale Verde Extra Premium (Alc.40%) 70cl"},"content":{"rendered":"<p style=\"margin-top:0pt;margin-bottom:0pt;text-align:left;vertical-align:baseline;\"><span style=\"font-size:12pt;font-family:'Calibri Light';color:#000000;\">Elaborado artesanalmente, o Vale Verde Extra Premium tem 100% de seu conte\u00fado envelhecido em barris de carvalho durante tr\u00eas anos e segue <\/span><span style=\"font-size:12pt;font-family:'Calibri Light';color:#000000;\">as mais r\u00edgidas <\/span><span style=\"font-size:12pt;font-family:'Calibri Light';color:#000000;\">normas de padr\u00f5es internacionais de qualidade. O seu sabor suave conquistou a prefer\u00eancia dos apreciadores mais exigentes da cacha\u00e7a e recebeu pr\u00eamios em todo o Brasil e no mundo.<\/span><\/p>\n<p style=\"margin-top:0pt;margin-bottom:0pt;text-align:left;vertical-align:baseline;\">\n<p style=\"margin-top:0pt;margin-bottom:0pt;text-align:left;vertical-align:baseline;\">\n<p style=\"margin-top:0pt;margin-bottom:0pt;text-align:left;vertical-align:baseline;\"><span style=\"font-size:12pt;font-family:'Calibri Light';color:#000000;\">Garrafa: 700\u00a0ml<\/span><\/p>\n<p style=\"margin-top:0pt;margin-bottom:0pt;text-align:left;vertical-align:baseline;\"><span style=\"font-size:12pt;font-family:'Calibri Light';color:#000000;\">Teor Alco\u00f3lico: 40.0%<\/span><\/p>\n","protected":false},"excerpt":{"rendered":"<p>Elaborado artesanalmente, o Vale Verde Extra Premium tem 100% de seu conte\u00fado envelhecido em barris de carvalho durante tr\u00eas anos e segue as mais r\u00edgidas normas de padr\u00f5es internacionais de qualidade. O seu sabor suave conquistou a prefer\u00eancia dos apreciadores mais exigentes da cacha\u00e7a e recebeu pr\u00eamios em todo o Brasil e no mundo. Garrafa: [&hellip;]<\/p>\n","protected":false},"author":43533,"featured_media":58444,"comment_status":"open","ping_status":"closed","template":"","meta":[],"pwb-brand":[],"product_brand":[],"product_cat":[8289,8293,8421,8485],"product_tag":[],"class_list":{"0":"post-211354","1":"product","2":"type-product","3":"status-publish","4":"has-post-thumbnail","6":"product_cat-inicio","7":"product_cat-produtos-brasileiros","8":"product_cat-destilados-cachaca","9":"product_cat-cachaca-pt-pt","11":"first","12":"instock","13":"taxable","14":"shipping-taxable","15":"purchasable","16":"product-type-simple"},"aioseo_notices":[],"brands":[],"_links":{"self":[{"href":"https:\/\/www.delicias-uk.com\/pt-pt\/wp-json\/wp\/v2\/product\/211354","targetHints":{"allow":["GET"]}}],"collection":[{"href":"https:\/\/www.delicias-uk.com\/pt-pt\/wp-json\/wp\/v2\/product"}],"about":[{"href":"https:\/\/www.delicias-uk.com\/pt-pt\/wp-json\/wp\/v2\/types\/product"}],"author":[{"embeddable":true,"href":"https:\/\/www.delicias-uk.com\/pt-pt\/wp-json\/wp\/v2\/users\/43533"}],"replies":[{"embeddable":true,"href":"https:\/\/www.delicias-uk.com\/pt-pt\/wp-json\/wp\/v2\/comments?post=211354"}],"wp:featuredmedia":[{"embeddable":true,"href":"https:\/\/www.delicias-uk.com\/pt-pt\/wp-json\/wp\/v2\/media\/58444"}],"wp:attachment":[{"href":"https:\/\/www.delicias-uk.com\/pt-pt\/wp-json\/wp\/v2\/media?parent=211354"}],"wp:term":[{"taxonomy":"pwb-brand","embeddable":true,"href":"https:\/\/www.delicias-uk.com\/pt-pt\/wp-json\/wp\/v2\/pwb-brand?post=211354"},{"taxonomy":"product_brand","embeddable":true,"href":"https:\/\/www.delicias-uk.com\/pt-pt\/wp-json\/wp\/v2\/product_brand?post=211354"},{"taxonomy":"product_cat","embeddable":true,"href":"https:\/\/www.delicias-uk.com\/pt-pt\/wp-json\/wp\/v2\/product_cat?post=211354"},{"taxonomy":"product_tag","embeddable":true,"href":"https:\/\/www.delicias-uk.com\/pt-pt\/wp-json\/wp\/v2\/product_tag?post=211354"}],"curies":[{"name":"wp","href":"https:\/\/api.w.org\/{rel}","templated":true}]}}