{"id":211352,"date":"2017-11-05T20:31:14","date_gmt":"2017-11-05T20:31:14","guid":{"rendered":"https:\/\/www.delicias-uk.com\/product\/cachaca-vale-verde-prata-mg-40alc-700ml-x-1-2\/"},"modified":"2025-02-06T17:16:02","modified_gmt":"2025-02-06T17:16:02","slug":"cachaca-vale-verde-prata-mg-40alc-700ml-x-1-2","status":"publish","type":"product","link":"https:\/\/www.delicias-uk.com\/pt-pt\/produto\/cachaca-vale-verde-prata-mg-40alc-700ml-x-1-2\/","title":{"rendered":"Cacha\u00e7a Vale Verde Prata (Alc.40%) 70cl"},"content":{"rendered":"<p style=\"margin-top:0pt;margin-bottom:0pt;text-align:left;vertical-align:baseline;\"><span style=\"font-size:12pt;font-family:'Calibri Light';color:#000000;\">Vale Verde \u201cPrata\u201d n\u00e3o passa por barris ap\u00f3s a destila\u00e7\u00e3o, \u00e9 engarrafada e pronta para consumo. Perfeito para os amantes da branquinha e para a elabora\u00e7\u00e3o de bebidas, pois d\u00e1 um sabor marcante aos coquet\u00e9is e caipirinhas.<\/span><\/p>\n<p style=\"margin-top:0pt;margin-bottom:0pt;text-align:left;vertical-align:baseline;\">\n<p style=\"margin-top:0pt;margin-bottom:0pt;text-align:left;vertical-align:baseline;\">\n<p style=\"margin-top:0pt;margin-bottom:0pt;text-align:left;vertical-align:baseline;\"><span style=\"font-size:12pt;font-family:'Calibri Light';color:#000000;\">Garrafa: 700\u00a0ml<\/span><\/p>\n<p style=\"margin-top:0pt;margin-bottom:0pt;text-align:left;vertical-align:baseline;\"><span style=\"font-size:12pt;font-family:'Calibri Light';color:#000000;\">Teor Alco\u00f3lico: 40.0%<\/span><\/p>\n","protected":false},"excerpt":{"rendered":"<p>Vale Verde \u201cPrata\u201d n\u00e3o passa por barris ap\u00f3s a destila\u00e7\u00e3o, \u00e9 engarrafada e pronta para consumo. Perfeito para os amantes da branquinha e para a elabora\u00e7\u00e3o de bebidas, pois d\u00e1 um sabor marcante aos coquet\u00e9is e caipirinhas. Garrafa: 700\u00a0ml Teor Alco\u00f3lico: 40.0%<\/p>\n","protected":false},"author":43533,"featured_media":58440,"comment_status":"open","ping_status":"closed","template":"","meta":[],"pwb-brand":[],"product_brand":[],"product_cat":[8289,8293,8421,8485],"product_tag":[],"class_list":{"0":"post-211352","1":"product","2":"type-product","3":"status-publish","4":"has-post-thumbnail","6":"product_cat-inicio","7":"product_cat-produtos-brasileiros","8":"product_cat-destilados-cachaca","9":"product_cat-cachaca-pt-pt","11":"first","12":"instock","13":"taxable","14":"shipping-taxable","15":"purchasable","16":"product-type-simple"},"aioseo_notices":[],"brands":[],"_links":{"self":[{"href":"https:\/\/www.delicias-uk.com\/pt-pt\/wp-json\/wp\/v2\/product\/211352","targetHints":{"allow":["GET"]}}],"collection":[{"href":"https:\/\/www.delicias-uk.com\/pt-pt\/wp-json\/wp\/v2\/product"}],"about":[{"href":"https:\/\/www.delicias-uk.com\/pt-pt\/wp-json\/wp\/v2\/types\/product"}],"author":[{"embeddable":true,"href":"https:\/\/www.delicias-uk.com\/pt-pt\/wp-json\/wp\/v2\/users\/43533"}],"replies":[{"embeddable":true,"href":"https:\/\/www.delicias-uk.com\/pt-pt\/wp-json\/wp\/v2\/comments?post=211352"}],"wp:featuredmedia":[{"embeddable":true,"href":"https:\/\/www.delicias-uk.com\/pt-pt\/wp-json\/wp\/v2\/media\/58440"}],"wp:attachment":[{"href":"https:\/\/www.delicias-uk.com\/pt-pt\/wp-json\/wp\/v2\/media?parent=211352"}],"wp:term":[{"taxonomy":"pwb-brand","embeddable":true,"href":"https:\/\/www.delicias-uk.com\/pt-pt\/wp-json\/wp\/v2\/pwb-brand?post=211352"},{"taxonomy":"product_brand","embeddable":true,"href":"https:\/\/www.delicias-uk.com\/pt-pt\/wp-json\/wp\/v2\/product_brand?post=211352"},{"taxonomy":"product_cat","embeddable":true,"href":"https:\/\/www.delicias-uk.com\/pt-pt\/wp-json\/wp\/v2\/product_cat?post=211352"},{"taxonomy":"product_tag","embeddable":true,"href":"https:\/\/www.delicias-uk.com\/pt-pt\/wp-json\/wp\/v2\/product_tag?post=211352"}],"curies":[{"name":"wp","href":"https:\/\/api.w.org\/{rel}","templated":true}]}}