{"id":211350,"date":"2017-11-05T20:31:14","date_gmt":"2017-11-05T20:31:14","guid":{"rendered":"https:\/\/www.delicias-uk.com\/product\/cachaca-do-barao-grande-reserva-mg-41alc-70cl-x-1-2\/"},"modified":"2017-11-05T20:31:14","modified_gmt":"2017-11-05T20:31:14","slug":"cachaca-do-barao-grande-reserva-mg-41alc-70cl-x-1-2","status":"publish","type":"product","link":"https:\/\/www.delicias-uk.com\/pt-pt\/produto\/cachaca-do-barao-grande-reserva-mg-41alc-70cl-x-1-2\/","title":{"rendered":"Cacha\u00e7a do Bar\u00e3o Grande Reserva MG (Alc.41%) 70cl"},"content":{"rendered":"<p style=\"margin-top:0pt;margin-bottom:0pt;text-align:left;vertical-align:baseline;\"><span style=\"font-size:12pt;font-family:'Calibri Light';color:#000000;\">A <\/span><span style=\"font-size:12pt;font-family:'Calibri Light';color:#000000;\">Reserva<\/span><span style=\"font-size:12pt;font-family:'Calibri Light';color:#000000;\"> Especial da Cacha\u00e7a do <\/span><span style=\"font-size:12pt;font-family:'Calibri Light';color:#000000;\">Bar\u00e3o<\/span><span style=\"font-size:12pt;font-family:'Calibri Light';color:#000000;\"> <\/span><span style=\"font-size:12pt;font-family:'Calibri Light';color:#000000;\">vem<\/span><span style=\"font-size:12pt;font-family:'Calibri Light';color:#000000;\"> de <\/span><span style=\"font-size:12pt;font-family:'Calibri Light';color:#000000;\">Araras<\/span><span style=\"font-size:12pt;font-family:'Calibri Light';color:#000000;\">, no interior de S\u00e3o Paulo. \u00c9 <\/span><span style=\"font-size:12pt;font-family:'Calibri Light';color:#000000;\">envelhecido<\/span><span style=\"font-size:12pt;font-family:'Calibri Light';color:#000000;\"> por <\/span><span style=\"font-size:12pt;font-family:'Calibri Light';color:#000000;\">mais<\/span><span style=\"font-size:12pt;font-family:'Calibri Light';color:#000000;\"> de 3 <\/span><span style=\"font-size:12pt;font-family:'Calibri Light';color:#000000;\">anos<\/span><span style=\"font-size:12pt;font-family:'Calibri Light';color:#000000;\"> <\/span><span style=\"font-size:12pt;font-family:'Calibri Light';color:#000000;\">em<\/span><span style=\"font-size:12pt;font-family:'Calibri Light';color:#000000;\"> <\/span><span style=\"font-size:12pt;font-family:'Calibri Light';color:#000000;\">barricas<\/span><span style=\"font-size:12pt;font-family:'Calibri Light';color:#000000;\"> de <\/span><span style=\"font-size:12pt;font-family:'Calibri Light';color:#000000;\">carvalho<\/span><span style=\"font-size:12pt;font-family:'Calibri Light';color:#000000;\"> <\/span><span style=\"font-size:12pt;font-family:'Calibri Light';color:#000000;\">europeu<\/span><span style=\"font-size:12pt;font-family:'Calibri Light';color:#000000;\">.<\/span><\/p>\n<p style=\"margin-top:0pt;margin-bottom:0pt;text-align:left;vertical-align:baseline;\">\n<p style=\"margin-top:0pt;margin-bottom:0pt;text-align:left;vertical-align:baseline;\">\n<p style=\"margin-top:0pt;margin-bottom:0pt;text-align:left;vertical-align:baseline;\"><span style=\"font-size:12pt;font-family:'Calibri Light';color:#000000;\">Garrafa: 700 ml<\/span><\/p>\n<p style=\"margin-top:0pt;margin-bottom:0pt;text-align:left;vertical-align:baseline;\"><span style=\"font-size:12pt;font-family:'Calibri Light';color:#000000;\">Teor Alco\u00f3lico: 41.0%<\/span><\/p>\n","protected":false},"excerpt":{"rendered":"<p>A Reserva Especial da Cacha\u00e7a do Bar\u00e3o vem de Araras, no interior de S\u00e3o Paulo. \u00c9 envelhecido por mais de 3 anos em barricas de carvalho europeu. Garrafa: 700 ml Teor Alco\u00f3lico: 41.0%<\/p>\n","protected":false},"author":43533,"featured_media":58436,"comment_status":"open","ping_status":"closed","template":"","meta":[],"pwb-brand":[],"product_brand":[],"product_cat":[8289,8293,8421,8485],"product_tag":[],"class_list":{"0":"post-211350","1":"product","2":"type-product","3":"status-publish","4":"has-post-thumbnail","6":"product_cat-inicio","7":"product_cat-produtos-brasileiros","8":"product_cat-destilados-cachaca","9":"product_cat-cachaca-pt-pt","11":"first","12":"outofstock","13":"taxable","14":"shipping-taxable","15":"purchasable","16":"product-type-simple"},"aioseo_notices":[],"brands":[],"_links":{"self":[{"href":"https:\/\/www.delicias-uk.com\/pt-pt\/wp-json\/wp\/v2\/product\/211350","targetHints":{"allow":["GET"]}}],"collection":[{"href":"https:\/\/www.delicias-uk.com\/pt-pt\/wp-json\/wp\/v2\/product"}],"about":[{"href":"https:\/\/www.delicias-uk.com\/pt-pt\/wp-json\/wp\/v2\/types\/product"}],"author":[{"embeddable":true,"href":"https:\/\/www.delicias-uk.com\/pt-pt\/wp-json\/wp\/v2\/users\/43533"}],"replies":[{"embeddable":true,"href":"https:\/\/www.delicias-uk.com\/pt-pt\/wp-json\/wp\/v2\/comments?post=211350"}],"wp:featuredmedia":[{"embeddable":true,"href":"https:\/\/www.delicias-uk.com\/pt-pt\/wp-json\/wp\/v2\/media\/58436"}],"wp:attachment":[{"href":"https:\/\/www.delicias-uk.com\/pt-pt\/wp-json\/wp\/v2\/media?parent=211350"}],"wp:term":[{"taxonomy":"pwb-brand","embeddable":true,"href":"https:\/\/www.delicias-uk.com\/pt-pt\/wp-json\/wp\/v2\/pwb-brand?post=211350"},{"taxonomy":"product_brand","embeddable":true,"href":"https:\/\/www.delicias-uk.com\/pt-pt\/wp-json\/wp\/v2\/product_brand?post=211350"},{"taxonomy":"product_cat","embeddable":true,"href":"https:\/\/www.delicias-uk.com\/pt-pt\/wp-json\/wp\/v2\/product_cat?post=211350"},{"taxonomy":"product_tag","embeddable":true,"href":"https:\/\/www.delicias-uk.com\/pt-pt\/wp-json\/wp\/v2\/product_tag?post=211350"}],"curies":[{"name":"wp","href":"https:\/\/api.w.org\/{rel}","templated":true}]}}