{"id":211344,"date":"2017-11-01T18:13:54","date_gmt":"2017-11-01T18:13:54","guid":{"rendered":"https:\/\/www.delicias-uk.com\/product\/presunto-de-porco-bisaro-cura-24m-fatiado-70g\/"},"modified":"2026-02-24T11:53:17","modified_gmt":"2026-02-24T11:53:17","slug":"presunto-de-porco-bisaro-cura-24m-fatiado-70g","status":"publish","type":"product","link":"https:\/\/www.delicias-uk.com\/pt-pt\/produto\/presunto-de-porco-bisaro-cura-24m-fatiado-70g\/","title":{"rendered":"Presunto de Porco B\u00edsaro Cura 24M Fatiado 100g"},"content":{"rendered":"<p>De uma ra\u00e7a de caracter\u00edsticas \u00fanicas, numa cria\u00e7\u00e3o extensiva e com uma alimenta\u00e7\u00e3o selecionada resulta uma carne de elevada qualidade, com uma propor\u00e7\u00e3o de gordura perfeitamente equilibrada, aroma e sabor inconfund\u00edveis. O presunto \u00e9 o resultado de um per\u00edodo de cura superior a 24 meses, num processo natural que lhe confere um sabor e textura distintos de qualquer outro.<\/p>\n<p><strong>Ingredientes<\/strong>: Perna de porco B\u00edsaro (91%) e sal.<\/p>\n<p><strong>Alerg\u00e9nios<\/strong>: nenhum<\/p>\n<p><strong>Informa\u00e7\u00e3o nutricional por 100g:<\/strong><\/p>\n<ul style=\"list-style-type:disc;\">\n<li>Energia 998 Kj \/ 237 Kcal<\/li>\n<li>Gorduras 8,0g<\/li>\n<li>Saturado 2,4g<\/li>\n<li>Hidratos de carbono 1,0g<\/li>\n<li>A\u00e7\u00facares &lt;0,5g<\/li>\n<li>Prote\u00ednas 39,6g<\/li>\n<li>Sal 4,19g<\/li>\n<\/ul>\n<p><strong>Pa\u00eds de origem<\/strong>: Portugal<\/p>\n","protected":false},"excerpt":{"rendered":"<ul style=\"list-style-type:disc;\">\n<li>Peso l\u00edquido 70g<\/li>\n<li>Fatias finas<\/li>\n<li>Fonte de prote\u00edna<\/li>\n<\/ul>\n","protected":false},"author":43533,"featured_media":83714,"comment_status":"open","ping_status":"closed","template":"","meta":[],"pwb-brand":[],"product_brand":[],"product_cat":[9336,8289,8291,8337,8665],"product_tag":[],"class_list":{"0":"post-211344","1":"product","2":"type-product","3":"status-publish","4":"has-post-thumbnail","6":"product_cat-presunto-curado-fatiado","7":"product_cat-inicio","8":"product_cat-produtos-portugueses","9":"product_cat-charcutaria","10":"product_cat-presunto-curado","12":"first","13":"instock","14":"taxable","15":"shipping-taxable","16":"purchasable","17":"product-type-simple"},"aioseo_notices":[],"brands":[],"_links":{"self":[{"href":"https:\/\/www.delicias-uk.com\/pt-pt\/wp-json\/wp\/v2\/product\/211344","targetHints":{"allow":["GET"]}}],"collection":[{"href":"https:\/\/www.delicias-uk.com\/pt-pt\/wp-json\/wp\/v2\/product"}],"about":[{"href":"https:\/\/www.delicias-uk.com\/pt-pt\/wp-json\/wp\/v2\/types\/product"}],"author":[{"embeddable":true,"href":"https:\/\/www.delicias-uk.com\/pt-pt\/wp-json\/wp\/v2\/users\/43533"}],"replies":[{"embeddable":true,"href":"https:\/\/www.delicias-uk.com\/pt-pt\/wp-json\/wp\/v2\/comments?post=211344"}],"wp:featuredmedia":[{"embeddable":true,"href":"https:\/\/www.delicias-uk.com\/pt-pt\/wp-json\/wp\/v2\/media\/83714"}],"wp:attachment":[{"href":"https:\/\/www.delicias-uk.com\/pt-pt\/wp-json\/wp\/v2\/media?parent=211344"}],"wp:term":[{"taxonomy":"pwb-brand","embeddable":true,"href":"https:\/\/www.delicias-uk.com\/pt-pt\/wp-json\/wp\/v2\/pwb-brand?post=211344"},{"taxonomy":"product_brand","embeddable":true,"href":"https:\/\/www.delicias-uk.com\/pt-pt\/wp-json\/wp\/v2\/product_brand?post=211344"},{"taxonomy":"product_cat","embeddable":true,"href":"https:\/\/www.delicias-uk.com\/pt-pt\/wp-json\/wp\/v2\/product_cat?post=211344"},{"taxonomy":"product_tag","embeddable":true,"href":"https:\/\/www.delicias-uk.com\/pt-pt\/wp-json\/wp\/v2\/product_tag?post=211344"}],"curies":[{"name":"wp","href":"https:\/\/api.w.org\/{rel}","templated":true}]}}