{"id":211338,"date":"2017-11-01T18:13:54","date_gmt":"2017-11-01T18:13:54","guid":{"rendered":"https:\/\/www.delicias-uk.com\/product\/frutos-secos-misto-cx-hexagonal-ferbar-270g-2\/"},"modified":"2025-02-06T17:13:52","modified_gmt":"2025-02-06T17:13:52","slug":"frutos-secos-misto-cx-hexagonal-ferbar-270g-2","status":"publish","type":"product","link":"https:\/\/www.delicias-uk.com\/pt-pt\/produto\/frutos-secos-misto-cx-hexagonal-ferbar-270g-2\/","title":{"rendered":"Fruto Seco Misto Caixa Natal Ferbar 280g"},"content":{"rendered":"<p style=\"margin:0cm;\"><span lang=\"pt\" style=\"font-size:11pt;font-family:Calibri, sans-serif;\" xml:lang=\"pt\">Os frutos secos e desidratados da Ferbar s\u00e3o produtos selecionados nas melhores origens, que garantem uma qualidade sublime e sabor de excel\u00eancia. Sendo posteriormente embalados de forma a manter a sua qualidade inalterada, fica dif\u00edcil resistir a esta tenta\u00e7\u00e3o. Agora tamb\u00e9m embalados em natal\u00edcias caixas de cart\u00e3o compostas por 3 diferentes refer\u00eancias de produtos: Am\u00eandoa, Am\u00eandoa com Chocolate e Amendoim com Chocolate.<\/span><\/p>\n<\/p>\n<p style=\"margin:0cm;\"><span lang=\"pt\" style=\"font-size:11pt;font-family:Calibri, sans-serif;\" xml:lang=\"pt\"><\/span><\/p>\n<p>\u00a0<\/p>\n<p style=\"margin:0cm;\"><span lang=\"pt\" style=\"font-size:11pt;font-family:Calibri, sans-serif;\" xml:lang=\"pt\">. Frutos Secos<\/span><\/p>\n<\/p>\n<p style=\"margin:0cm;\"><span lang=\"pt\" style=\"font-size:11pt;font-family:Calibri, sans-serif;\" xml:lang=\"pt\">. Mraca: Ferbar<\/span><\/p>\n<\/p>\n<p style=\"margin:0cm;\"><span lang=\"pt\" style=\"font-size:11pt;font-family:Calibri, sans-serif;\" xml:lang=\"pt\">. Am\u00eandoa, Am\u00eandoa com Chocolate e Amendoim com Chocolate.<\/span><\/p><\/p>\n","protected":false},"excerpt":{"rendered":"<p style=\"margin:0cm;\"><span lang=\"pt\" style=\"font-size:11pt;font-family:Calibri, sans-serif;\" xml:lang=\"pt\">. Frutos Secos<\/span><\/p>\n<\/p>\n<p style=\"margin:0cm;\"><span lang=\"pt\" style=\"font-size:11pt;font-family:Calibri, sans-serif;\" xml:lang=\"pt\">. Mraca: Ferbar<\/span><\/p>\n<\/p>\n<p style=\"margin:0cm;\"><span lang=\"pt\" style=\"font-size:11pt;font-family:Calibri, sans-serif;\" xml:lang=\"pt\">. Am\u00eandoa, Am\u00eandoa com Chocolate e Amendoim com Chocolate.<\/span><\/p>\n","protected":false},"author":43533,"featured_media":83702,"comment_status":"open","ping_status":"closed","template":"","meta":[],"pwb-brand":[],"product_brand":[],"product_cat":[9314,9315,8591],"product_tag":[],"class_list":{"0":"post-211338","1":"product","2":"type-product","3":"status-publish","4":"has-post-thumbnail","6":"product_cat-chocolate-pt-pt-2","7":"product_cat-frutos-secos-e-nozes","8":"product_cat-nozes-e-frutas-secas","10":"first","11":"outofstock","12":"taxable","13":"shipping-taxable","14":"purchasable","15":"product-type-simple"},"aioseo_notices":[],"brands":[],"_links":{"self":[{"href":"https:\/\/www.delicias-uk.com\/pt-pt\/wp-json\/wp\/v2\/product\/211338","targetHints":{"allow":["GET"]}}],"collection":[{"href":"https:\/\/www.delicias-uk.com\/pt-pt\/wp-json\/wp\/v2\/product"}],"about":[{"href":"https:\/\/www.delicias-uk.com\/pt-pt\/wp-json\/wp\/v2\/types\/product"}],"author":[{"embeddable":true,"href":"https:\/\/www.delicias-uk.com\/pt-pt\/wp-json\/wp\/v2\/users\/43533"}],"replies":[{"embeddable":true,"href":"https:\/\/www.delicias-uk.com\/pt-pt\/wp-json\/wp\/v2\/comments?post=211338"}],"wp:featuredmedia":[{"embeddable":true,"href":"https:\/\/www.delicias-uk.com\/pt-pt\/wp-json\/wp\/v2\/media\/83702"}],"wp:attachment":[{"href":"https:\/\/www.delicias-uk.com\/pt-pt\/wp-json\/wp\/v2\/media?parent=211338"}],"wp:term":[{"taxonomy":"pwb-brand","embeddable":true,"href":"https:\/\/www.delicias-uk.com\/pt-pt\/wp-json\/wp\/v2\/pwb-brand?post=211338"},{"taxonomy":"product_brand","embeddable":true,"href":"https:\/\/www.delicias-uk.com\/pt-pt\/wp-json\/wp\/v2\/product_brand?post=211338"},{"taxonomy":"product_cat","embeddable":true,"href":"https:\/\/www.delicias-uk.com\/pt-pt\/wp-json\/wp\/v2\/product_cat?post=211338"},{"taxonomy":"product_tag","embeddable":true,"href":"https:\/\/www.delicias-uk.com\/pt-pt\/wp-json\/wp\/v2\/product_tag?post=211338"}],"curies":[{"name":"wp","href":"https:\/\/api.w.org\/{rel}","templated":true}]}}