{"id":211300,"date":"2017-11-01T18:13:54","date_gmt":"2017-11-01T18:13:54","guid":{"rendered":"https:\/\/www.delicias-uk.com\/product\/bolacha-cuetara-rosquillas-de-canela-300g\/"},"modified":"2026-04-17T10:39:54","modified_gmt":"2026-04-17T09:39:54","slug":"bolacha-cuetara-rosquillas-de-canela-300g","status":"publish","type":"product","link":"https:\/\/www.delicias-uk.com\/pt-pt\/produto\/bolacha-cuetara-rosquillas-de-canela-300g\/","title":{"rendered":"Bolacha Rosquillas de Canela Cu\u00e9tara 300g"},"content":{"rendered":"<p><strong>Bolachas Com Alma<\/strong><\/p>\n<p>A hist\u00f3ria da Cu\u00e9tara \u00e9 um emocionante relato com mais de 80 anos de esfor\u00e7o e amor pela elabora\u00e7\u00e3o de bolachas. D\u00e9cada ap\u00f3s d\u00e9cada, gera\u00e7\u00e3o ap\u00f3s gera\u00e7\u00e3o, sempre com respeito pela tradi\u00e7\u00e3o artesanal, mas com car\u00e1cter inovador. Orgulhosos de continuar sendo, e tentando ser sempre, os melhores.<\/p>\n<p>Ao longo dos anos, os mestres em bolachas da Cu\u00e9tara foram criando receitas e variedades \u00fanicas que cativaram v\u00e1rias gera\u00e7\u00f5es pela sua originalidade e autenticidade. S\u00e3o produtos saborosos, com muita tradi\u00e7\u00e3o, sem perder o toque inovador.\u00a0<\/p>\n<p>Biscoito tradicional em forma de anel com canela e a\u00e7\u00facar.<\/p>\n","protected":false},"excerpt":{"rendered":"<p>. Biscoito tradicional em forma de anel com a\u00e7\u00facar e canela<\/p>\n<p>. Perfeito para acompanhar um cafe ou cha<\/p>\n<p>. Marca Cuetara<\/p>\n","protected":false},"author":43533,"featured_media":83628,"comment_status":"open","ping_status":"closed","template":"","meta":[],"pwb-brand":[],"product_brand":[],"product_cat":[8289,8291,8365,8461],"product_tag":[],"class_list":{"0":"post-211300","1":"product","2":"type-product","3":"status-publish","4":"has-post-thumbnail","6":"product_cat-inicio","7":"product_cat-produtos-portugueses","8":"product_cat-confeitaria","9":"product_cat-bolachas","11":"first","12":"instock","13":"taxable","14":"shipping-taxable","15":"purchasable","16":"product-type-simple"},"aioseo_notices":[],"brands":[],"_links":{"self":[{"href":"https:\/\/www.delicias-uk.com\/pt-pt\/wp-json\/wp\/v2\/product\/211300","targetHints":{"allow":["GET"]}}],"collection":[{"href":"https:\/\/www.delicias-uk.com\/pt-pt\/wp-json\/wp\/v2\/product"}],"about":[{"href":"https:\/\/www.delicias-uk.com\/pt-pt\/wp-json\/wp\/v2\/types\/product"}],"author":[{"embeddable":true,"href":"https:\/\/www.delicias-uk.com\/pt-pt\/wp-json\/wp\/v2\/users\/43533"}],"replies":[{"embeddable":true,"href":"https:\/\/www.delicias-uk.com\/pt-pt\/wp-json\/wp\/v2\/comments?post=211300"}],"wp:featuredmedia":[{"embeddable":true,"href":"https:\/\/www.delicias-uk.com\/pt-pt\/wp-json\/wp\/v2\/media\/83628"}],"wp:attachment":[{"href":"https:\/\/www.delicias-uk.com\/pt-pt\/wp-json\/wp\/v2\/media?parent=211300"}],"wp:term":[{"taxonomy":"pwb-brand","embeddable":true,"href":"https:\/\/www.delicias-uk.com\/pt-pt\/wp-json\/wp\/v2\/pwb-brand?post=211300"},{"taxonomy":"product_brand","embeddable":true,"href":"https:\/\/www.delicias-uk.com\/pt-pt\/wp-json\/wp\/v2\/product_brand?post=211300"},{"taxonomy":"product_cat","embeddable":true,"href":"https:\/\/www.delicias-uk.com\/pt-pt\/wp-json\/wp\/v2\/product_cat?post=211300"},{"taxonomy":"product_tag","embeddable":true,"href":"https:\/\/www.delicias-uk.com\/pt-pt\/wp-json\/wp\/v2\/product_tag?post=211300"}],"curies":[{"name":"wp","href":"https:\/\/api.w.org\/{rel}","templated":true}]}}