{"id":211298,"date":"2017-11-01T18:13:54","date_gmt":"2017-11-01T18:13:54","guid":{"rendered":"https:\/\/www.delicias-uk.com\/product\/energetico-guaramil-capsulas-4-caps-x-1-2\/"},"modified":"2017-11-01T18:13:54","modified_gmt":"2017-11-01T18:13:54","slug":"energetico-guaramil-capsulas-4-caps-x-1-2","status":"publish","type":"product","link":"https:\/\/www.delicias-uk.com\/pt-pt\/produto\/energetico-guaramil-capsulas-4-caps-x-1-2\/","title":{"rendered":"Energ\u00e9tico Guaramil em C\u00e1psulas"},"content":{"rendered":"<p style=\"margin-top:0pt;margin-bottom:0pt;margin-left:0in;text-align:left;\"><span style=\"font-size:12pt;font-family:Calibri;color:#404040;\">Capsulas energ\u00e9ticas <\/span><span style=\"font-size:12pt;font-family:Calibri;color:#404040;\">de r\u00e1pida absor\u00e7\u00e3o que cont\u00e9m uma dose elevada de cafe\u00edna e de guaran\u00e1 natural. O efeito energ\u00e9tico pode ser percebido dentro de 30 minutos ap\u00f3s a sua toma.<\/span><\/p>\n","protected":false},"excerpt":{"rendered":"<p>Capsulas energ\u00e9ticas de r\u00e1pida absor\u00e7\u00e3o que cont\u00e9m uma dose elevada de cafe\u00edna e de guaran\u00e1 natural. O efeito energ\u00e9tico pode ser percebido dentro de 30 minutos ap\u00f3s a sua toma.<\/p>\n","protected":false},"author":43533,"featured_media":83624,"comment_status":"open","ping_status":"closed","template":"","meta":[],"pwb-brand":[],"product_brand":[],"product_cat":[8289,8293,8415,8643],"product_tag":[],"class_list":{"0":"post-211298","1":"product","2":"type-product","3":"status-publish","4":"has-post-thumbnail","6":"product_cat-inicio","7":"product_cat-produtos-brasileiros","8":"product_cat-bebidas","9":"product_cat-outros-pt-pt-bebidas","11":"first","12":"instock","13":"taxable","14":"shipping-taxable","15":"purchasable","16":"product-type-simple"},"aioseo_notices":[],"brands":[],"_links":{"self":[{"href":"https:\/\/www.delicias-uk.com\/pt-pt\/wp-json\/wp\/v2\/product\/211298","targetHints":{"allow":["GET"]}}],"collection":[{"href":"https:\/\/www.delicias-uk.com\/pt-pt\/wp-json\/wp\/v2\/product"}],"about":[{"href":"https:\/\/www.delicias-uk.com\/pt-pt\/wp-json\/wp\/v2\/types\/product"}],"author":[{"embeddable":true,"href":"https:\/\/www.delicias-uk.com\/pt-pt\/wp-json\/wp\/v2\/users\/43533"}],"replies":[{"embeddable":true,"href":"https:\/\/www.delicias-uk.com\/pt-pt\/wp-json\/wp\/v2\/comments?post=211298"}],"wp:featuredmedia":[{"embeddable":true,"href":"https:\/\/www.delicias-uk.com\/pt-pt\/wp-json\/wp\/v2\/media\/83624"}],"wp:attachment":[{"href":"https:\/\/www.delicias-uk.com\/pt-pt\/wp-json\/wp\/v2\/media?parent=211298"}],"wp:term":[{"taxonomy":"pwb-brand","embeddable":true,"href":"https:\/\/www.delicias-uk.com\/pt-pt\/wp-json\/wp\/v2\/pwb-brand?post=211298"},{"taxonomy":"product_brand","embeddable":true,"href":"https:\/\/www.delicias-uk.com\/pt-pt\/wp-json\/wp\/v2\/product_brand?post=211298"},{"taxonomy":"product_cat","embeddable":true,"href":"https:\/\/www.delicias-uk.com\/pt-pt\/wp-json\/wp\/v2\/product_cat?post=211298"},{"taxonomy":"product_tag","embeddable":true,"href":"https:\/\/www.delicias-uk.com\/pt-pt\/wp-json\/wp\/v2\/product_tag?post=211298"}],"curies":[{"name":"wp","href":"https:\/\/api.w.org\/{rel}","templated":true}]}}