{"id":211268,"date":"2017-11-01T18:13:54","date_gmt":"2017-11-01T18:13:54","guid":{"rendered":"https:\/\/www.delicias-uk.com\/product\/vinegar-cristal-gourmet-balsamic-d-6-acidity-250ml-2\/"},"modified":"2025-02-06T17:18:10","modified_gmt":"2025-02-06T17:18:10","slug":"vinegar-cristal-gourmet-balsamic-d-6-acidity-250ml-2","status":"publish","type":"product","link":"https:\/\/www.delicias-uk.com\/pt-pt\/produto\/vinegar-cristal-gourmet-balsamic-d-6-acidity-250ml-2\/","title":{"rendered":"Vinagre Bals\u00e2mico Gourmet Cristal 250ml"},"content":{"rendered":"<p style=\"margin-top:0pt;margin-bottom:0pt;margin-left:0in;text-align:left;\"><span style=\"font-size:12pt;font-family:'Calibri Light';color:#000000;\">O vinagre bals\u00e2mico tradicional de Modena, na It\u00e1lia, \u00e9 feito de vinho &#8220;Trebbiano&#8221; e &#8220;Lambrusco&#8221; e uvas suculentas. Depois de secar as uvas ao sol, elas s\u00e3o lentamente esmagadas e fervidas em grandes caldeiras de cobre. O concentrado \u00e9 naturalmente amadurecido em pequenos barris de carvalho. Gra\u00e7as ao seu sabor agridoce, \u00e9 adequado para temperar todos os tipos de carne, ca\u00e7a, peixe e legumes<\/span><span style=\"font-size:12pt;font-family:'Calibri Light';color:#000000;\">.<\/span><\/p>\n<p style=\"margin-top:0pt;margin-bottom:0pt;margin-left:0in;text-align:left;\"><span style=\"font-size:12pt;font-family:'Calibri Light';color:#000000;\">Acidez<\/span><span style=\"font-size:12pt;font-family:'Calibri Light';color:#000000;\">: 6%<\/span><\/p>\n","protected":false},"excerpt":{"rendered":"<p>O vinagre bals\u00e2mico tradicional de Modena, na It\u00e1lia, \u00e9 feito de vinho &#8220;Trebbiano&#8221; e &#8220;Lambrusco&#8221; e uvas suculentas. Depois de secar as uvas ao sol, elas s\u00e3o lentamente esmagadas e fervidas em grandes caldeiras de cobre. O concentrado \u00e9 naturalmente amadurecido em pequenos barris de carvalho. Gra\u00e7as ao seu sabor agridoce, \u00e9 adequado para temperar [&hellip;]<\/p>\n","protected":false},"author":43533,"featured_media":226651,"comment_status":"open","ping_status":"closed","template":"","meta":[],"pwb-brand":[],"product_brand":[],"product_cat":[8289,8291,8403,8559],"product_tag":[],"class_list":{"0":"post-211268","1":"product","2":"type-product","3":"status-publish","4":"has-post-thumbnail","6":"product_cat-inicio","7":"product_cat-produtos-portugueses","8":"product_cat-azeitona-azeite-vinagre","9":"product_cat-vinagre","11":"first","12":"instock","13":"taxable","14":"shipping-taxable","15":"purchasable","16":"product-type-simple"},"aioseo_notices":[],"brands":[],"_links":{"self":[{"href":"https:\/\/www.delicias-uk.com\/pt-pt\/wp-json\/wp\/v2\/product\/211268","targetHints":{"allow":["GET"]}}],"collection":[{"href":"https:\/\/www.delicias-uk.com\/pt-pt\/wp-json\/wp\/v2\/product"}],"about":[{"href":"https:\/\/www.delicias-uk.com\/pt-pt\/wp-json\/wp\/v2\/types\/product"}],"author":[{"embeddable":true,"href":"https:\/\/www.delicias-uk.com\/pt-pt\/wp-json\/wp\/v2\/users\/43533"}],"replies":[{"embeddable":true,"href":"https:\/\/www.delicias-uk.com\/pt-pt\/wp-json\/wp\/v2\/comments?post=211268"}],"wp:featuredmedia":[{"embeddable":true,"href":"https:\/\/www.delicias-uk.com\/pt-pt\/wp-json\/wp\/v2\/media\/226651"}],"wp:attachment":[{"href":"https:\/\/www.delicias-uk.com\/pt-pt\/wp-json\/wp\/v2\/media?parent=211268"}],"wp:term":[{"taxonomy":"pwb-brand","embeddable":true,"href":"https:\/\/www.delicias-uk.com\/pt-pt\/wp-json\/wp\/v2\/pwb-brand?post=211268"},{"taxonomy":"product_brand","embeddable":true,"href":"https:\/\/www.delicias-uk.com\/pt-pt\/wp-json\/wp\/v2\/product_brand?post=211268"},{"taxonomy":"product_cat","embeddable":true,"href":"https:\/\/www.delicias-uk.com\/pt-pt\/wp-json\/wp\/v2\/product_cat?post=211268"},{"taxonomy":"product_tag","embeddable":true,"href":"https:\/\/www.delicias-uk.com\/pt-pt\/wp-json\/wp\/v2\/product_tag?post=211268"}],"curies":[{"name":"wp","href":"https:\/\/api.w.org\/{rel}","templated":true}]}}