{"id":211266,"date":"2017-11-01T18:13:54","date_gmt":"2017-11-01T18:13:54","guid":{"rendered":"https:\/\/www.delicias-uk.com\/product\/vinegar-cristal-gourmet-cider-5-acidity-250ml-2\/"},"modified":"2017-11-01T18:13:54","modified_gmt":"2017-11-01T18:13:54","slug":"vinegar-cristal-gourmet-cider-5-acidity-250ml-2","status":"publish","type":"product","link":"https:\/\/www.delicias-uk.com\/pt-pt\/produto\/vinegar-cristal-gourmet-cider-5-acidity-250ml-2\/","title":{"rendered":"Vinagre de Sidra Gourmet Cristal 250ml"},"content":{"rendered":"<p>Se procura intensidade num sabor conhecido, que combina versatilidade e tradi\u00e7\u00e3o, ecologia e evolu\u00e7\u00e3o \u00e0 mesa.<\/p>\n<p>Ingredientes: Vinagre de Sidra de Ma\u00e7\u00e3, Conservante (E220).<\/p>\n<p>Acidez: 5%<\/p>\n<p>Conservar em local fresco e seco. Cont\u00e9m Sulfitos.<\/p>\n","protected":false},"excerpt":{"rendered":"<ul>\n<li>Vinagre de Sidra de Ma\u00e7\u00e3 Gourmet.<\/li>\n<li>5% de Acidez.<\/li>\n<li>Sem OGM. Adequado para vegetarianos e veganos.<\/li>\n<li>Garrafa de vidro, 250 ml.<\/li>\n<\/ul>\n","protected":false},"author":43533,"featured_media":226657,"comment_status":"open","ping_status":"closed","template":"","meta":[],"pwb-brand":[],"product_brand":[],"product_cat":[8289,8291,8403,8559],"product_tag":[],"class_list":{"0":"post-211266","1":"product","2":"type-product","3":"status-publish","4":"has-post-thumbnail","6":"product_cat-inicio","7":"product_cat-produtos-portugueses","8":"product_cat-azeitona-azeite-vinagre","9":"product_cat-vinagre","11":"first","12":"instock","13":"taxable","14":"shipping-taxable","15":"purchasable","16":"product-type-simple"},"aioseo_notices":[],"brands":[],"_links":{"self":[{"href":"https:\/\/www.delicias-uk.com\/pt-pt\/wp-json\/wp\/v2\/product\/211266","targetHints":{"allow":["GET"]}}],"collection":[{"href":"https:\/\/www.delicias-uk.com\/pt-pt\/wp-json\/wp\/v2\/product"}],"about":[{"href":"https:\/\/www.delicias-uk.com\/pt-pt\/wp-json\/wp\/v2\/types\/product"}],"author":[{"embeddable":true,"href":"https:\/\/www.delicias-uk.com\/pt-pt\/wp-json\/wp\/v2\/users\/43533"}],"replies":[{"embeddable":true,"href":"https:\/\/www.delicias-uk.com\/pt-pt\/wp-json\/wp\/v2\/comments?post=211266"}],"wp:featuredmedia":[{"embeddable":true,"href":"https:\/\/www.delicias-uk.com\/pt-pt\/wp-json\/wp\/v2\/media\/226657"}],"wp:attachment":[{"href":"https:\/\/www.delicias-uk.com\/pt-pt\/wp-json\/wp\/v2\/media?parent=211266"}],"wp:term":[{"taxonomy":"pwb-brand","embeddable":true,"href":"https:\/\/www.delicias-uk.com\/pt-pt\/wp-json\/wp\/v2\/pwb-brand?post=211266"},{"taxonomy":"product_brand","embeddable":true,"href":"https:\/\/www.delicias-uk.com\/pt-pt\/wp-json\/wp\/v2\/product_brand?post=211266"},{"taxonomy":"product_cat","embeddable":true,"href":"https:\/\/www.delicias-uk.com\/pt-pt\/wp-json\/wp\/v2\/product_cat?post=211266"},{"taxonomy":"product_tag","embeddable":true,"href":"https:\/\/www.delicias-uk.com\/pt-pt\/wp-json\/wp\/v2\/product_tag?post=211266"}],"curies":[{"name":"wp","href":"https:\/\/api.w.org\/{rel}","templated":true}]}}