{"id":211252,"date":"2017-11-01T18:13:53","date_gmt":"2017-11-01T18:13:53","guid":{"rendered":"https:\/\/www.delicias-uk.com\/product\/queijo-de-cabra-transmontano-dop-prisca-600g\/"},"modified":"2025-11-25T09:51:04","modified_gmt":"2025-11-25T09:51:04","slug":"queijo-de-cabra-transmontano-dop-prisca-600g","status":"publish","type":"product","link":"https:\/\/www.delicias-uk.com\/pt-pt\/produto\/queijo-de-cabra-transmontano-dop-prisca-600g\/","title":{"rendered":"Queijo de Cabra Transmontano DOP Prisca 600g"},"content":{"rendered":"<p>Com uma hist\u00f3ria que remonta aos confins da antiguidade, o Queijo continua a apresentar-se como um elemento fundamental na gastronomia dos povos, sendo a sua import\u00e2ncia de um elevado valor cultural. A Casa Prisca traz at\u00e9 si a excel\u00eancia das mais verdes pastagens da regi\u00e3o Transmontana apresentando-lhe um magn\u00edfico Queijo de Cabra. De sabor e aroma caracter\u00edsticos \u00e9 uma descoberta a cada nova degusta\u00e7\u00e3o, maravilhando com as suas fragr\u00e2ncias humildes e naturais e o seu gosto t\u00e3o familiar. Surpreenda-se com a versatilidade que o mesmo apresenta combinando-o com compotas ou marmeladas, adorne os seus pratos com uma j\u00f3ia da gastronomia que ir\u00e1 seduzir o seu paladar e enriquecer a sua mesa com momentos de natureza.<\/p>\n","protected":false},"excerpt":{"rendered":"<ul style=\"list-style-type:disc;\">\n<li>Embalagem de 600g<\/li>\n<li>Queijo de Cabra<\/li>\n<li>Fabricado por Casa da Prisca, uma empresa Portuguesa<\/li>\n<\/ul>\n","protected":false},"author":43533,"featured_media":58220,"comment_status":"open","ping_status":"closed","template":"","meta":[],"pwb-brand":[],"product_brand":[],"product_cat":[9322,9323,8289,8291,8377,8487,8715],"product_tag":[],"class_list":{"0":"post-211252","1":"product","2":"type-product","3":"status-publish","4":"has-post-thumbnail","6":"product_cat-salgados-de-natal","7":"product_cat-selecao-de-queijos","8":"product_cat-inicio","9":"product_cat-produtos-portugueses","10":"product_cat-lacticinios","11":"product_cat-queijos","12":"product_cat-cabra-pt-pt","14":"first","15":"instock","16":"taxable","17":"shipping-taxable","18":"purchasable","19":"product-type-simple"},"aioseo_notices":[],"brands":[],"_links":{"self":[{"href":"https:\/\/www.delicias-uk.com\/pt-pt\/wp-json\/wp\/v2\/product\/211252","targetHints":{"allow":["GET"]}}],"collection":[{"href":"https:\/\/www.delicias-uk.com\/pt-pt\/wp-json\/wp\/v2\/product"}],"about":[{"href":"https:\/\/www.delicias-uk.com\/pt-pt\/wp-json\/wp\/v2\/types\/product"}],"author":[{"embeddable":true,"href":"https:\/\/www.delicias-uk.com\/pt-pt\/wp-json\/wp\/v2\/users\/43533"}],"replies":[{"embeddable":true,"href":"https:\/\/www.delicias-uk.com\/pt-pt\/wp-json\/wp\/v2\/comments?post=211252"}],"wp:featuredmedia":[{"embeddable":true,"href":"https:\/\/www.delicias-uk.com\/pt-pt\/wp-json\/wp\/v2\/media\/58220"}],"wp:attachment":[{"href":"https:\/\/www.delicias-uk.com\/pt-pt\/wp-json\/wp\/v2\/media?parent=211252"}],"wp:term":[{"taxonomy":"pwb-brand","embeddable":true,"href":"https:\/\/www.delicias-uk.com\/pt-pt\/wp-json\/wp\/v2\/pwb-brand?post=211252"},{"taxonomy":"product_brand","embeddable":true,"href":"https:\/\/www.delicias-uk.com\/pt-pt\/wp-json\/wp\/v2\/product_brand?post=211252"},{"taxonomy":"product_cat","embeddable":true,"href":"https:\/\/www.delicias-uk.com\/pt-pt\/wp-json\/wp\/v2\/product_cat?post=211252"},{"taxonomy":"product_tag","embeddable":true,"href":"https:\/\/www.delicias-uk.com\/pt-pt\/wp-json\/wp\/v2\/product_tag?post=211252"}],"curies":[{"name":"wp","href":"https:\/\/api.w.org\/{rel}","templated":true}]}}