{"id":211248,"date":"2017-11-01T18:13:53","date_gmt":"2017-11-01T18:13:53","guid":{"rendered":"https:\/\/www.delicias-uk.com\/product\/leite-uht-acores-magro-1lt-x-1-2\/"},"modified":"2026-02-24T11:51:36","modified_gmt":"2026-02-24T11:51:36","slug":"leite-uht-acores-magro-1lt-x-1-2","status":"publish","type":"product","link":"https:\/\/www.delicias-uk.com\/pt-pt\/produto\/leite-uht-acores-magro-1lt-x-1-2\/","title":{"rendered":"Leite UHT Nova A\u00e7ores Magro 1L x 6"},"content":{"rendered":"<p>O leite magro uht nova a\u00e7ores \u00e9 um leite puro, rico em nutrientes e sem gordura. Com apenas 33 kcal por cada 100 ml de produto, desfrute de forma saud\u00e1vel de todo o sabor do verdadeiro leite dos a\u00e7ores sem gordura.<\/p>\n","protected":false},"excerpt":{"rendered":"<p>O leite magro uht nova a\u00e7ores \u00e9 um leite puro, rico em nutrientes e sem gordura. Com apenas 33 kcal por cada 100 ml de produto, desfrute de forma saud\u00e1vel de todo o sabor do verdadeiro leite dos a\u00e7ores sem gordura.<\/p>\n","protected":false},"author":43533,"featured_media":83536,"comment_status":"open","ping_status":"closed","template":"","meta":[],"pwb-brand":[],"product_brand":[],"product_cat":[8699,8499,8363],"product_tag":[],"class_list":{"0":"post-211248","1":"product","2":"type-product","3":"status-publish","4":"has-post-thumbnail","6":"product_cat-leite","7":"product_cat-sem-glutem","8":"product_cat-halal-pt-pt","10":"first","11":"instock","12":"taxable","13":"shipping-taxable","14":"purchasable","15":"product-type-simple"},"aioseo_notices":[],"brands":[],"_links":{"self":[{"href":"https:\/\/www.delicias-uk.com\/pt-pt\/wp-json\/wp\/v2\/product\/211248","targetHints":{"allow":["GET"]}}],"collection":[{"href":"https:\/\/www.delicias-uk.com\/pt-pt\/wp-json\/wp\/v2\/product"}],"about":[{"href":"https:\/\/www.delicias-uk.com\/pt-pt\/wp-json\/wp\/v2\/types\/product"}],"author":[{"embeddable":true,"href":"https:\/\/www.delicias-uk.com\/pt-pt\/wp-json\/wp\/v2\/users\/43533"}],"replies":[{"embeddable":true,"href":"https:\/\/www.delicias-uk.com\/pt-pt\/wp-json\/wp\/v2\/comments?post=211248"}],"wp:featuredmedia":[{"embeddable":true,"href":"https:\/\/www.delicias-uk.com\/pt-pt\/wp-json\/wp\/v2\/media\/83536"}],"wp:attachment":[{"href":"https:\/\/www.delicias-uk.com\/pt-pt\/wp-json\/wp\/v2\/media?parent=211248"}],"wp:term":[{"taxonomy":"pwb-brand","embeddable":true,"href":"https:\/\/www.delicias-uk.com\/pt-pt\/wp-json\/wp\/v2\/pwb-brand?post=211248"},{"taxonomy":"product_brand","embeddable":true,"href":"https:\/\/www.delicias-uk.com\/pt-pt\/wp-json\/wp\/v2\/product_brand?post=211248"},{"taxonomy":"product_cat","embeddable":true,"href":"https:\/\/www.delicias-uk.com\/pt-pt\/wp-json\/wp\/v2\/product_cat?post=211248"},{"taxonomy":"product_tag","embeddable":true,"href":"https:\/\/www.delicias-uk.com\/pt-pt\/wp-json\/wp\/v2\/product_tag?post=211248"}],"curies":[{"name":"wp","href":"https:\/\/api.w.org\/{rel}","templated":true}]}}