{"id":211246,"date":"2017-11-01T18:13:53","date_gmt":"2017-11-01T18:13:53","guid":{"rendered":"https:\/\/www.delicias-uk.com\/product\/leite-uht-acores-gordo-1lt-x-1-2\/"},"modified":"2025-12-01T14:21:13","modified_gmt":"2025-12-01T14:21:13","slug":"leite-uht-acores-gordo-1lt-x-1-2","status":"publish","type":"product","link":"https:\/\/www.delicias-uk.com\/pt-pt\/produto\/leite-uht-acores-gordo-1lt-x-1-2\/","title":{"rendered":"Leite UHT Nova A\u00e7ores Gordo 1L x 6"},"content":{"rendered":"<p>O leite gordo nova a\u00e7ores pastagem tem origem em explora\u00e7\u00f5es controladas e certificadas pela apcer, promovendo o bem-estar animal. \u00c9 um leite proveniente de animais que pastam livremente 365 dias por ano, sendo um leite puro, altamente nutritivo e com todo o sabor do leite a\u00e7oriano. Por ter um valor altamente nutritivo, \u00e9 recomendado a crian\u00e7as com menos de 2 anos ou em circunst\u00e2ncias de elevado esfor\u00e7o f\u00edsico, onde existe uma maior necessidade de consumo de calorias e vitaminas.<\/p>\n","protected":false},"excerpt":{"rendered":"<p>O leite gordo nova a\u00e7ores pastagem tem origem em explora\u00e7\u00f5es controladas e certificadas pela apcer, promovendo o bem-estar animal. \u00c9 um leite proveniente de animais que pastam livremente 365 dias por ano, sendo um leite puro, altamente nutritivo e com todo o sabor do leite a\u00e7oriano. Por ter um valor altamente nutritivo, \u00e9 recomendado a [&hellip;]<\/p>\n","protected":false},"author":43533,"featured_media":83532,"comment_status":"open","ping_status":"closed","template":"","meta":[],"pwb-brand":[],"product_brand":[],"product_cat":[8699,8499,8363],"product_tag":[],"class_list":{"0":"post-211246","1":"product","2":"type-product","3":"status-publish","4":"has-post-thumbnail","6":"product_cat-leite","7":"product_cat-sem-glutem","8":"product_cat-halal-pt-pt","10":"first","11":"instock","12":"taxable","13":"shipping-taxable","14":"purchasable","15":"product-type-simple"},"aioseo_notices":[],"brands":[],"_links":{"self":[{"href":"https:\/\/www.delicias-uk.com\/pt-pt\/wp-json\/wp\/v2\/product\/211246","targetHints":{"allow":["GET"]}}],"collection":[{"href":"https:\/\/www.delicias-uk.com\/pt-pt\/wp-json\/wp\/v2\/product"}],"about":[{"href":"https:\/\/www.delicias-uk.com\/pt-pt\/wp-json\/wp\/v2\/types\/product"}],"author":[{"embeddable":true,"href":"https:\/\/www.delicias-uk.com\/pt-pt\/wp-json\/wp\/v2\/users\/43533"}],"replies":[{"embeddable":true,"href":"https:\/\/www.delicias-uk.com\/pt-pt\/wp-json\/wp\/v2\/comments?post=211246"}],"wp:featuredmedia":[{"embeddable":true,"href":"https:\/\/www.delicias-uk.com\/pt-pt\/wp-json\/wp\/v2\/media\/83532"}],"wp:attachment":[{"href":"https:\/\/www.delicias-uk.com\/pt-pt\/wp-json\/wp\/v2\/media?parent=211246"}],"wp:term":[{"taxonomy":"pwb-brand","embeddable":true,"href":"https:\/\/www.delicias-uk.com\/pt-pt\/wp-json\/wp\/v2\/pwb-brand?post=211246"},{"taxonomy":"product_brand","embeddable":true,"href":"https:\/\/www.delicias-uk.com\/pt-pt\/wp-json\/wp\/v2\/product_brand?post=211246"},{"taxonomy":"product_cat","embeddable":true,"href":"https:\/\/www.delicias-uk.com\/pt-pt\/wp-json\/wp\/v2\/product_cat?post=211246"},{"taxonomy":"product_tag","embeddable":true,"href":"https:\/\/www.delicias-uk.com\/pt-pt\/wp-json\/wp\/v2\/product_tag?post=211246"}],"curies":[{"name":"wp","href":"https:\/\/api.w.org\/{rel}","templated":true}]}}