{"id":211244,"date":"2017-11-01T18:13:53","date_gmt":"2017-11-01T18:13:53","guid":{"rendered":"https:\/\/www.delicias-uk.com\/product\/leite-uht-acores-m-gordo-1lt-x-1-2\/"},"modified":"2026-05-09T11:17:08","modified_gmt":"2026-05-09T10:17:08","slug":"leite-uht-acores-m-gordo-1lt-x-1-2","status":"publish","type":"product","link":"https:\/\/www.delicias-uk.com\/pt-pt\/produto\/leite-uht-acores-m-gordo-1lt-x-1-2\/","title":{"rendered":"Leite UHT Nova A\u00e7ores Meio Gordo 1L x 6"},"content":{"rendered":"<p style=\"margin-top:0pt;margin-bottom:0pt;margin-left:0in;text-align:left;\"><span style=\"font-family:Calibri;\"><span style=\"font-size:16px;\">Um leite com menos lactose e sem gordura,\u00a0 leite premium destinado, sobretudo, a pessoas confiantes, sofisticadas, com um estilo de vida ativo, tanto a n\u00edvel profissional como pessoal, que d\u00e1 prioridade ao seu bem-estar, \u00e0 sua sa\u00fade e \u00e0s boas escolhas.<\/span><\/span><\/p>\n","protected":false},"excerpt":{"rendered":"<p>Um leite com menos lactose e sem gordura,\u00a0 leite premium destinado, sobretudo, a pessoas confiantes, sofisticadas, com um estilo de vida ativo, tanto a n\u00edvel profissional como pessoal, que d\u00e1 prioridade ao seu bem-estar, \u00e0 sua sa\u00fade e \u00e0s boas escolhas.<\/p>\n","protected":false},"author":43533,"featured_media":83528,"comment_status":"open","ping_status":"closed","template":"","meta":[],"pwb-brand":[],"product_brand":[],"product_cat":[8699,8499,8363],"product_tag":[],"class_list":{"0":"post-211244","1":"product","2":"type-product","3":"status-publish","4":"has-post-thumbnail","6":"product_cat-leite","7":"product_cat-sem-glutem","8":"product_cat-halal-pt-pt","10":"first","11":"instock","12":"taxable","13":"shipping-taxable","14":"purchasable","15":"product-type-simple"},"aioseo_notices":[],"brands":[],"_links":{"self":[{"href":"https:\/\/www.delicias-uk.com\/pt-pt\/wp-json\/wp\/v2\/product\/211244","targetHints":{"allow":["GET"]}}],"collection":[{"href":"https:\/\/www.delicias-uk.com\/pt-pt\/wp-json\/wp\/v2\/product"}],"about":[{"href":"https:\/\/www.delicias-uk.com\/pt-pt\/wp-json\/wp\/v2\/types\/product"}],"author":[{"embeddable":true,"href":"https:\/\/www.delicias-uk.com\/pt-pt\/wp-json\/wp\/v2\/users\/43533"}],"replies":[{"embeddable":true,"href":"https:\/\/www.delicias-uk.com\/pt-pt\/wp-json\/wp\/v2\/comments?post=211244"}],"wp:featuredmedia":[{"embeddable":true,"href":"https:\/\/www.delicias-uk.com\/pt-pt\/wp-json\/wp\/v2\/media\/83528"}],"wp:attachment":[{"href":"https:\/\/www.delicias-uk.com\/pt-pt\/wp-json\/wp\/v2\/media?parent=211244"}],"wp:term":[{"taxonomy":"pwb-brand","embeddable":true,"href":"https:\/\/www.delicias-uk.com\/pt-pt\/wp-json\/wp\/v2\/pwb-brand?post=211244"},{"taxonomy":"product_brand","embeddable":true,"href":"https:\/\/www.delicias-uk.com\/pt-pt\/wp-json\/wp\/v2\/product_brand?post=211244"},{"taxonomy":"product_cat","embeddable":true,"href":"https:\/\/www.delicias-uk.com\/pt-pt\/wp-json\/wp\/v2\/product_cat?post=211244"},{"taxonomy":"product_tag","embeddable":true,"href":"https:\/\/www.delicias-uk.com\/pt-pt\/wp-json\/wp\/v2\/product_tag?post=211244"}],"curies":[{"name":"wp","href":"https:\/\/api.w.org\/{rel}","templated":true}]}}