{"id":211196,"date":"2017-11-01T18:13:53","date_gmt":"2017-11-01T18:13:53","guid":{"rendered":"https:\/\/www.delicias-uk.com\/product\/chourico-de-porco-preto-c-vinho-casa-do-porco-preto-saqueta-200g\/"},"modified":"2026-02-26T23:43:12","modified_gmt":"2026-02-26T23:43:12","slug":"chourico-de-porco-preto-c-vinho-casa-do-porco-preto-saqueta-200g","status":"publish","type":"product","link":"https:\/\/www.delicias-uk.com\/pt-pt\/produto\/chourico-de-porco-preto-c-vinho-casa-do-porco-preto-saqueta-200g\/","title":{"rendered":"Chouri\u00e7o de Porco Preto com Vinho Casa do Porco Preto Saqueta 200g"},"content":{"rendered":"<p>De aroma forte e peculiar, a Salsicha de Porco Preto com Vinho \u00e9 uma pe\u00e7a muito tenra e suculenta, com um aspeto de inclus\u00f5es de gordura branca bem envolvida pelas massas de carne quase preta. Caracteriza-se pelo seu sabor intenso e duradouro.<\/p>\n<p><strong>Ingredientes<\/strong>: Carne de Porco Preto (86,6%), Vinho (sulfitos), Pimenta, Sal, Alho, Sangue de Porco em P\u00f3, Dextrose, Dextrina, Cominhos, Piment\u00e3o Doce, Pimenta Preta, Antioxidantes: \u00c1cido Asc\u00f3rbico (E-300 ) e Ascorbato de S\u00f3dio (E -301) e Conservantes: Nitrato de Pot\u00e1ssio (E-252) e Nitrito de S\u00f3dio (E-250).<\/p>\n<p><strong>Alerg\u00e9nios<\/strong>: cont\u00e9m <strong>SULFITOS<\/strong>.<\/p>\n<p><strong>Informa\u00e7\u00e3o nutricional por 100g:<\/strong><\/p>\n<ul style=\"list-style-type:disc;\">\n<li>Energia 1864 kJ \u2013 451 kcal<\/li>\n<li>L\u00edpidos: 41g<\/li>\n<li>Dos quais saturados: 17 g<\/li>\n<li>Hidratos de carbono: 1,8 g<\/li>\n<li>Dos quais a\u00e7\u00facares: 1,0 g<\/li>\n<li>Fibra: 1,0g<\/li>\n<li>Prote\u00ednas: 23g<\/li>\n<li>Sal: 4,25g<\/li>\n<\/ul>\n<p><strong>Pa\u00eds de origem<\/strong>: Portugal<\/p>\n","protected":false},"excerpt":{"rendered":"<ul style=\"list-style-type:disc;\">\n<li>Peso l\u00edquido 200g<\/li>\n<li>Feito de porco preto com vinho<\/li>\n<li>Fonte de prote\u00edna<\/li>\n<\/ul>\n","protected":false},"author":43533,"featured_media":83434,"comment_status":"open","ping_status":"closed","template":"","meta":[],"pwb-brand":[],"product_brand":[],"product_cat":[8289,8291,8337,8663,8499,8539],"product_tag":[],"class_list":{"0":"post-211196","1":"product","2":"type-product","3":"status-publish","4":"has-post-thumbnail","6":"product_cat-inicio","7":"product_cat-produtos-portugueses","8":"product_cat-charcutaria","9":"product_cat-chourico-e-salsicha","10":"product_cat-sem-glutem","11":"product_cat-sem-lactose","13":"first","14":"instock","15":"taxable","16":"shipping-taxable","17":"purchasable","18":"product-type-simple"},"aioseo_notices":[],"brands":[],"_links":{"self":[{"href":"https:\/\/www.delicias-uk.com\/pt-pt\/wp-json\/wp\/v2\/product\/211196","targetHints":{"allow":["GET"]}}],"collection":[{"href":"https:\/\/www.delicias-uk.com\/pt-pt\/wp-json\/wp\/v2\/product"}],"about":[{"href":"https:\/\/www.delicias-uk.com\/pt-pt\/wp-json\/wp\/v2\/types\/product"}],"author":[{"embeddable":true,"href":"https:\/\/www.delicias-uk.com\/pt-pt\/wp-json\/wp\/v2\/users\/43533"}],"replies":[{"embeddable":true,"href":"https:\/\/www.delicias-uk.com\/pt-pt\/wp-json\/wp\/v2\/comments?post=211196"}],"wp:featuredmedia":[{"embeddable":true,"href":"https:\/\/www.delicias-uk.com\/pt-pt\/wp-json\/wp\/v2\/media\/83434"}],"wp:attachment":[{"href":"https:\/\/www.delicias-uk.com\/pt-pt\/wp-json\/wp\/v2\/media?parent=211196"}],"wp:term":[{"taxonomy":"pwb-brand","embeddable":true,"href":"https:\/\/www.delicias-uk.com\/pt-pt\/wp-json\/wp\/v2\/pwb-brand?post=211196"},{"taxonomy":"product_brand","embeddable":true,"href":"https:\/\/www.delicias-uk.com\/pt-pt\/wp-json\/wp\/v2\/product_brand?post=211196"},{"taxonomy":"product_cat","embeddable":true,"href":"https:\/\/www.delicias-uk.com\/pt-pt\/wp-json\/wp\/v2\/product_cat?post=211196"},{"taxonomy":"product_tag","embeddable":true,"href":"https:\/\/www.delicias-uk.com\/pt-pt\/wp-json\/wp\/v2\/product_tag?post=211196"}],"curies":[{"name":"wp","href":"https:\/\/api.w.org\/{rel}","templated":true}]}}