{"id":211194,"date":"2017-11-01T18:13:53","date_gmt":"2017-11-01T18:13:53","guid":{"rendered":"https:\/\/www.delicias-uk.com\/product\/chourico-de-porco-preto-casa-do-porco-preto-saqueta-200g\/"},"modified":"2026-03-29T15:37:07","modified_gmt":"2026-03-29T14:37:07","slug":"chourico-de-porco-preto-casa-do-porco-preto-saqueta-200g","status":"publish","type":"product","link":"https:\/\/www.delicias-uk.com\/pt-pt\/produto\/chourico-de-porco-preto-casa-do-porco-preto-saqueta-200g\/","title":{"rendered":"Chouri\u00e7o de Porco Preto Casa do Porco Preto Saqueta 200g"},"content":{"rendered":"<p>Uma sele\u00e7\u00e3o das melhores carnes que depois de finamente picadas, s\u00e3o temperadas com os temperos tradicionais. Possui aroma ativo e persistente e um intenso e pouco salgado. \u00c9 uma pe\u00e7a com textura consistente, por\u00e9m macia.<\/p>\n<p><strong>Ingredientes<\/strong>: Carne de Porco Preto (91,6%), Sal, Alho, P\u00e1prica, Piment\u00e3o, Dextrose, Dextrina, Oleorresina de P\u00e1prica, Antioxidantes: \u00c1cido Asc\u00f3rbico (E-300) e Ascorbato de S\u00f3dio (E-301) e Conservantes: Nitrato de Pot\u00e1ssio (E-252) e Nitrito de S\u00f3dio (E-250).<\/p>\n<p><strong>Al\u00e9rgenos<\/strong>: nenhum<\/p>\n<p><strong>Informa\u00e7\u00f5es nutricionais por 100g:<\/strong><\/p>\n<ul style=\"list-style-type:disc;\">\n<li>Energia 1895 kJ- 461 kcal<\/li>\n<li>Gordura: 41 g<\/li>\n<li>Dos quais saturados: 18 g<\/li>\n<li>Carboidratos: 3,0 g<\/li>\n<li>Dos quais a\u00e7\u00facares: &lt;0,5 g<\/li>\n<li>Fibra: 1,0 g<\/li>\n<li>Prote\u00edna: 23 g<\/li>\n<li>Sal: 3,86 g<\/li>\n<\/ul>\n<p><strong>Pa\u00eds de origem<\/strong>: Portugal<\/p>\n","protected":false},"excerpt":{"rendered":"<ul style=\"list-style-type:disc;\">\n<li>Peso l\u00edquido 200g<\/li>\n<li>Sem gl\u00faten<\/li>\n<li>Fonte de prote\u00edna<\/li>\n<\/ul>\n","protected":false},"author":43533,"featured_media":83428,"comment_status":"open","ping_status":"closed","template":"","meta":[],"pwb-brand":[],"product_brand":[],"product_cat":[8289,8291,8337,8663],"product_tag":[],"class_list":{"0":"post-211194","1":"product","2":"type-product","3":"status-publish","4":"has-post-thumbnail","6":"product_cat-inicio","7":"product_cat-produtos-portugueses","8":"product_cat-charcutaria","9":"product_cat-chourico-e-salsicha","11":"first","12":"outofstock","13":"taxable","14":"shipping-taxable","15":"purchasable","16":"product-type-simple"},"aioseo_notices":[],"brands":[],"_links":{"self":[{"href":"https:\/\/www.delicias-uk.com\/pt-pt\/wp-json\/wp\/v2\/product\/211194","targetHints":{"allow":["GET"]}}],"collection":[{"href":"https:\/\/www.delicias-uk.com\/pt-pt\/wp-json\/wp\/v2\/product"}],"about":[{"href":"https:\/\/www.delicias-uk.com\/pt-pt\/wp-json\/wp\/v2\/types\/product"}],"author":[{"embeddable":true,"href":"https:\/\/www.delicias-uk.com\/pt-pt\/wp-json\/wp\/v2\/users\/43533"}],"replies":[{"embeddable":true,"href":"https:\/\/www.delicias-uk.com\/pt-pt\/wp-json\/wp\/v2\/comments?post=211194"}],"wp:featuredmedia":[{"embeddable":true,"href":"https:\/\/www.delicias-uk.com\/pt-pt\/wp-json\/wp\/v2\/media\/83428"}],"wp:attachment":[{"href":"https:\/\/www.delicias-uk.com\/pt-pt\/wp-json\/wp\/v2\/media?parent=211194"}],"wp:term":[{"taxonomy":"pwb-brand","embeddable":true,"href":"https:\/\/www.delicias-uk.com\/pt-pt\/wp-json\/wp\/v2\/pwb-brand?post=211194"},{"taxonomy":"product_brand","embeddable":true,"href":"https:\/\/www.delicias-uk.com\/pt-pt\/wp-json\/wp\/v2\/product_brand?post=211194"},{"taxonomy":"product_cat","embeddable":true,"href":"https:\/\/www.delicias-uk.com\/pt-pt\/wp-json\/wp\/v2\/product_cat?post=211194"},{"taxonomy":"product_tag","embeddable":true,"href":"https:\/\/www.delicias-uk.com\/pt-pt\/wp-json\/wp\/v2\/product_tag?post=211194"}],"curies":[{"name":"wp","href":"https:\/\/api.w.org\/{rel}","templated":true}]}}