{"id":211190,"date":"2017-11-01T18:13:53","date_gmt":"2017-11-01T18:13:53","guid":{"rendered":"https:\/\/www.delicias-uk.com\/product\/barrancos-farinheira-p-iberico-200g-2\/"},"modified":"2026-03-25T14:23:54","modified_gmt":"2026-03-25T14:23:54","slug":"barrancos-farinheira-p-iberico-200g-2","status":"publish","type":"product","link":"https:\/\/www.delicias-uk.com\/pt-pt\/produto\/barrancos-farinheira-p-iberico-200g-2\/","title":{"rendered":"Barrancos Farinheira Porco Preto Saq. 200G"},"content":{"rendered":"<p style=\"margin-top:0pt;margin-bottom:0pt;margin-left:0in;text-align:left\"><span style=\"font-size:12pt;font-family:'Calibri Light';color:#000000\">Farinheira de Porco Preto. \u00c9 <\/span><span style=\"font-size:12pt;font-family:'Calibri Light';color:#000000\">seleccionada a melhor gordura \u00e0 qual, depois de finamente picada, \u00e9 adicionada farinha de trigo e condimentos tradicionais. Revela uma textura mole e suculenta e um aroma fresco, apresentando um aspecto amarelado. O seu sabor, apesar de intenso, \u00e9 pouco salgado.<\/span><\/p>\n","protected":false},"excerpt":{"rendered":"<p>Farinheira de Porco Preto. \u00c9 seleccionada a melhor gordura \u00e0 qual, depois de finamente picada, \u00e9 adicionada farinha de trigo e condimentos tradicionais. Revela uma textura mole e suculenta e um aroma fresco, apresentando um aspecto amarelado. O seu sabor, apesar de intenso, \u00e9 pouco salgado.<\/p>\n","protected":false},"author":43533,"featured_media":251444,"comment_status":"open","ping_status":"closed","template":"","meta":[],"pwb-brand":[],"product_brand":[],"product_cat":[8289,8291,8337,8659],"product_tag":[],"class_list":{"0":"post-211190","1":"product","2":"type-product","3":"status-publish","4":"has-post-thumbnail","6":"product_cat-inicio","7":"product_cat-produtos-portugueses","8":"product_cat-charcutaria","9":"product_cat-alheira-farinheira-morcela","11":"first","12":"outofstock","13":"taxable","14":"shipping-taxable","15":"purchasable","16":"product-type-simple"},"aioseo_notices":[],"brands":[],"_links":{"self":[{"href":"https:\/\/www.delicias-uk.com\/pt-pt\/wp-json\/wp\/v2\/product\/211190","targetHints":{"allow":["GET"]}}],"collection":[{"href":"https:\/\/www.delicias-uk.com\/pt-pt\/wp-json\/wp\/v2\/product"}],"about":[{"href":"https:\/\/www.delicias-uk.com\/pt-pt\/wp-json\/wp\/v2\/types\/product"}],"author":[{"embeddable":true,"href":"https:\/\/www.delicias-uk.com\/pt-pt\/wp-json\/wp\/v2\/users\/43533"}],"replies":[{"embeddable":true,"href":"https:\/\/www.delicias-uk.com\/pt-pt\/wp-json\/wp\/v2\/comments?post=211190"}],"wp:featuredmedia":[{"embeddable":true,"href":"https:\/\/www.delicias-uk.com\/pt-pt\/wp-json\/wp\/v2\/media\/251444"}],"wp:attachment":[{"href":"https:\/\/www.delicias-uk.com\/pt-pt\/wp-json\/wp\/v2\/media?parent=211190"}],"wp:term":[{"taxonomy":"pwb-brand","embeddable":true,"href":"https:\/\/www.delicias-uk.com\/pt-pt\/wp-json\/wp\/v2\/pwb-brand?post=211190"},{"taxonomy":"product_brand","embeddable":true,"href":"https:\/\/www.delicias-uk.com\/pt-pt\/wp-json\/wp\/v2\/product_brand?post=211190"},{"taxonomy":"product_cat","embeddable":true,"href":"https:\/\/www.delicias-uk.com\/pt-pt\/wp-json\/wp\/v2\/product_cat?post=211190"},{"taxonomy":"product_tag","embeddable":true,"href":"https:\/\/www.delicias-uk.com\/pt-pt\/wp-json\/wp\/v2\/product_tag?post=211190"}],"curies":[{"name":"wp","href":"https:\/\/api.w.org\/{rel}","templated":true}]}}