{"id":211188,"date":"2017-11-01T18:13:53","date_gmt":"2017-11-01T18:13:53","guid":{"rendered":"https:\/\/www.delicias-uk.com\/product\/prisca-trad-chestnut-jam-jar-250g-2\/"},"modified":"2025-02-06T17:17:10","modified_gmt":"2025-02-06T17:17:10","slug":"prisca-trad-chestnut-jam-jar-250g-2","status":"publish","type":"product","link":"https:\/\/www.delicias-uk.com\/pt-pt\/produto\/prisca-trad-chestnut-jam-jar-250g-2\/","title":{"rendered":"Compota de Castanha Prisca 250g"},"content":{"rendered":"<p style=\"margin-top:0pt;margin-bottom:0pt;margin-left:0in;text-align:left;\"><span style=\"font-size:12pt;font-family:Calibri;color:#000000;\">D<\/span><span style=\"font-size:12pt;font-family:Calibri;color:#000000;\">oce <\/span><span style=\"font-size:12pt;font-family:Calibri;color:#000000;\">de Castanha <\/span><span style=\"font-size:12pt;font-family:Calibri;color:#000000;\">100<\/span><span style=\"font-size:12pt;font-family:Calibri;color:#000000;\">% natural<\/span><span style=\"font-size:12pt;font-family:Calibri;color:#000000;\">, <\/span><span style=\"font-size:12pt;font-family:Calibri;color:#000000;\">sabor quente e humilde. <\/span><span style=\"font-size:12pt;font-family:Calibri;color:#000000;\">Utilizar <\/span><span style=\"font-size:12pt;font-family:Calibri;color:#000000;\">como uma sofisticada compota nas suas refei\u00e7\u00f5es di\u00e1rias ou para criar deliciosos molhos e coberturas para sobremesas.<\/span><\/p>\n","protected":false},"excerpt":{"rendered":"<p>Doce de Castanha 100% natural, sabor quente e humilde. Utilizar como uma sofisticada compota nas suas refei\u00e7\u00f5es di\u00e1rias ou para criar deliciosos molhos e coberturas para sobremesas.<\/p>\n","protected":false},"author":43533,"featured_media":226345,"comment_status":"open","ping_status":"closed","template":"","meta":[],"pwb-brand":[],"product_brand":[],"product_cat":[8705],"product_tag":[],"class_list":{"0":"post-211188","1":"product","2":"type-product","3":"status-publish","4":"has-post-thumbnail","6":"product_cat-compotas","8":"first","9":"instock","10":"taxable","11":"shipping-taxable","12":"purchasable","13":"product-type-simple"},"aioseo_notices":[],"brands":[],"_links":{"self":[{"href":"https:\/\/www.delicias-uk.com\/pt-pt\/wp-json\/wp\/v2\/product\/211188","targetHints":{"allow":["GET"]}}],"collection":[{"href":"https:\/\/www.delicias-uk.com\/pt-pt\/wp-json\/wp\/v2\/product"}],"about":[{"href":"https:\/\/www.delicias-uk.com\/pt-pt\/wp-json\/wp\/v2\/types\/product"}],"author":[{"embeddable":true,"href":"https:\/\/www.delicias-uk.com\/pt-pt\/wp-json\/wp\/v2\/users\/43533"}],"replies":[{"embeddable":true,"href":"https:\/\/www.delicias-uk.com\/pt-pt\/wp-json\/wp\/v2\/comments?post=211188"}],"wp:featuredmedia":[{"embeddable":true,"href":"https:\/\/www.delicias-uk.com\/pt-pt\/wp-json\/wp\/v2\/media\/226345"}],"wp:attachment":[{"href":"https:\/\/www.delicias-uk.com\/pt-pt\/wp-json\/wp\/v2\/media?parent=211188"}],"wp:term":[{"taxonomy":"pwb-brand","embeddable":true,"href":"https:\/\/www.delicias-uk.com\/pt-pt\/wp-json\/wp\/v2\/pwb-brand?post=211188"},{"taxonomy":"product_brand","embeddable":true,"href":"https:\/\/www.delicias-uk.com\/pt-pt\/wp-json\/wp\/v2\/product_brand?post=211188"},{"taxonomy":"product_cat","embeddable":true,"href":"https:\/\/www.delicias-uk.com\/pt-pt\/wp-json\/wp\/v2\/product_cat?post=211188"},{"taxonomy":"product_tag","embeddable":true,"href":"https:\/\/www.delicias-uk.com\/pt-pt\/wp-json\/wp\/v2\/product_tag?post=211188"}],"curies":[{"name":"wp","href":"https:\/\/api.w.org\/{rel}","templated":true}]}}