{"id":211180,"date":"2017-11-01T18:13:53","date_gmt":"2017-11-01T18:13:53","guid":{"rendered":"https:\/\/www.delicias-uk.com\/product\/adocante-camelo-em-sache-250g\/"},"modified":"2025-02-06T17:18:22","modified_gmt":"2025-02-06T17:18:22","slug":"adocante-camelo-em-sache-250g","status":"publish","type":"product","link":"https:\/\/www.delicias-uk.com\/pt-pt\/produto\/adocante-camelo-em-sache-250g\/","title":{"rendered":"Ado\u00e7ante Camelo em Sach\u00ea 250g"},"content":{"rendered":"<p>Ado\u00e7ante de mesa perfeito para acompanhar o seu caf\u00e9 ou ch\u00e1.<\/p>\n<p><strong>Ingredientes<\/strong>: Dextrose, Aspartame, Acesulfame K, Celulose Microcristalina, L-Leucina<\/p>\n<p><strong>Alerg\u00e9nios<\/strong>: nenhum<\/p>\n<p><strong>Informa\u00e7\u00e3o nutricional por 100g:<\/strong><\/p>\n<ul style=\"list-style-type:disc;\">\n<li>Energia &#8211; 1424 KJ\/ 335 Kcal<\/li>\n<li>L\u00edpidos &#8211; 0 g<\/li>\n<li>dos quais saturados &#8211; 0 g<\/li>\n<li>Hidratos de carbono &#8211; 82,8 g<\/li>\n<li>dos quais a\u00e7\u00facares &#8211; 80,2g<\/li>\n<li>Fibra &#8211; 0 g<\/li>\n<li>Prote\u00ednas &#8211; 1g<\/li>\n<li>Sal &#8211; 0,863g<\/li>\n<\/ul>\n<p><strong>Pa\u00eds de origem<\/strong>: Portugal<\/p>\n","protected":false},"excerpt":{"rendered":"<ul style=\"list-style-type:disc;\">\n<li>Peso l\u00edquido 250g<\/li>\n<li>Cont\u00e9m 250 sach\u00eas com 2 c\u00e1psulas cada<\/li>\n<li>Perfeito para acompanhar seu ch\u00e1 ou caf\u00e9<\/li>\n<\/ul>\n","protected":false},"author":43533,"featured_media":83404,"comment_status":"open","ping_status":"closed","template":"","meta":[],"pwb-brand":[],"product_brand":[],"product_cat":[8289,8291,8351,8561,8573,8499,8539],"product_tag":[],"class_list":{"0":"post-211180","1":"product","2":"type-product","3":"status-publish","4":"has-post-thumbnail","6":"product_cat-inicio","7":"product_cat-produtos-portugueses","8":"product_cat-cafe-cha-acucar","9":"product_cat-acucar-adocante","10":"product_cat-sem-acucar","11":"product_cat-sem-glutem","12":"product_cat-sem-lactose","14":"first","15":"instock","16":"taxable","17":"shipping-taxable","18":"purchasable","19":"product-type-simple"},"aioseo_notices":[],"brands":[],"_links":{"self":[{"href":"https:\/\/www.delicias-uk.com\/pt-pt\/wp-json\/wp\/v2\/product\/211180","targetHints":{"allow":["GET"]}}],"collection":[{"href":"https:\/\/www.delicias-uk.com\/pt-pt\/wp-json\/wp\/v2\/product"}],"about":[{"href":"https:\/\/www.delicias-uk.com\/pt-pt\/wp-json\/wp\/v2\/types\/product"}],"author":[{"embeddable":true,"href":"https:\/\/www.delicias-uk.com\/pt-pt\/wp-json\/wp\/v2\/users\/43533"}],"replies":[{"embeddable":true,"href":"https:\/\/www.delicias-uk.com\/pt-pt\/wp-json\/wp\/v2\/comments?post=211180"}],"wp:featuredmedia":[{"embeddable":true,"href":"https:\/\/www.delicias-uk.com\/pt-pt\/wp-json\/wp\/v2\/media\/83404"}],"wp:attachment":[{"href":"https:\/\/www.delicias-uk.com\/pt-pt\/wp-json\/wp\/v2\/media?parent=211180"}],"wp:term":[{"taxonomy":"pwb-brand","embeddable":true,"href":"https:\/\/www.delicias-uk.com\/pt-pt\/wp-json\/wp\/v2\/pwb-brand?post=211180"},{"taxonomy":"product_brand","embeddable":true,"href":"https:\/\/www.delicias-uk.com\/pt-pt\/wp-json\/wp\/v2\/product_brand?post=211180"},{"taxonomy":"product_cat","embeddable":true,"href":"https:\/\/www.delicias-uk.com\/pt-pt\/wp-json\/wp\/v2\/product_cat?post=211180"},{"taxonomy":"product_tag","embeddable":true,"href":"https:\/\/www.delicias-uk.com\/pt-pt\/wp-json\/wp\/v2\/product_tag?post=211180"}],"curies":[{"name":"wp","href":"https:\/\/api.w.org\/{rel}","templated":true}]}}