{"id":211170,"date":"2017-11-01T18:13:53","date_gmt":"2017-11-01T18:13:53","guid":{"rendered":"https:\/\/www.delicias-uk.com\/product\/caixa-de-cha-lipton-sabor-cidreira-20g\/"},"modified":"2026-03-26T21:43:23","modified_gmt":"2026-03-26T21:43:23","slug":"caixa-de-cha-lipton-sabor-cidreira-20g","status":"publish","type":"product","link":"https:\/\/www.delicias-uk.com\/pt-pt\/produto\/caixa-de-cha-lipton-sabor-cidreira-20g\/","title":{"rendered":"Caixa de Ch\u00e1 Lipton Sabor Cidreira 20g"},"content":{"rendered":"<p>Desfrute da refrescante mistura de ch\u00e1 verde com erva-cidreira e lim\u00e3o e experimente um sabor de ch\u00e1 maravilhosamente arom\u00e1tico. Os saquinhos de ch\u00e1 em forma de pir\u00e2mide s\u00e3o armazenados numa embalagem click-box com prote\u00e7\u00e3o de aroma e que pode ser fechada novamente, que pode ser esvaziada de flores e frutos de ch\u00e1 muito grandes para desenvolver um sabor intenso e completo.<\/p>\n<p><strong>Ingredientes<\/strong>: ch\u00e1 verde, b\u00e1lsamo (14%), casca de lim\u00e3o (5,6%).<\/p>\n<p><strong>Alerg\u00e9nios<\/strong>: nenhum<\/p>\n<p><strong>Informa\u00e7\u00e3o nutricional por 100ml:<\/strong><\/p>\n<ul style=\"list-style-type:disc;\">\n<li>Energia &lt;17 Kj \/ &lt;4Kcal<\/li>\n<li>Gorduras &lt;0,5g<\/li>\n<li>dos quais saturados &lt;0,1g<\/li>\n<li>Hidratos de carbono &lt;0,5g<\/li>\n<li>dos quais os a\u00e7\u00facares &lt;0,5g<\/li>\n<li>Prote\u00ednas &lt;0,5g<\/li>\n<li>Sal &lt;0,01g<\/li>\n<\/ul>\n<p><strong>Pa\u00eds de origem<\/strong>: Portugal.<\/p>\n","protected":false},"excerpt":{"rendered":"<ul style=\"list-style-type:disc;\">\n<li>Peso l\u00edquido 20g<\/li>\n<li>Cont\u00e9m 10 saquetas de 2g cada<\/li>\n<li>Sem cafe\u00edna<\/li>\n<\/ul>\n","protected":false},"author":43533,"featured_media":226057,"comment_status":"open","ping_status":"closed","template":"","meta":[],"pwb-brand":[],"product_brand":[],"product_cat":[8289,8291,8351,8525],"product_tag":[],"class_list":{"0":"post-211170","1":"product","2":"type-product","3":"status-publish","4":"has-post-thumbnail","6":"product_cat-inicio","7":"product_cat-produtos-portugueses","8":"product_cat-cafe-cha-acucar","9":"product_cat-cha-pt-pt","11":"first","12":"instock","13":"taxable","14":"shipping-taxable","15":"purchasable","16":"product-type-simple"},"aioseo_notices":[],"brands":[],"_links":{"self":[{"href":"https:\/\/www.delicias-uk.com\/pt-pt\/wp-json\/wp\/v2\/product\/211170","targetHints":{"allow":["GET"]}}],"collection":[{"href":"https:\/\/www.delicias-uk.com\/pt-pt\/wp-json\/wp\/v2\/product"}],"about":[{"href":"https:\/\/www.delicias-uk.com\/pt-pt\/wp-json\/wp\/v2\/types\/product"}],"author":[{"embeddable":true,"href":"https:\/\/www.delicias-uk.com\/pt-pt\/wp-json\/wp\/v2\/users\/43533"}],"replies":[{"embeddable":true,"href":"https:\/\/www.delicias-uk.com\/pt-pt\/wp-json\/wp\/v2\/comments?post=211170"}],"wp:featuredmedia":[{"embeddable":true,"href":"https:\/\/www.delicias-uk.com\/pt-pt\/wp-json\/wp\/v2\/media\/226057"}],"wp:attachment":[{"href":"https:\/\/www.delicias-uk.com\/pt-pt\/wp-json\/wp\/v2\/media?parent=211170"}],"wp:term":[{"taxonomy":"pwb-brand","embeddable":true,"href":"https:\/\/www.delicias-uk.com\/pt-pt\/wp-json\/wp\/v2\/pwb-brand?post=211170"},{"taxonomy":"product_brand","embeddable":true,"href":"https:\/\/www.delicias-uk.com\/pt-pt\/wp-json\/wp\/v2\/product_brand?post=211170"},{"taxonomy":"product_cat","embeddable":true,"href":"https:\/\/www.delicias-uk.com\/pt-pt\/wp-json\/wp\/v2\/product_cat?post=211170"},{"taxonomy":"product_tag","embeddable":true,"href":"https:\/\/www.delicias-uk.com\/pt-pt\/wp-json\/wp\/v2\/product_tag?post=211170"}],"curies":[{"name":"wp","href":"https:\/\/api.w.org\/{rel}","templated":true}]}}