{"id":211148,"date":"2017-11-01T18:13:53","date_gmt":"2017-11-01T18:13:53","guid":{"rendered":"https:\/\/www.delicias-uk.com\/product\/bolacha-vieira-principe-chocolate-145g\/"},"modified":"2017-11-01T18:13:53","modified_gmt":"2017-11-01T18:13:53","slug":"bolacha-vieira-principe-chocolate-145g","status":"publish","type":"product","link":"https:\/\/www.delicias-uk.com\/pt-pt\/produto\/bolacha-vieira-principe-chocolate-145g\/","title":{"rendered":"Bolacha de Chocolate Vieira Pr\u00edncipe 145g"},"content":{"rendered":"<p>Bolachas Pr\u00edncipe. Uma hist\u00f3ria de sabor divertido para os mais pequenos que os crescidos tamb\u00e9m adoram<\/p>\n<p>Ingredientes: Farinha de trigo (gl\u00faten), a\u00e7\u00facar, gordura vegetal (palma), cacau magro em p\u00f3, xarope de glucose, leite gordo em p\u00f3, levedantes (hidrogenocarbonato de s\u00f3dio e hidrogenocarbonato de am\u00f3nio), sal, emulsionante (E471), aromas. Pode conter vest\u00edgios de <strong>ovos, amendoins, sementes de s\u00e9samo, soja, frutos de casca rija e sulfitos<\/strong>. Peso l\u00edquido: 145g.<\/p>\n","protected":false},"excerpt":{"rendered":"<ul style=\"list-style-type:disc;\">\n<li>Bolacha recheada com sabor a chocolate<\/li>\n<li>Embalagem divertida para os mais jovens<\/li>\n<li>Para momentos de puro prazer<\/li>\n<li>Ideal para partilhar<\/li>\n<li>Aus\u00eancia de OGM (Organismos Gen\u00e9ticamente Modificados)<\/li>\n<li>Embalagem recicl\u00e1vel<\/li>\n<\/ul>\n","protected":false},"author":43533,"featured_media":83336,"comment_status":"open","ping_status":"closed","template":"","meta":[],"pwb-brand":[],"product_brand":[],"product_cat":[8289,8291,8365,8461],"product_tag":[],"class_list":{"0":"post-211148","1":"product","2":"type-product","3":"status-publish","4":"has-post-thumbnail","6":"product_cat-inicio","7":"product_cat-produtos-portugueses","8":"product_cat-confeitaria","9":"product_cat-bolachas","11":"first","12":"instock","13":"taxable","14":"shipping-taxable","15":"purchasable","16":"product-type-simple"},"aioseo_notices":[],"brands":[],"_links":{"self":[{"href":"https:\/\/www.delicias-uk.com\/pt-pt\/wp-json\/wp\/v2\/product\/211148","targetHints":{"allow":["GET"]}}],"collection":[{"href":"https:\/\/www.delicias-uk.com\/pt-pt\/wp-json\/wp\/v2\/product"}],"about":[{"href":"https:\/\/www.delicias-uk.com\/pt-pt\/wp-json\/wp\/v2\/types\/product"}],"author":[{"embeddable":true,"href":"https:\/\/www.delicias-uk.com\/pt-pt\/wp-json\/wp\/v2\/users\/43533"}],"replies":[{"embeddable":true,"href":"https:\/\/www.delicias-uk.com\/pt-pt\/wp-json\/wp\/v2\/comments?post=211148"}],"wp:featuredmedia":[{"embeddable":true,"href":"https:\/\/www.delicias-uk.com\/pt-pt\/wp-json\/wp\/v2\/media\/83336"}],"wp:attachment":[{"href":"https:\/\/www.delicias-uk.com\/pt-pt\/wp-json\/wp\/v2\/media?parent=211148"}],"wp:term":[{"taxonomy":"pwb-brand","embeddable":true,"href":"https:\/\/www.delicias-uk.com\/pt-pt\/wp-json\/wp\/v2\/pwb-brand?post=211148"},{"taxonomy":"product_brand","embeddable":true,"href":"https:\/\/www.delicias-uk.com\/pt-pt\/wp-json\/wp\/v2\/product_brand?post=211148"},{"taxonomy":"product_cat","embeddable":true,"href":"https:\/\/www.delicias-uk.com\/pt-pt\/wp-json\/wp\/v2\/product_cat?post=211148"},{"taxonomy":"product_tag","embeddable":true,"href":"https:\/\/www.delicias-uk.com\/pt-pt\/wp-json\/wp\/v2\/product_tag?post=211148"}],"curies":[{"name":"wp","href":"https:\/\/api.w.org\/{rel}","templated":true}]}}