{"id":211146,"date":"2017-11-01T18:13:53","date_gmt":"2017-11-01T18:13:53","guid":{"rendered":"https:\/\/www.delicias-uk.com\/product\/amendoas-lisa-cores-ferbar-saqueta-180g\/"},"modified":"2025-07-23T22:12:02","modified_gmt":"2025-07-23T21:12:02","slug":"amendoas-lisa-cores-ferbar-saqueta-180g","status":"publish","type":"product","link":"https:\/\/www.delicias-uk.com\/pt-pt\/produto\/amendoas-lisa-cores-ferbar-saqueta-180g\/","title":{"rendered":"Am\u00eandoas Lisa Cores Ferbar Saqueta 180g"},"content":{"rendered":"<p>Am\u00eandoas cobertas de a\u00e7\u00facar ou chocolate, fruta ou drageias de chocolate &#8211; com Ferbar, a tradi\u00e7\u00e3o da P\u00e1scoa \u00e9 mais saborosa. A qualidade e variedade destes produtos, bem como as suas embalagens, oferecem ao consumidor m\u00faltiplas escolhas, seja para consumo pr\u00f3prio ou para oferecer a todos os membros da fam\u00edlia.<\/p>\n<p><strong>Alerg\u00e9nios<\/strong>: cont\u00e9m <strong>AM\u00caNDOA<\/strong>, <strong>GL\u00daTEN<\/strong>, <strong>LEITE<\/strong> e <strong>SOJA<\/strong>.<\/p>\n<p><strong>Informa\u00e7\u00e3o nutricional por 100g:<\/strong><\/p>\n<ul style=\"list-style-type:disc;\">\n<li>Energia 1715 Kj \/ 406 kcal<\/li>\n<li>Gorduras 5,8g<\/li>\n<li>das quais saturadas 0,5g<\/li>\n<li>Carboidratos 84g<\/li>\n<li>das quais a\u00e7\u00facares 84g<\/li>\n<li>Fibra 2,7g<\/li>\n<li>Prote\u00ednas 3,0g<\/li>\n<li>Sal 0,01g<\/li>\n<\/ul>\n<p><strong>Pa\u00eds de origem<\/strong>: Portugal<\/p>\n","protected":false},"excerpt":{"rendered":"<ul style=\"list-style-type:disc;\">\n<li>Peso l\u00edquido 180g<\/li>\n<li>Perfeito para oferecer aos amigos e familia<\/li>\n<li>Produto tradicional de P\u00e1scoa<\/li>\n<\/ul>\n","protected":false},"author":43533,"featured_media":83330,"comment_status":"open","ping_status":"closed","template":"","meta":[],"pwb-brand":[],"product_brand":[],"product_cat":[9182,9188,8289,8291,8365,8591],"product_tag":[],"class_list":{"0":"post-211146","1":"product","2":"type-product","3":"status-publish","4":"has-post-thumbnail","6":"product_cat-natal","7":"product_cat-amendoas","8":"product_cat-inicio","9":"product_cat-produtos-portugueses","10":"product_cat-confeitaria","11":"product_cat-nozes-e-frutas-secas","13":"first","14":"outofstock","15":"taxable","16":"shipping-taxable","17":"purchasable","18":"product-type-simple"},"aioseo_notices":[],"brands":[],"_links":{"self":[{"href":"https:\/\/www.delicias-uk.com\/pt-pt\/wp-json\/wp\/v2\/product\/211146","targetHints":{"allow":["GET"]}}],"collection":[{"href":"https:\/\/www.delicias-uk.com\/pt-pt\/wp-json\/wp\/v2\/product"}],"about":[{"href":"https:\/\/www.delicias-uk.com\/pt-pt\/wp-json\/wp\/v2\/types\/product"}],"author":[{"embeddable":true,"href":"https:\/\/www.delicias-uk.com\/pt-pt\/wp-json\/wp\/v2\/users\/43533"}],"replies":[{"embeddable":true,"href":"https:\/\/www.delicias-uk.com\/pt-pt\/wp-json\/wp\/v2\/comments?post=211146"}],"wp:featuredmedia":[{"embeddable":true,"href":"https:\/\/www.delicias-uk.com\/pt-pt\/wp-json\/wp\/v2\/media\/83330"}],"wp:attachment":[{"href":"https:\/\/www.delicias-uk.com\/pt-pt\/wp-json\/wp\/v2\/media?parent=211146"}],"wp:term":[{"taxonomy":"pwb-brand","embeddable":true,"href":"https:\/\/www.delicias-uk.com\/pt-pt\/wp-json\/wp\/v2\/pwb-brand?post=211146"},{"taxonomy":"product_brand","embeddable":true,"href":"https:\/\/www.delicias-uk.com\/pt-pt\/wp-json\/wp\/v2\/product_brand?post=211146"},{"taxonomy":"product_cat","embeddable":true,"href":"https:\/\/www.delicias-uk.com\/pt-pt\/wp-json\/wp\/v2\/product_cat?post=211146"},{"taxonomy":"product_tag","embeddable":true,"href":"https:\/\/www.delicias-uk.com\/pt-pt\/wp-json\/wp\/v2\/product_tag?post=211146"}],"curies":[{"name":"wp","href":"https:\/\/api.w.org\/{rel}","templated":true}]}}