{"id":211114,"date":"2017-11-01T18:13:53","date_gmt":"2017-11-01T18:13:53","guid":{"rendered":"https:\/\/www.delicias-uk.com\/product\/presunto-de-porco-preto-cura-24m-casa-do-porco-preto-fatiado-200g\/"},"modified":"2025-12-14T19:42:16","modified_gmt":"2025-12-14T19:42:16","slug":"presunto-de-porco-preto-cura-24m-casa-do-porco-preto-fatiado-200g","status":"publish","type":"product","link":"https:\/\/www.delicias-uk.com\/pt-pt\/produto\/presunto-de-porco-preto-cura-24m-casa-do-porco-preto-fatiado-200g\/","title":{"rendered":"Presunto de Porco Preto Cura 24M Casa do Porco Preto Fatiado 200g"},"content":{"rendered":"<p>Presunto obtido da perna de porco preto. Cada presunto Reserva da Casa do Porco Preto \u00e9 submetido a um processo de cura de at\u00e9 24 meses, resultando em uma pe\u00e7a com aroma intenso, curado e persistente. Com maciez de gordura e aspecto brilhante, marmoreado-rubi, caracter\u00edstica semelhante \u00e0 perna de porco preto submetida \u00e0 cura natural, este presunto possui sabor levemente salgado e levemente \u00e1cido.<\/p>\n<p><strong>Ingredientes<\/strong>: Perna de Porco Preto (97%), sal, a\u00e7\u00facares, antioxidante ascorbato de s\u00f3dio (E-301) e conservantes: Nitrato de Pot\u00e1ssio e Nitrito de S\u00f3dio (E-252 e E-250).<\/p>\n<p><strong>Al\u00e9rgenos<\/strong>: nenhum<\/p>\n<p><strong>Informa\u00e7\u00f5es nutricionais por 100g:<\/strong><\/p>\n<ul style=\"list-style-type:disc;\">\n<li>Energia 1295 kJ- 310 kcal<\/li>\n<li>Gordura: 23 g<\/li>\n<li>Dos quais saturada: 9,9 g<\/li>\n<li>Carboidratos: 3,0 g<\/li>\n<li>Dos quais a\u00e7\u00facares: &lt;0,5 g<\/li>\n<li>Fibra: 1,0 g<\/li>\n<li>Prote\u00edna: 35 g<\/li>\n<li>Sal: 5,45 g<\/li>\n<\/ul>\n<p><strong>Pa\u00eds de origem<\/strong>: Portugal<\/p>\n","protected":false},"excerpt":{"rendered":"<ul style=\"list-style-type:disc;\">\n<li>Peso l\u00edquido 200g<\/li>\n<li>Presunto curado 24 meses<\/li>\n<li>Fatiado \u00e0 m\u00e3o<\/li>\n<\/ul>\n","protected":false},"author":43533,"featured_media":83271,"comment_status":"open","ping_status":"closed","template":"","meta":[],"pwb-brand":[],"product_brand":[],"product_cat":[9334,8289,8291,8337,8665],"product_tag":[],"class_list":{"0":"post-211114","1":"product","2":"type-product","3":"status-publish","4":"has-post-thumbnail","6":"product_cat-presunto-curado-pt-pt","7":"product_cat-inicio","8":"product_cat-produtos-portugueses","9":"product_cat-charcutaria","10":"product_cat-presunto-curado","12":"first","13":"instock","14":"taxable","15":"shipping-taxable","16":"purchasable","17":"product-type-simple"},"aioseo_notices":[],"brands":[],"_links":{"self":[{"href":"https:\/\/www.delicias-uk.com\/pt-pt\/wp-json\/wp\/v2\/product\/211114","targetHints":{"allow":["GET"]}}],"collection":[{"href":"https:\/\/www.delicias-uk.com\/pt-pt\/wp-json\/wp\/v2\/product"}],"about":[{"href":"https:\/\/www.delicias-uk.com\/pt-pt\/wp-json\/wp\/v2\/types\/product"}],"author":[{"embeddable":true,"href":"https:\/\/www.delicias-uk.com\/pt-pt\/wp-json\/wp\/v2\/users\/43533"}],"replies":[{"embeddable":true,"href":"https:\/\/www.delicias-uk.com\/pt-pt\/wp-json\/wp\/v2\/comments?post=211114"}],"wp:featuredmedia":[{"embeddable":true,"href":"https:\/\/www.delicias-uk.com\/pt-pt\/wp-json\/wp\/v2\/media\/83271"}],"wp:attachment":[{"href":"https:\/\/www.delicias-uk.com\/pt-pt\/wp-json\/wp\/v2\/media?parent=211114"}],"wp:term":[{"taxonomy":"pwb-brand","embeddable":true,"href":"https:\/\/www.delicias-uk.com\/pt-pt\/wp-json\/wp\/v2\/pwb-brand?post=211114"},{"taxonomy":"product_brand","embeddable":true,"href":"https:\/\/www.delicias-uk.com\/pt-pt\/wp-json\/wp\/v2\/product_brand?post=211114"},{"taxonomy":"product_cat","embeddable":true,"href":"https:\/\/www.delicias-uk.com\/pt-pt\/wp-json\/wp\/v2\/product_cat?post=211114"},{"taxonomy":"product_tag","embeddable":true,"href":"https:\/\/www.delicias-uk.com\/pt-pt\/wp-json\/wp\/v2\/product_tag?post=211114"}],"curies":[{"name":"wp","href":"https:\/\/api.w.org\/{rel}","templated":true}]}}