{"id":211078,"date":"2017-11-01T18:13:52","date_gmt":"2017-11-01T18:13:52","guid":{"rendered":"https:\/\/www.delicias-uk.com\/product\/grao-de-bico-compal-em-lata-410g\/"},"modified":"2026-04-17T10:39:54","modified_gmt":"2026-04-17T09:39:54","slug":"grao-de-bico-compal-em-lata-410g","status":"publish","type":"product","link":"https:\/\/www.delicias-uk.com\/pt-pt\/produto\/grao-de-bico-compal-em-lata-410g\/","title":{"rendered":"Gr\u00e3o de Bico Compal Lata 410g"},"content":{"rendered":"<p class=\"MsoNormal\"><span lang=\"pt-br\" xml:lang=\"pt-br\">Gr\u00e3o a gr\u00e3o enche a lata ao topo, diretamente vindos da horta Compal. Sem conservantes, prontos a ir para o prato.<\/span><\/p>\n<p>Com um sabor \u00fanico, naturalmente rico em prote\u00edna vegetal e fibra, o nosso gr\u00e3o em lata \u00e9 cozido apenas em \u00e1gua e sal.<\/p>\n<p>Na encantadora regi\u00e3o do Alqueva, um grupo de produtores dedica-se ao cultivo e colheita do gr\u00e3o-de-bico. \u00c0 medida que as esta\u00e7\u00f5es mudam, as plantas crescem e florescem. Com per\u00edcia e paix\u00e3o, cada vagem \u00e9 colhida com dedica\u00e7\u00e3o e carinho e s\u00e3o selecionados os melhores gr\u00e3os. Chegados a Almeirim, s\u00e3o cuidadosamente embalados e cozidos apenas em \u00e1gua e sal, j\u00e1 na lata, para preservar a frescura e o sabor.<\/p>\n<p>Explore o sabor vers\u00e1til do gr\u00e3o para criar um hummus cremoso ou crocantes snacks assados. Tamb\u00e9m pode fazer saladas frescas e alm\u00f4ndegas vegan. Para um prato mais reconfortante, \u00e9 ideal para guisados ou estufados.<\/p>\n<p><strong>Ingredientes:<\/strong> Gr\u00e3o, \u00e1gua e sal de cozinha.<\/p>\n<p>Outras informa\u00e7\u00f5es<br \/>\nSem Conservantes.<br \/>\nNaturalmente rico em prote\u00edna vegetal e fibra.<\/p>\n","protected":false},"excerpt":{"rendered":"<ul style=\"list-style-type: disc\">\n<li>Gr\u00e3o de Bico ao natural<\/li>\n<li>Lata de 410g<\/li>\n<li>Compal \u00e9 uma marca Portuguesa<\/li>\n<li>Sem conservantes<\/li>\n<li>Naturalmente rico em prote\u00edna vegetal<\/li>\n<\/ul>\n","protected":false},"author":43533,"featured_media":222685,"comment_status":"open","ping_status":"closed","template":"","meta":[],"pwb-brand":[],"product_brand":[],"product_cat":[8289,8291,8395,8481,8751],"product_tag":[],"class_list":{"0":"post-211078","1":"product","2":"type-product","3":"status-publish","4":"has-post-thumbnail","6":"product_cat-inicio","7":"product_cat-produtos-portugueses","8":"product_cat-mercearia","9":"product_cat-feijao","10":"product_cat-feijao-cozido","12":"first","13":"instock","14":"taxable","15":"shipping-taxable","16":"purchasable","17":"product-type-simple"},"aioseo_notices":[],"brands":[],"_links":{"self":[{"href":"https:\/\/www.delicias-uk.com\/pt-pt\/wp-json\/wp\/v2\/product\/211078","targetHints":{"allow":["GET"]}}],"collection":[{"href":"https:\/\/www.delicias-uk.com\/pt-pt\/wp-json\/wp\/v2\/product"}],"about":[{"href":"https:\/\/www.delicias-uk.com\/pt-pt\/wp-json\/wp\/v2\/types\/product"}],"author":[{"embeddable":true,"href":"https:\/\/www.delicias-uk.com\/pt-pt\/wp-json\/wp\/v2\/users\/43533"}],"replies":[{"embeddable":true,"href":"https:\/\/www.delicias-uk.com\/pt-pt\/wp-json\/wp\/v2\/comments?post=211078"}],"wp:featuredmedia":[{"embeddable":true,"href":"https:\/\/www.delicias-uk.com\/pt-pt\/wp-json\/wp\/v2\/media\/222685"}],"wp:attachment":[{"href":"https:\/\/www.delicias-uk.com\/pt-pt\/wp-json\/wp\/v2\/media?parent=211078"}],"wp:term":[{"taxonomy":"pwb-brand","embeddable":true,"href":"https:\/\/www.delicias-uk.com\/pt-pt\/wp-json\/wp\/v2\/pwb-brand?post=211078"},{"taxonomy":"product_brand","embeddable":true,"href":"https:\/\/www.delicias-uk.com\/pt-pt\/wp-json\/wp\/v2\/product_brand?post=211078"},{"taxonomy":"product_cat","embeddable":true,"href":"https:\/\/www.delicias-uk.com\/pt-pt\/wp-json\/wp\/v2\/product_cat?post=211078"},{"taxonomy":"product_tag","embeddable":true,"href":"https:\/\/www.delicias-uk.com\/pt-pt\/wp-json\/wp\/v2\/product_tag?post=211078"}],"curies":[{"name":"wp","href":"https:\/\/api.w.org\/{rel}","templated":true}]}}