{"id":211074,"date":"2017-11-01T18:13:52","date_gmt":"2017-11-01T18:13:52","guid":{"rendered":"https:\/\/www.delicias-uk.com\/product\/feijao-manteiga-compal-em-lata-410g\/"},"modified":"2026-04-17T10:39:54","modified_gmt":"2026-04-17T09:39:54","slug":"feijao-manteiga-compal-lata-410g","status":"publish","type":"product","link":"https:\/\/www.delicias-uk.com\/pt-pt\/produto\/feijao-manteiga-compal-lata-410g\/","title":{"rendered":"Feij\u00e3o Manteiga Compal Lata 410g"},"content":{"rendered":"<p style=\"margin-top: 0pt; margin-bottom: 0pt; margin-left: 0in; text-align: left;\">Rico em hidratos de carbono, \u00e9 uma fonte inesgot\u00e1vel de energia com o sabor natural do feij\u00e3o manteiga. Os nossos vegetais s\u00e3o feitos com paix\u00e3o e muita experi\u00eancia. A sua prepara\u00e7\u00e3o segue a receita tradicional de cozedura em \u00e1gua e sal, somente com ingredientes naturais, garantindo a sua qualidade e sabor rico, sem corantes, conservantes ou estabilizantes.<\/p>\n<p>De textura cremosa e sabor suave, o nosso feij\u00e3o manteiga cozido apenas em \u00e1gua e sal, \u00e9 uma variedade muito presente nas mesas portuguesas. O seu sabor \u00e9 delicado, permitindo que absorva os sabores dos outros ingredientes com os quais \u00e9 combinado, ao mesmo tempo que contribui com uma nota distinta e reconfortante \u00e0 refei\u00e7\u00e3o.<\/p>\n<p>O feij\u00e3o manteiga Compal da Horta tem uma consist\u00eancia macia quando cozido e uma casca fina, o que o torna ideal para uma variedade de pratos, desde sopas e ensopados at\u00e9 saladas e acompanhamentos.<\/p>\n<p><strong>Ingredientes:<\/strong> Feij\u00e3o manteiga, \u00e1gua e sal de cozinha.<\/p>\n<p>Outras informa\u00e7\u00f5es<br \/>\nSem conservantes.<br \/>\nNaturalmente rico em prote\u00edna vegetal e fibra.<\/p>\n","protected":false},"excerpt":{"rendered":"<ul style=\"list-style-type: disc;\">\n<li>Peso l\u00edquido 410g<\/li>\n<li>Sem conservantes<\/li>\n<li>Cozido em \u00e1gua com sal<\/li>\n<li>Naturalmente rico em prote\u00edna vegetal<\/li>\n<\/ul>\n","protected":false},"author":43533,"featured_media":222673,"comment_status":"open","ping_status":"closed","template":"","meta":[],"pwb-brand":[],"product_brand":[],"product_cat":[8289,8291,8395,8481,8751],"product_tag":[],"class_list":{"0":"post-211074","1":"product","2":"type-product","3":"status-publish","4":"has-post-thumbnail","6":"product_cat-inicio","7":"product_cat-produtos-portugueses","8":"product_cat-mercearia","9":"product_cat-feijao","10":"product_cat-feijao-cozido","12":"first","13":"instock","14":"taxable","15":"shipping-taxable","16":"purchasable","17":"product-type-simple"},"aioseo_notices":[],"brands":[],"_links":{"self":[{"href":"https:\/\/www.delicias-uk.com\/pt-pt\/wp-json\/wp\/v2\/product\/211074","targetHints":{"allow":["GET"]}}],"collection":[{"href":"https:\/\/www.delicias-uk.com\/pt-pt\/wp-json\/wp\/v2\/product"}],"about":[{"href":"https:\/\/www.delicias-uk.com\/pt-pt\/wp-json\/wp\/v2\/types\/product"}],"author":[{"embeddable":true,"href":"https:\/\/www.delicias-uk.com\/pt-pt\/wp-json\/wp\/v2\/users\/43533"}],"replies":[{"embeddable":true,"href":"https:\/\/www.delicias-uk.com\/pt-pt\/wp-json\/wp\/v2\/comments?post=211074"}],"wp:featuredmedia":[{"embeddable":true,"href":"https:\/\/www.delicias-uk.com\/pt-pt\/wp-json\/wp\/v2\/media\/222673"}],"wp:attachment":[{"href":"https:\/\/www.delicias-uk.com\/pt-pt\/wp-json\/wp\/v2\/media?parent=211074"}],"wp:term":[{"taxonomy":"pwb-brand","embeddable":true,"href":"https:\/\/www.delicias-uk.com\/pt-pt\/wp-json\/wp\/v2\/pwb-brand?post=211074"},{"taxonomy":"product_brand","embeddable":true,"href":"https:\/\/www.delicias-uk.com\/pt-pt\/wp-json\/wp\/v2\/product_brand?post=211074"},{"taxonomy":"product_cat","embeddable":true,"href":"https:\/\/www.delicias-uk.com\/pt-pt\/wp-json\/wp\/v2\/product_cat?post=211074"},{"taxonomy":"product_tag","embeddable":true,"href":"https:\/\/www.delicias-uk.com\/pt-pt\/wp-json\/wp\/v2\/product_tag?post=211074"}],"curies":[{"name":"wp","href":"https:\/\/api.w.org\/{rel}","templated":true}]}}