{"id":211066,"date":"2017-11-01T18:13:52","date_gmt":"2017-11-01T18:13:52","guid":{"rendered":"https:\/\/www.delicias-uk.com\/product\/feijao-encarnado-compal-em-lata-410g\/"},"modified":"2026-03-22T18:08:25","modified_gmt":"2026-03-22T18:08:25","slug":"feijao-encarnado-compal-em-lata-410g","status":"publish","type":"product","link":"https:\/\/www.delicias-uk.com\/pt-pt\/produto\/feijao-encarnado-compal-em-lata-410g\/","title":{"rendered":"Feij\u00e3o Encarnado Compal Lata 410g"},"content":{"rendered":"<p style=\"margin-top: 0pt; margin-bottom: 0pt; margin-left: 0in; text-align: left;\">Rico em hidratos de carbono, \u00e9 uma fonte inesgot\u00e1vel de energia com o sabor natural do feij\u00e3o encarnado. Os nossos vegetais s\u00e3o feitos com paix\u00e3o e muita experi\u00eancia. A sua prepara\u00e7\u00e3o segue a receita tradicional de cozedura em \u00e1gua e sal, somente com ingredientes naturais, garantindo a sua qualidade e sabor rico, sem corantes, conservantes ou estabilizantes.<\/p>\n<p>O feij\u00e3o encarnado Compal da Horta pode ser utilizado em guisados, saladas ou ser triturado e apresentar-se como um delicioso pur\u00e9.<\/p>\n<p><strong>Ingredientes:<\/strong> Feij\u00e3o encarnado, \u00e1gua e sal de cozinha.<\/p>\n<p>Outras informa\u00e7\u00f5es<br \/>\nSem conservantes.<br \/>\nNaturalmente rico em prote\u00edna vegetal e fibra.<\/p>\n","protected":false},"excerpt":{"rendered":"<ul style=\"list-style-type: disc;\">\n<li>Peso l\u00edquido 410g<\/li>\n<li>Sem conservantes<\/li>\n<li>Cozido em \u00e1gua com sal<\/li>\n<li>Naturalmente rico em prote\u00edna vegetal<\/li>\n<\/ul>\n","protected":false},"author":43533,"featured_media":222677,"comment_status":"open","ping_status":"closed","template":"","meta":[],"pwb-brand":[],"product_brand":[],"product_cat":[8289,8291,8395,8481,8751],"product_tag":[],"class_list":{"0":"post-211066","1":"product","2":"type-product","3":"status-publish","4":"has-post-thumbnail","6":"product_cat-inicio","7":"product_cat-produtos-portugueses","8":"product_cat-mercearia","9":"product_cat-feijao","10":"product_cat-feijao-cozido","12":"first","13":"instock","14":"taxable","15":"shipping-taxable","16":"purchasable","17":"product-type-simple"},"aioseo_notices":[],"brands":[],"_links":{"self":[{"href":"https:\/\/www.delicias-uk.com\/pt-pt\/wp-json\/wp\/v2\/product\/211066","targetHints":{"allow":["GET"]}}],"collection":[{"href":"https:\/\/www.delicias-uk.com\/pt-pt\/wp-json\/wp\/v2\/product"}],"about":[{"href":"https:\/\/www.delicias-uk.com\/pt-pt\/wp-json\/wp\/v2\/types\/product"}],"author":[{"embeddable":true,"href":"https:\/\/www.delicias-uk.com\/pt-pt\/wp-json\/wp\/v2\/users\/43533"}],"replies":[{"embeddable":true,"href":"https:\/\/www.delicias-uk.com\/pt-pt\/wp-json\/wp\/v2\/comments?post=211066"}],"wp:featuredmedia":[{"embeddable":true,"href":"https:\/\/www.delicias-uk.com\/pt-pt\/wp-json\/wp\/v2\/media\/222677"}],"wp:attachment":[{"href":"https:\/\/www.delicias-uk.com\/pt-pt\/wp-json\/wp\/v2\/media?parent=211066"}],"wp:term":[{"taxonomy":"pwb-brand","embeddable":true,"href":"https:\/\/www.delicias-uk.com\/pt-pt\/wp-json\/wp\/v2\/pwb-brand?post=211066"},{"taxonomy":"product_brand","embeddable":true,"href":"https:\/\/www.delicias-uk.com\/pt-pt\/wp-json\/wp\/v2\/product_brand?post=211066"},{"taxonomy":"product_cat","embeddable":true,"href":"https:\/\/www.delicias-uk.com\/pt-pt\/wp-json\/wp\/v2\/product_cat?post=211066"},{"taxonomy":"product_tag","embeddable":true,"href":"https:\/\/www.delicias-uk.com\/pt-pt\/wp-json\/wp\/v2\/product_tag?post=211066"}],"curies":[{"name":"wp","href":"https:\/\/api.w.org\/{rel}","templated":true}]}}