{"id":211060,"date":"2017-11-01T18:13:52","date_gmt":"2017-11-01T18:13:52","guid":{"rendered":"https:\/\/www.delicias-uk.com\/product\/feijao-preto-compal-em-lata-845g\/"},"modified":"2026-03-09T11:20:09","modified_gmt":"2026-03-09T11:20:09","slug":"feijao-preto-compal-em-lata-845g","status":"publish","type":"product","link":"https:\/\/www.delicias-uk.com\/pt-pt\/produto\/feijao-preto-compal-em-lata-845g\/","title":{"rendered":"Feij\u00e3o Preto Compal Lata 845g"},"content":{"rendered":"<p style=\"margin-top:0pt;margin-bottom:0pt;margin-left:0in;text-align:left\">Rico em hidratos de carbono, \u00e9 uma fonte inesgot\u00e1vel de energia com o sabor natural do feij\u00e3o preto. Os nossos vegetais s\u00e3o feitos com paix\u00e3o e muita experi\u00eancia. A sua prepara\u00e7\u00e3o segue a receita tradicional de cozedura em \u00e1gua e sal, somente com ingredientes naturais, garantindo a sua qualidade e sabor rico, sem corantes, conservantes ou estabilizantes.<\/p>\n","protected":false},"excerpt":{"rendered":"<ul style=\"list-style-type:disc\">\n<li>Peso l\u00edquido 845g<\/li>\n<li>Sem conservantes<\/li>\n<li>Cozido em \u00e1gua com sal<\/li>\n<li>Naturalmente rico em prote\u00edna vegetal<\/li>\n<\/ul>\n","protected":false},"author":43533,"featured_media":222667,"comment_status":"open","ping_status":"closed","template":"","meta":[],"pwb-brand":[],"product_brand":[],"product_cat":[8289,8291,8395,8481,8751],"product_tag":[],"class_list":{"0":"post-211060","1":"product","2":"type-product","3":"status-publish","4":"has-post-thumbnail","6":"product_cat-inicio","7":"product_cat-produtos-portugueses","8":"product_cat-mercearia","9":"product_cat-feijao","10":"product_cat-feijao-cozido","12":"first","13":"instock","14":"taxable","15":"shipping-taxable","16":"purchasable","17":"product-type-simple"},"aioseo_notices":[],"brands":[],"_links":{"self":[{"href":"https:\/\/www.delicias-uk.com\/pt-pt\/wp-json\/wp\/v2\/product\/211060","targetHints":{"allow":["GET"]}}],"collection":[{"href":"https:\/\/www.delicias-uk.com\/pt-pt\/wp-json\/wp\/v2\/product"}],"about":[{"href":"https:\/\/www.delicias-uk.com\/pt-pt\/wp-json\/wp\/v2\/types\/product"}],"author":[{"embeddable":true,"href":"https:\/\/www.delicias-uk.com\/pt-pt\/wp-json\/wp\/v2\/users\/43533"}],"replies":[{"embeddable":true,"href":"https:\/\/www.delicias-uk.com\/pt-pt\/wp-json\/wp\/v2\/comments?post=211060"}],"wp:featuredmedia":[{"embeddable":true,"href":"https:\/\/www.delicias-uk.com\/pt-pt\/wp-json\/wp\/v2\/media\/222667"}],"wp:attachment":[{"href":"https:\/\/www.delicias-uk.com\/pt-pt\/wp-json\/wp\/v2\/media?parent=211060"}],"wp:term":[{"taxonomy":"pwb-brand","embeddable":true,"href":"https:\/\/www.delicias-uk.com\/pt-pt\/wp-json\/wp\/v2\/pwb-brand?post=211060"},{"taxonomy":"product_brand","embeddable":true,"href":"https:\/\/www.delicias-uk.com\/pt-pt\/wp-json\/wp\/v2\/product_brand?post=211060"},{"taxonomy":"product_cat","embeddable":true,"href":"https:\/\/www.delicias-uk.com\/pt-pt\/wp-json\/wp\/v2\/product_cat?post=211060"},{"taxonomy":"product_tag","embeddable":true,"href":"https:\/\/www.delicias-uk.com\/pt-pt\/wp-json\/wp\/v2\/product_tag?post=211060"}],"curies":[{"name":"wp","href":"https:\/\/api.w.org\/{rel}","templated":true}]}}