{"id":211054,"date":"2017-11-01T18:13:52","date_gmt":"2017-11-01T18:13:52","guid":{"rendered":"https:\/\/www.delicias-uk.com\/product\/farinha-semola-de-milho-espiga-500g-2\/"},"modified":"2025-09-26T09:02:59","modified_gmt":"2025-09-26T08:02:59","slug":"farinha-semola-de-milho-espiga-500g-2","status":"publish","type":"product","link":"https:\/\/www.delicias-uk.com\/pt-pt\/produto\/farinha-semola-de-milho-espiga-500g-2\/","title":{"rendered":"Farinha de Semola de Milho Espiga 500g"},"content":{"rendered":"<p style=\"margin-top:0pt;margin-bottom:0pt;margin-left:0in;text-align:left;\"><span style=\"font-size:12pt;font-family:Calibri;color:#000000;\">A <\/span><span style=\"font-size:12pt;font-family:Calibri;color:#000000;\">S\u00eamola de Milho Espiga \u00e9 o resultado da moagem incompleta do gr\u00e3o de milho, apresentando por isso uma textura granulada e grossa.\u00a0<\/span><span style=\"font-size:12pt;font-family:Calibri;color:#000000;\">Ideal <\/span><span style=\"font-size:12pt;font-family:Calibri;color:#000000;\">para a prepara\u00e7\u00e3o de papas, bolos e biscoitos.\u00a0<\/span><span style=\"font-size:12pt;font-family:Calibri;color:#000000;\">O <\/span><span style=\"font-size:12pt;font-family:Calibri;color:#000000;\">milho \u00e9 um \u00f3ptimo substituto do arroz, massa e batata.<\/span><\/p><\/p>\n","protected":false},"excerpt":{"rendered":"<p><span xml:lang=\"pt-br\" lang=\"pt-br\" class=\"TextRun SCXW198957240 BCX8\" style=\"margin:0px;padding:0px;background-color:#ffffff;color:#4d4d4f;font-size:11pt;line-height:22.3125px;font-family:Calibri, 'Calibri_EmbeddedFont', 'Calibri_MSFontService', sans-serif;\"><span class=\"NormalTextRun SCXW198957240 BCX8\" style=\"margin:0px;padding:0px;\">.Com ingredientes de s\u00eamola de milho.<\/span><\/span><span class=\"LineBreakBlob BlobObject DragDrop SCXW198957240 BCX8\" style=\"margin:0px;padding:0px;background-color:#ffffff;font-size:11pt;line-height:22.3125px;font-family:'WordVisiCarriageReturn_MSFontService', Calibri, 'Calibri_EmbeddedFont', 'Calibri_MSFontService', sans-serif;color:#4d4d4f;\"><span class=\"SCXW198957240 BCX8\" style=\"margin:0px;padding:0px;\">\u00a0<\/span><br class=\"SCXW198957240 BCX8\" style=\"margin:0px;padding:0px;\" \/><\/span><span xml:lang=\"pt-br\" lang=\"pt-br\" class=\"TextRun EmptyTextRun SCXW198957240 BCX8\" style=\"margin:0px;padding:0px;background-color:#ffffff;color:#4d4d4f;font-size:11pt;line-height:22.3125px;font-family:Calibri, 'Calibri_EmbeddedFont', 'Calibri_MSFontService', sans-serif;\"><\/span><span class=\"LineBreakBlob BlobObject DragDrop SCXW198957240 BCX8\" style=\"margin:0px;padding:0px;background-color:#ffffff;font-size:11pt;line-height:22.3125px;font-family:'WordVisiCarriageReturn_MSFontService', Calibri, 'Calibri_EmbeddedFont', 'Calibri_MSFontService', sans-serif;color:#4d4d4f;\"><span class=\"SCXW198957240 BCX8\" style=\"margin:0px;padding:0px;\">\u00a0<\/span><br class=\"SCXW198957240 BCX8\" style=\"margin:0px;padding:0px;\" \/><\/span><span xml:lang=\"pt-br\" lang=\"pt-br\" class=\"TextRun SCXW198957240 BCX8\" style=\"margin:0px;padding:0px;background-color:#ffffff;color:#4d4d4f;font-size:11pt;line-height:22.3125px;font-family:Calibri, 'Calibri_EmbeddedFont', 'Calibri_MSFontService', sans-serif;\"><span class=\"NormalTextRun SCXW198957240 BCX8\" style=\"margin:0px;padding:0px;\">.Pode conter vest\u00edgios de cereais com gl\u00faten.<\/span><\/span><span class=\"LineBreakBlob BlobObject DragDrop SCXW198957240 BCX8\" style=\"margin:0px;padding:0px;background-color:#ffffff;font-size:11pt;line-height:22.3125px;font-family:'WordVisiCarriageReturn_MSFontService', Calibri, 'Calibri_EmbeddedFont', 'Calibri_MSFontService', sans-serif;color:#4d4d4f;\"><span class=\"SCXW198957240 BCX8\" style=\"margin:0px;padding:0px;\">\u00a0<\/span><br class=\"SCXW198957240 BCX8\" style=\"margin:0px;padding:0px;\" \/><\/span><span xml:lang=\"pt-br\" lang=\"pt-br\" class=\"TextRun EmptyTextRun SCXW198957240 BCX8\" style=\"margin:0px;padding:0px;background-color:#ffffff;color:#4d4d4f;font-size:11pt;line-height:22.3125px;font-family:Calibri, 'Calibri_EmbeddedFont', 'Calibri_MSFontService', sans-serif;\"><\/span><span class=\"LineBreakBlob BlobObject DragDrop SCXW198957240 BCX8\" style=\"margin:0px;padding:0px;background-color:#ffffff;font-size:11pt;line-height:22.3125px;font-family:'WordVisiCarriageReturn_MSFontService', Calibri, 'Calibri_EmbeddedFont', 'Calibri_MSFontService', sans-serif;color:#4d4d4f;\"><span class=\"SCXW198957240 BCX8\" style=\"margin:0px;padding:0px;\">\u00a0<\/span><br class=\"SCXW198957240 BCX8\" style=\"margin:0px;padding:0px;\" \/><\/span><span xml:lang=\"pt-br\" lang=\"pt-br\" class=\"TextRun SCXW198957240 BCX8\" style=\"margin:0px;padding:0px;background-color:#ffffff;color:#4d4d4f;font-size:11pt;line-height:22.3125px;font-family:Calibri, 'Calibri_EmbeddedFont', 'Calibri_MSFontService', sans-serif;\"><span class=\"NormalTextRun SCXW198957240 BCX8\" style=\"margin:0px;padding:0px;\">Embalagem: saqueta.<\/span><\/span><span class=\"LineBreakBlob BlobObject DragDrop SCXW198957240 BCX8\" style=\"margin:0px;padding:0px;background-color:#ffffff;font-size:11pt;line-height:22.3125px;font-family:'WordVisiCarriageReturn_MSFontService', Calibri, 'Calibri_EmbeddedFont', 'Calibri_MSFontService', sans-serif;color:#4d4d4f;\"><span class=\"SCXW198957240 BCX8\" style=\"margin:0px;padding:0px;\">\u00a0<\/span><br class=\"SCXW198957240 BCX8\" style=\"margin:0px;padding:0px;\" \/><\/span><span xml:lang=\"pt-br\" lang=\"pt-br\" class=\"TextRun SCXW198957240 BCX8\" style=\"margin:0px;padding:0px;background-color:#ffffff;color:#4d4d4f;font-size:11pt;line-height:22.3125px;font-family:Calibri, 'Calibri_EmbeddedFont', 'Calibri_MSFontService', sans-serif;\"><span class=\"NormalTextRun SCXW198957240 BCX8\" style=\"margin:0px;padding:0px;\">Peso l\u00edquido: 500g.<\/span><\/span><span class=\"LineBreakBlob BlobObject DragDrop SCXW198957240 BCX8\" style=\"margin:0px;padding:0px;background-color:#ffffff;font-size:11pt;line-height:22.3125px;font-family:'WordVisiCarriageReturn_MSFontService', Calibri, 'Calibri_EmbeddedFont', 'Calibri_MSFontService', sans-serif;color:#4d4d4f;\"><span class=\"SCXW198957240 BCX8\" style=\"margin:0px;padding:0px;\">\u00a0<\/span><br class=\"SCXW198957240 BCX8\" style=\"margin:0px;padding:0px;\" \/><\/span><span xml:lang=\"pt-br\" lang=\"pt-br\" class=\"TextRun EmptyTextRun SCXW198957240 BCX8\" style=\"margin:0px;padding:0px;background-color:#ffffff;color:#4d4d4f;font-size:11pt;line-height:22.3125px;font-family:Calibri, 'Calibri_EmbeddedFont', 'Calibri_MSFontService', sans-serif;\"><\/span><span class=\"LineBreakBlob BlobObject DragDrop SCXW198957240 BCX8\" style=\"margin:0px;padding:0px;background-color:#ffffff;font-size:11pt;line-height:22.3125px;font-family:'WordVisiCarriageReturn_MSFontService', Calibri, 'Calibri_EmbeddedFont', 'Calibri_MSFontService', sans-serif;color:#4d4d4f;\"><span class=\"SCXW198957240 BCX8\" style=\"margin:0px;padding:0px;\">\u00a0<\/span><br class=\"SCXW198957240 BCX8\" style=\"margin:0px;padding:0px;\" \/><\/span><span xml:lang=\"pt-br\" lang=\"pt-br\" class=\"TextRun SCXW198957240 BCX8\" style=\"margin:0px;padding:0px;background-color:#ffffff;color:#4d4d4f;font-size:11pt;line-height:22.3125px;font-family:Calibri, 'Calibri_EmbeddedFont', 'Calibri_MSFontService', sans-serif;\"><span class=\"NormalTextRun SCXW198957240 BCX8\" style=\"margin:0px;padding:0px;\">Conservar em local seco, fresco e ao abrigo da luz<\/span><\/span><\/p>\n","protected":false},"author":43533,"featured_media":57792,"comment_status":"open","ping_status":"closed","template":"","meta":[],"pwb-brand":[],"product_brand":[],"product_cat":[8527],"product_tag":[],"class_list":{"0":"post-211054","1":"product","2":"type-product","3":"status-publish","4":"has-post-thumbnail","6":"product_cat-farinhas-pao-ralado","8":"first","9":"instock","10":"taxable","11":"shipping-taxable","12":"purchasable","13":"product-type-simple"},"aioseo_notices":[],"brands":[],"_links":{"self":[{"href":"https:\/\/www.delicias-uk.com\/pt-pt\/wp-json\/wp\/v2\/product\/211054","targetHints":{"allow":["GET"]}}],"collection":[{"href":"https:\/\/www.delicias-uk.com\/pt-pt\/wp-json\/wp\/v2\/product"}],"about":[{"href":"https:\/\/www.delicias-uk.com\/pt-pt\/wp-json\/wp\/v2\/types\/product"}],"author":[{"embeddable":true,"href":"https:\/\/www.delicias-uk.com\/pt-pt\/wp-json\/wp\/v2\/users\/43533"}],"replies":[{"embeddable":true,"href":"https:\/\/www.delicias-uk.com\/pt-pt\/wp-json\/wp\/v2\/comments?post=211054"}],"wp:featuredmedia":[{"embeddable":true,"href":"https:\/\/www.delicias-uk.com\/pt-pt\/wp-json\/wp\/v2\/media\/57792"}],"wp:attachment":[{"href":"https:\/\/www.delicias-uk.com\/pt-pt\/wp-json\/wp\/v2\/media?parent=211054"}],"wp:term":[{"taxonomy":"pwb-brand","embeddable":true,"href":"https:\/\/www.delicias-uk.com\/pt-pt\/wp-json\/wp\/v2\/pwb-brand?post=211054"},{"taxonomy":"product_brand","embeddable":true,"href":"https:\/\/www.delicias-uk.com\/pt-pt\/wp-json\/wp\/v2\/product_brand?post=211054"},{"taxonomy":"product_cat","embeddable":true,"href":"https:\/\/www.delicias-uk.com\/pt-pt\/wp-json\/wp\/v2\/product_cat?post=211054"},{"taxonomy":"product_tag","embeddable":true,"href":"https:\/\/www.delicias-uk.com\/pt-pt\/wp-json\/wp\/v2\/product_tag?post=211054"}],"curies":[{"name":"wp","href":"https:\/\/api.w.org\/{rel}","templated":true}]}}