{"id":211048,"date":"2017-11-01T18:13:52","date_gmt":"2017-11-01T18:13:52","guid":{"rendered":"https:\/\/www.delicias-uk.com\/product\/cerelac-multifrutos-sgluten-250g\/"},"modified":"2026-02-24T11:53:58","modified_gmt":"2026-02-24T11:53:58","slug":"cerelac-multifrutos-sgluten-250g","status":"publish","type":"product","link":"https:\/\/www.delicias-uk.com\/pt-pt\/produto\/cerelac-multifrutos-sgluten-250g\/","title":{"rendered":"Cerelac Multifrutos Sem Gl\u00faten Nestl\u00e9  250g"},"content":{"rendered":"<p>Farinha l\u00e1ctea com sabor a multifrutos, para misturar com \u00e1gua. Primeira papa. Enriquecida com minerais e vitaminas essenciais ao crescimento do seu beb\u00ea.<\/p>\n","protected":false},"excerpt":{"rendered":"<ul style=\"list-style-type:disc;\">\n<li>Embalagem de 250g<\/li>\n<li>Sem gl\u00faten<\/li>\n<li>Sem a\u00e7\u00facar adicionado<\/li>\n<li>Sabor multifrutos<\/li>\n<\/ul>\n","protected":false},"author":43533,"featured_media":83162,"comment_status":"open","ping_status":"closed","template":"","meta":[],"pwb-brand":[],"product_brand":[],"product_cat":[8289,8291,8395,8625],"product_tag":[],"class_list":{"0":"post-211048","1":"product","2":"type-product","3":"status-publish","4":"has-post-thumbnail","6":"product_cat-inicio","7":"product_cat-produtos-portugueses","8":"product_cat-mercearia","9":"product_cat-bebe-cereais","11":"first","12":"instock","13":"taxable","14":"shipping-taxable","15":"purchasable","16":"product-type-simple"},"aioseo_notices":[],"brands":[],"_links":{"self":[{"href":"https:\/\/www.delicias-uk.com\/pt-pt\/wp-json\/wp\/v2\/product\/211048","targetHints":{"allow":["GET"]}}],"collection":[{"href":"https:\/\/www.delicias-uk.com\/pt-pt\/wp-json\/wp\/v2\/product"}],"about":[{"href":"https:\/\/www.delicias-uk.com\/pt-pt\/wp-json\/wp\/v2\/types\/product"}],"author":[{"embeddable":true,"href":"https:\/\/www.delicias-uk.com\/pt-pt\/wp-json\/wp\/v2\/users\/43533"}],"replies":[{"embeddable":true,"href":"https:\/\/www.delicias-uk.com\/pt-pt\/wp-json\/wp\/v2\/comments?post=211048"}],"wp:featuredmedia":[{"embeddable":true,"href":"https:\/\/www.delicias-uk.com\/pt-pt\/wp-json\/wp\/v2\/media\/83162"}],"wp:attachment":[{"href":"https:\/\/www.delicias-uk.com\/pt-pt\/wp-json\/wp\/v2\/media?parent=211048"}],"wp:term":[{"taxonomy":"pwb-brand","embeddable":true,"href":"https:\/\/www.delicias-uk.com\/pt-pt\/wp-json\/wp\/v2\/pwb-brand?post=211048"},{"taxonomy":"product_brand","embeddable":true,"href":"https:\/\/www.delicias-uk.com\/pt-pt\/wp-json\/wp\/v2\/product_brand?post=211048"},{"taxonomy":"product_cat","embeddable":true,"href":"https:\/\/www.delicias-uk.com\/pt-pt\/wp-json\/wp\/v2\/product_cat?post=211048"},{"taxonomy":"product_tag","embeddable":true,"href":"https:\/\/www.delicias-uk.com\/pt-pt\/wp-json\/wp\/v2\/product_tag?post=211048"}],"curies":[{"name":"wp","href":"https:\/\/api.w.org\/{rel}","templated":true}]}}