{"id":211042,"date":"2017-11-01T15:39:17","date_gmt":"2017-11-01T15:39:17","guid":{"rendered":"https:\/\/www.delicias-uk.com\/product\/cafe-pilao-tostado-e-moido-emabalado-a-vacuo-500g\/"},"modified":"2026-03-26T11:55:30","modified_gmt":"2026-03-26T11:55:30","slug":"cafe-pilao-tostado-e-moido-emabalado-a-vacuo-500g","status":"publish","type":"product","link":"https:\/\/www.delicias-uk.com\/pt-pt\/produto\/cafe-pilao-tostado-e-moido-emabalado-a-vacuo-500g\/","title":{"rendered":"Caf\u00e9 Pil\u00e3o Tostado e Mo\u00eddo Embalado a V\u00e1cuo 500g"},"content":{"rendered":"<p>Caf\u00e9 Brasileiro Torrado Mo\u00eddo. Sabor forte e encorpado com um aroma not\u00e1vel que permanece na boca durante muito tempo.<\/p>\n<p>O dia s\u00f3 come\u00e7a depois que voc\u00ea toma um caf\u00e9 rec\u00e9m-passado, n\u00e3o \u00e9 mesmo? Passar o caf\u00e9 pelo filtro de papel \u00e9 o m\u00e9todo favorito de muitos. Com ele, o seu Caf\u00e9 Pil\u00e3o fica muito mais leve e equilibrado.<\/p>\n","protected":false},"excerpt":{"rendered":"<ul style=\"list-style-type:disc\">\n<li>Peso l\u00edquido 500g<\/li>\n<li>Caf\u00e9 torrado e mo\u00eddo<\/li>\n<li>Sabor forte e encorpado<\/li>\n<\/ul>\n","protected":false},"author":43533,"featured_media":83151,"comment_status":"open","ping_status":"closed","template":"","meta":[],"pwb-brand":[],"product_brand":[],"product_cat":[8289,8293,8367,8471,8499,8347],"product_tag":[],"class_list":{"0":"post-211042","1":"product","2":"type-product","3":"status-publish","4":"has-post-thumbnail","6":"product_cat-inicio","7":"product_cat-produtos-brasileiros","8":"product_cat-cafe-cha-acucar-pt-pt","9":"product_cat-cafe-pt-pt","10":"product_cat-sem-glutem","11":"product_cat-vegetariano","13":"first","14":"instock","15":"taxable","16":"shipping-taxable","17":"purchasable","18":"product-type-simple"},"aioseo_notices":[],"brands":[],"_links":{"self":[{"href":"https:\/\/www.delicias-uk.com\/pt-pt\/wp-json\/wp\/v2\/product\/211042","targetHints":{"allow":["GET"]}}],"collection":[{"href":"https:\/\/www.delicias-uk.com\/pt-pt\/wp-json\/wp\/v2\/product"}],"about":[{"href":"https:\/\/www.delicias-uk.com\/pt-pt\/wp-json\/wp\/v2\/types\/product"}],"author":[{"embeddable":true,"href":"https:\/\/www.delicias-uk.com\/pt-pt\/wp-json\/wp\/v2\/users\/43533"}],"replies":[{"embeddable":true,"href":"https:\/\/www.delicias-uk.com\/pt-pt\/wp-json\/wp\/v2\/comments?post=211042"}],"wp:featuredmedia":[{"embeddable":true,"href":"https:\/\/www.delicias-uk.com\/pt-pt\/wp-json\/wp\/v2\/media\/83151"}],"wp:attachment":[{"href":"https:\/\/www.delicias-uk.com\/pt-pt\/wp-json\/wp\/v2\/media?parent=211042"}],"wp:term":[{"taxonomy":"pwb-brand","embeddable":true,"href":"https:\/\/www.delicias-uk.com\/pt-pt\/wp-json\/wp\/v2\/pwb-brand?post=211042"},{"taxonomy":"product_brand","embeddable":true,"href":"https:\/\/www.delicias-uk.com\/pt-pt\/wp-json\/wp\/v2\/product_brand?post=211042"},{"taxonomy":"product_cat","embeddable":true,"href":"https:\/\/www.delicias-uk.com\/pt-pt\/wp-json\/wp\/v2\/product_cat?post=211042"},{"taxonomy":"product_tag","embeddable":true,"href":"https:\/\/www.delicias-uk.com\/pt-pt\/wp-json\/wp\/v2\/product_tag?post=211042"}],"curies":[{"name":"wp","href":"https:\/\/api.w.org\/{rel}","templated":true}]}}