{"id":211028,"date":"2017-11-01T15:39:17","date_gmt":"2017-11-01T15:39:17","guid":{"rendered":"https:\/\/www.delicias-uk.com\/product\/forma-para-pudim-1-unid-x-1-2\/"},"modified":"2025-10-21T12:11:13","modified_gmt":"2025-10-21T11:11:13","slug":"forma-para-pudim-1-unid-x-1-2","status":"publish","type":"product","link":"https:\/\/www.delicias-uk.com\/pt-pt\/produto\/forma-para-pudim-1-unid-x-1-2\/","title":{"rendered":"Forma Para Pudim Oliveira (Ref: 575)"},"content":{"rendered":"<p>Produto fabricado em alum\u00ednio polido, facilitando a limpeza. Pode ser utilizado em fog\u00f5es a g\u00e1s, el\u00e9tricos e cer\u00e2micos. Pode ser lavado na m\u00e1quina de lavar lou\u00e7a.<\/p>\n","protected":false},"excerpt":{"rendered":"<p>Produto fabricado em alum\u00ednio polido, facilitando a limpeza. Pode ser utilizado em fog\u00f5es a g\u00e1s, el\u00e9tricos e cer\u00e2micos. Pode ser lavado na m\u00e1quina de lavar lou\u00e7a.<\/p>\n","protected":false},"author":43533,"featured_media":83122,"comment_status":"open","ping_status":"closed","template":"","meta":[],"pwb-brand":[],"product_brand":[],"product_cat":[8289,8293,8425],"product_tag":[],"class_list":{"0":"post-211028","1":"product","2":"type-product","3":"status-publish","4":"has-post-thumbnail","6":"product_cat-inicio","7":"product_cat-produtos-brasileiros","8":"product_cat-utensilios-de-cozinha","10":"first","11":"instock","12":"taxable","13":"shipping-taxable","14":"purchasable","15":"product-type-simple"},"aioseo_notices":[],"brands":[],"_links":{"self":[{"href":"https:\/\/www.delicias-uk.com\/pt-pt\/wp-json\/wp\/v2\/product\/211028","targetHints":{"allow":["GET"]}}],"collection":[{"href":"https:\/\/www.delicias-uk.com\/pt-pt\/wp-json\/wp\/v2\/product"}],"about":[{"href":"https:\/\/www.delicias-uk.com\/pt-pt\/wp-json\/wp\/v2\/types\/product"}],"author":[{"embeddable":true,"href":"https:\/\/www.delicias-uk.com\/pt-pt\/wp-json\/wp\/v2\/users\/43533"}],"replies":[{"embeddable":true,"href":"https:\/\/www.delicias-uk.com\/pt-pt\/wp-json\/wp\/v2\/comments?post=211028"}],"wp:featuredmedia":[{"embeddable":true,"href":"https:\/\/www.delicias-uk.com\/pt-pt\/wp-json\/wp\/v2\/media\/83122"}],"wp:attachment":[{"href":"https:\/\/www.delicias-uk.com\/pt-pt\/wp-json\/wp\/v2\/media?parent=211028"}],"wp:term":[{"taxonomy":"pwb-brand","embeddable":true,"href":"https:\/\/www.delicias-uk.com\/pt-pt\/wp-json\/wp\/v2\/pwb-brand?post=211028"},{"taxonomy":"product_brand","embeddable":true,"href":"https:\/\/www.delicias-uk.com\/pt-pt\/wp-json\/wp\/v2\/product_brand?post=211028"},{"taxonomy":"product_cat","embeddable":true,"href":"https:\/\/www.delicias-uk.com\/pt-pt\/wp-json\/wp\/v2\/product_cat?post=211028"},{"taxonomy":"product_tag","embeddable":true,"href":"https:\/\/www.delicias-uk.com\/pt-pt\/wp-json\/wp\/v2\/product_tag?post=211028"}],"curies":[{"name":"wp","href":"https:\/\/api.w.org\/{rel}","templated":true}]}}